{"id":109,"date":"2024-03-26T10:12:44","date_gmt":"2024-03-26T10:12:44","guid":{"rendered":"http:\/\/peleaesthetics.com\/about-us\/"},"modified":"2025-09-13T09:19:38","modified_gmt":"2025-09-13T09:19:38","slug":"sobre-nos","status":"publish","type":"page","link":"https:\/\/peleaesthetics.com\/pt\/sobre-nos\/","title":{"rendered":"SOBRE N\u00d3S"},"content":{"rendered":"<div data-elementor-type=\"wp-page\" data-elementor-id=\"109\" class=\"elementor elementor-109\" data-elementor-post-type=\"page\">\n\t\t\t\t<div class=\"elementor-element elementor-element-4a907d72 e-flex e-con-boxed e-con e-parent\" data-id=\"4a907d72\" data-element_type=\"container\" data-e-type=\"container\" data-settings=\"{&quot;background_background&quot;:&quot;classic&quot;}\">\n\t\t\t\t\t<div class=\"e-con-inner\">\n\t\t<div class=\"elementor-element elementor-element-63654e64 e-con-full e-flex e-con e-child\" data-id=\"63654e64\" data-element_type=\"container\" data-e-type=\"container\">\n\t\t<div class=\"elementor-element elementor-element-14bef664 e-con-full e-flex e-con e-child\" data-id=\"14bef664\" data-element_type=\"container\" data-e-type=\"container\">\n\t\t\t\t<div class=\"elementor-element elementor-element-11a18fe6 elementor-widget elementor-widget-heading\" data-id=\"11a18fe6\" data-element_type=\"widget\" data-e-type=\"widget\" data-widget_type=\"heading.default\">\n\t\t\t\t<div class=\"elementor-widget-container\">\n\t\t\t\t\t<h1 class=\"elementor-heading-title elementor-size-default\">Sobre n\u00f3s<\/h1>\t\t\t\t<\/div>\n\t\t\t\t<\/div>\n\t\t\t\t<\/div>\n\t\t\t\t<\/div>\n\t\t\t\t\t<\/div>\n\t\t\t\t<\/div>\n\t\t<div class=\"elementor-element elementor-element-1793620e e-flex e-con-boxed e-con e-parent\" data-id=\"1793620e\" data-element_type=\"container\" data-e-type=\"container\">\n\t\t\t\t\t<div class=\"e-con-inner\">\n\t\t<div class=\"elementor-element elementor-element-16508771 e-con-full e-flex e-con e-child\" data-id=\"16508771\" data-element_type=\"container\" data-e-type=\"container\">\n\t\t\t\t<div class=\"elementor-element elementor-element-5d56fd90 elementor-widget elementor-widget-heading\" data-id=\"5d56fd90\" data-element_type=\"widget\" data-e-type=\"widget\" data-widget_type=\"heading.default\">\n\t\t\t\t<div class=\"elementor-widget-container\">\n\t\t\t\t\t<h2 class=\"elementor-heading-title elementor-size-default\">Nossa equipe<\/h2>\t\t\t\t<\/div>\n\t\t\t\t<\/div>\n\t\t\t\t<div class=\"elementor-element elementor-element-15cfef75 elementor-widget elementor-widget-text-editor\" data-id=\"15cfef75\" data-element_type=\"widget\" data-e-type=\"widget\" data-widget_type=\"text-editor.default\">\n\t\t\t\t<div class=\"elementor-widget-container\">\n\t\t\t\t\t\t\t\t\t<p>Somos profissionais de beleza apaixonados e altamente qualificados, dedicados a ajudar nossos clientes a se sentirem e se sentirem no seu melhor. Nossa miss\u00e3o \u00e9 oferecer servi\u00e7os est\u00e9ticos excepcionais que real\u00e7am a beleza natural e aumentem a confian\u00e7a.<\/p><p>Nossos servi\u00e7os atendem a diversas necessidades de beleza, desde tratamentos antienvelhecimento e rejuvenescimento da pele at\u00e9 depila\u00e7\u00e3o e contorno corporal. Utilizamos as mais recentes tecnologias e t\u00e9cnicas para oferecer resultados superiores com o m\u00ednimo de desconforto e tempo de recupera\u00e7\u00e3o.<\/p><p>Na Pele Aesthetics, sabemos que nossos clientes s\u00e3o mais do que apenas consumidores e valorizamos o relacionamento que constru\u00edmos com eles. Buscamos sempre criar um ambiente acolhedor e acolhedor, onde os clientes se sintam confort\u00e1veis e acolhidos. Nossa equipe tamb\u00e9m se dedica \u00e0 educa\u00e7\u00e3o e ao treinamento cont\u00ednuos. Manter-se atualizado sobre as \u00faltimas tend\u00eancias e avan\u00e7os do setor garante que sempre lhe ofere\u00e7amos o melhor servi\u00e7o e a melhor experi\u00eancia poss\u00edveis.<\/p><p>Agradecemos por considerar a Pele Aesthetics para suas necessidades de beleza. Estamos ansiosos para ajudar voc\u00ea a alcan\u00e7ar seus objetivos e se sentir no seu melhor, tanto por dentro quanto por fora.<\/p>\t\t\t\t\t\t\t\t<\/div>\n\t\t\t\t<\/div>\n\t\t\t\t<\/div>\n\t\t<div class=\"elementor-element elementor-element-14f426f4 e-con-full e-flex e-con e-child\" data-id=\"14f426f4\" data-element_type=\"container\" data-e-type=\"container\">\n\t\t\t\t<div class=\"elementor-element elementor-element-57f2a462 elementor-widget elementor-widget-image\" data-id=\"57f2a462\" data-element_type=\"widget\" data-e-type=\"widget\" data-widget_type=\"image.default\">\n\t\t\t\t<div class=\"elementor-widget-container\">\n\t\t\t\t\t\t\t\t\t\t\t\t\t\t\t<img fetchpriority=\"high\" decoding=\"async\" width=\"426\" height=\"487\" src=\"https:\/\/peleaesthetics.com\/wp-content\/uploads\/2024\/03\/spa.webp\" class=\"attachment-full size-full wp-image-110\" alt=\"\" \/>\t\t\t\t\t\t\t\t\t\t\t\t\t\t\t<\/div>\n\t\t\t\t<\/div>\n\t\t\t\t<\/div>\n\t\t\t\t\t<\/div>\n\t\t\t\t<\/div>\n\t\t<div class=\"elementor-element elementor-element-867663 e-flex e-con-boxed e-con e-parent\" data-id=\"867663\" data-element_type=\"container\" data-e-type=\"container\" data-settings=\"{&quot;background_background&quot;:&quot;classic&quot;}\">\n\t\t\t\t\t<div class=\"e-con-inner\">\n\t\t\t\t<div class=\"elementor-element elementor-element-4039f782 elementor-widget elementor-widget-heading\" data-id=\"4039f782\" data-element_type=\"widget\" data-e-type=\"widget\" data-widget_type=\"heading.default\">\n\t\t\t\t<div class=\"elementor-widget-container\">\n\t\t\t\t\t<h2 class=\"elementor-heading-title elementor-size-default\">CONHE\u00c7A NOSSA EQUIPE M\u00c9DICA!<\/h2>\t\t\t\t<\/div>\n\t\t\t\t<\/div>\n\t\t\t\t<div class=\"elementor-element elementor-element-3333a454 elementor-widget elementor-widget-heading\" data-id=\"3333a454\" data-element_type=\"widget\" data-e-type=\"widget\" data-widget_type=\"heading.default\">\n\t\t\t\t<div class=\"elementor-widget-container\">\n\t\t\t\t\t<h2 class=\"elementor-heading-title elementor-size-default\">Confira nossas biografias.<\/h2>\t\t\t\t<\/div>\n\t\t\t\t<\/div>\n\t\t\t\t<div class=\"elementor-element elementor-element-6d75f6c elementor-widget elementor-widget-lae-posts-carousel\" data-id=\"6d75f6c\" data-element_type=\"widget\" data-e-type=\"widget\" data-widget_type=\"lae-posts-carousel.default\">\n\t\t\t\t<div class=\"elementor-widget-container\">\n\t\t\t\t\t\n<div        id=\"lae-posts-carousel-69ea564a13394\"\n        class=\"lae-posts-carousel lae-container lae-custom-skin\"\n        data-settings='{&quot;arrows&quot;:true,&quot;dots&quot;:false,&quot;autoplay&quot;:true,&quot;autoplay_speed&quot;:3000,&quot;animation_speed&quot;:300,&quot;pause_on_hover&quot;:true,&quot;adaptive_height&quot;:false,&quot;display_columns&quot;:1,&quot;scroll_columns&quot;:1,&quot;gutter&quot;:10,&quot;tablet_width&quot;:800,&quot;tablet_display_columns&quot;:1,&quot;tablet_scroll_columns&quot;:1,&quot;tablet_gutter&quot;:10,&quot;mobile_width&quot;:480,&quot;mobile_display_columns&quot;:1,&quot;mobile_scroll_columns&quot;:1,&quot;mobile_gutter&quot;:10}'>\n<div data-id=\"id-1822\" class=\"lae-posts-carousel-item\">\n\n    <article id=\"post-1822\" class=\"post-1822 medical-team type-medical-team status-publish has-post-thumbnail hentry medical-team-md\">\n\n        \n            \t\t<div data-elementor-type=\"livemesh_item\" data-elementor-id=\"429\" class=\"elementor elementor-429 post-1822 medical-team type-medical-team status-publish has-post-thumbnail hentry medical-team-md\" data-elementor-post-type=\"elementor_library\">\n\t\t\t<div class=\"elementor-element elementor-element-deee616 e-flex e-con-boxed e-con e-parent\" data-id=\"deee616\" data-element_type=\"container\" data-e-type=\"container\">\n\t\t\t\t\t<div class=\"e-con-inner\">\n\t\t<div class=\"elementor-element elementor-element-c8f7879 e-con-full e-flex e-con e-child\" data-id=\"c8f7879\" data-element_type=\"container\" data-e-type=\"container\">\n\t\t<div class=\"elementor-element elementor-element-a6ac392 e-con-full e-flex e-con e-child\" data-id=\"a6ac392\" data-element_type=\"container\" data-e-type=\"container\">\n\t\t\t\t<div class=\"elementor-element elementor-element-0ea3744 elementor-widget elementor-widget-theme-post-title elementor-page-title elementor-widget-heading\" data-id=\"0ea3744\" data-element_type=\"widget\" data-e-type=\"widget\" data-widget_type=\"theme-post-title.default\">\n\t\t\t\t<div class=\"elementor-widget-container\">\n\t\t\t\t\t<h2 class=\"elementor-heading-title elementor-size-default\">Aly BSN-RN, Injetor<\/h2>\t\t\t\t<\/div>\n\t\t\t\t<\/div>\n\t\t\t\t<div class=\"elementor-element elementor-element-def1db5 elementor-widget elementor-widget-heading\" data-id=\"def1db5\" data-element_type=\"widget\" data-e-type=\"widget\" data-widget_type=\"heading.default\">\n\t\t\t\t<div class=\"elementor-widget-container\">\n\t\t\t\t\t<h2 class=\"elementor-heading-title elementor-size-default\">Enfermeira cosm\u00e9tica injetora registrada<\/h2>\t\t\t\t<\/div>\n\t\t\t\t<\/div>\n\t\t\t\t<div class=\"elementor-element elementor-element-f9bdfcf elementor-widget-divider--view-line elementor-widget elementor-widget-divider\" data-id=\"f9bdfcf\" data-element_type=\"widget\" data-e-type=\"widget\" data-widget_type=\"divider.default\">\n\t\t\t\t<div class=\"elementor-widget-container\">\n\t\t\t\t\t\t\t<div class=\"elementor-divider\">\n\t\t\t<span class=\"elementor-divider-separator\">\n\t\t\t\t\t\t<\/span>\n\t\t<\/div>\n\t\t\t\t\t\t<\/div>\n\t\t\t\t<\/div>\n\t\t\t\t<div class=\"elementor-element elementor-element-4f8310b elementor-widget elementor-widget-theme-post-content\" data-id=\"4f8310b\" data-element_type=\"widget\" data-e-type=\"widget\" data-widget_type=\"theme-post-content.default\">\n\t\t\t\t<div class=\"elementor-widget-container\">\n\t\t\t\t\t<p>Aly \u00e9 origin\u00e1ria do Brasil e obteve seu bacharelado em enfermagem na Chamberlain College of Nursing. Ela tamb\u00e9m foi certificada como Enfermeira Injetora de Cosm\u00e9ticos Registrada e Provedora Certificada Biote. Sua experi\u00eancia envolve trabalhar em cirurgia geral e em tempo parcial em est\u00e9tica. Aly est\u00e1 fazendo mestrado para se tornar uma enfermeira de fam\u00edlia e avan\u00e7ar em sua pr\u00e1tica e conhecimento em cuidados m\u00e9dicos e est\u00e9ticos.<\/p>\n<p>Ela \u00e9 altamente experiente em injet\u00e1veis e preenchimentos d\u00e9rmicos. Apaixonada por ajudar seus pacientes a atingir suas metas cosm\u00e9ticas e educ\u00e1-los sobre rejuvenescimento e manuten\u00e7\u00e3o de uma pele jovem e saud\u00e1vel. Aly oferece uma abordagem compassiva para se conectar com seus clientes e criar um relacionamento e um plano de tratamento de longo prazo. Ela gosta de se exercitar e viajar com sua fam\u00edlia em seu tempo livre.<\/p>\n\t\t\t\t<\/div>\n\t\t\t\t<\/div>\n\t\t\t\t<div class=\"elementor-element elementor-element-db32b07 elementor-widget elementor-widget-button\" data-id=\"db32b07\" data-element_type=\"widget\" data-e-type=\"widget\" data-widget_type=\"button.default\">\n\t\t\t\t<div class=\"elementor-widget-container\">\n\t\t\t\t\t\t\t\t\t<div class=\"elementor-button-wrapper\">\n\t\t\t\t\t<a class=\"elementor-button elementor-button-link elementor-size-sm\" href=\"https:\/\/peleaesthetics.com\/pt\/equipe-medica\/aly-bsn-rn-injetor\/\">\n\t\t\t\t\t\t<span class=\"elementor-button-content-wrapper\">\n\t\t\t\t\t\t\t\t\t<span class=\"elementor-button-text\">Mais sobre o Aly BSN-RN, Injetor<\/span>\n\t\t\t\t\t<\/span>\n\t\t\t\t\t<\/a>\n\t\t\t\t<\/div>\n\t\t\t\t\t\t\t\t<\/div>\n\t\t\t\t<\/div>\n\t\t\t\t<\/div>\n\t\t<div class=\"elementor-element elementor-element-e9b1faa e-con-full e-flex e-con e-child\" data-id=\"e9b1faa\" data-element_type=\"container\" data-e-type=\"container\">\n\t\t\t\t<div class=\"elementor-element elementor-element-53017a6 elementor-widget elementor-widget-theme-post-featured-image elementor-widget-image\" data-id=\"53017a6\" data-element_type=\"widget\" data-e-type=\"widget\" data-widget_type=\"theme-post-featured-image.default\">\n\t\t\t\t<div class=\"elementor-widget-container\">\n\t\t\t\t\t\t\t\t\t\t\t\t\t\t\t<img decoding=\"async\" width=\"500\" height=\"567\" src=\"https:\/\/peleaesthetics.com\/wp-content\/uploads\/2024\/02\/aly-carvalho-1.webp\" class=\"attachment-full size-full wp-image-143\" alt=\"\" \/>\t\t\t\t\t\t\t\t\t\t\t\t\t\t\t<\/div>\n\t\t\t\t<\/div>\n\t\t\t\t<\/div>\n\t\t\t\t<\/div>\n\t\t\t\t\t<\/div>\n\t\t\t\t<\/div>\n\t\t\t\t<\/div>\n\t\t\n        \n    <\/article><!-- .hentry -->\n\n<\/div><!-- .lae-posts-carousel-item -->\n<div data-id=\"id-140\" class=\"lae-posts-carousel-item\">\n\n    <article id=\"post-140\" class=\"post-140 medical-team type-medical-team status-publish has-post-thumbnail hentry medical-team-md\">\n\n        \n            \t\t<div data-elementor-type=\"livemesh_item\" data-elementor-id=\"429\" class=\"elementor elementor-429 post-140 medical-team type-medical-team status-publish has-post-thumbnail hentry medical-team-md\" data-elementor-post-type=\"elementor_library\">\n\t\t\t<div class=\"elementor-element elementor-element-deee616 e-flex e-con-boxed e-con e-parent\" data-id=\"deee616\" data-element_type=\"container\" data-e-type=\"container\">\n\t\t\t\t\t<div class=\"e-con-inner\">\n\t\t<div class=\"elementor-element elementor-element-c8f7879 e-con-full e-flex e-con e-child\" data-id=\"c8f7879\" data-element_type=\"container\" data-e-type=\"container\">\n\t\t<div class=\"elementor-element elementor-element-a6ac392 e-con-full e-flex e-con e-child\" data-id=\"a6ac392\" data-element_type=\"container\" data-e-type=\"container\">\n\t\t\t\t<div class=\"elementor-element elementor-element-0ea3744 elementor-widget elementor-widget-theme-post-title elementor-page-title elementor-widget-heading\" data-id=\"0ea3744\" data-element_type=\"widget\" data-e-type=\"widget\" data-widget_type=\"theme-post-title.default\">\n\t\t\t\t<div class=\"elementor-widget-container\">\n\t\t\t\t\t<h2 class=\"elementor-heading-title elementor-size-default\">DARYL Figa, M.D.<\/h2>\t\t\t\t<\/div>\n\t\t\t\t<\/div>\n\t\t\t\t<div class=\"elementor-element elementor-element-def1db5 elementor-widget elementor-widget-heading\" data-id=\"def1db5\" data-element_type=\"widget\" data-e-type=\"widget\" data-widget_type=\"heading.default\">\n\t\t\t\t<div class=\"elementor-widget-container\">\n\t\t\t\t\t<h2 class=\"elementor-heading-title elementor-size-default\">Diretor M\u00e9dico<\/h2>\t\t\t\t<\/div>\n\t\t\t\t<\/div>\n\t\t\t\t<div class=\"elementor-element elementor-element-f9bdfcf elementor-widget-divider--view-line elementor-widget elementor-widget-divider\" data-id=\"f9bdfcf\" data-element_type=\"widget\" data-e-type=\"widget\" data-widget_type=\"divider.default\">\n\t\t\t\t<div class=\"elementor-widget-container\">\n\t\t\t\t\t\t\t<div class=\"elementor-divider\">\n\t\t\t<span class=\"elementor-divider-separator\">\n\t\t\t\t\t\t<\/span>\n\t\t<\/div>\n\t\t\t\t\t\t<\/div>\n\t\t\t\t<\/div>\n\t\t\t\t<div class=\"elementor-element elementor-element-4f8310b elementor-widget elementor-widget-theme-post-content\" data-id=\"4f8310b\" data-element_type=\"widget\" data-e-type=\"widget\" data-widget_type=\"theme-post-content.default\">\n\t\t\t\t<div class=\"elementor-widget-container\">\n\t\t\t\t\t<p>O diretor m\u00e9dico da Pele Aesthetics, Dr. Daryl Figa, M.D., pratica medicina h\u00e1 mais de 20 anos. Combinando sua prestigiosa educa\u00e7\u00e3o com paix\u00e3o e experi\u00eancia em arte, o Dr. Figa pesquisou o campo est\u00e9tico para descobrir como poderia usar sua experi\u00eancia e olhar preciso para real\u00e7ar a beleza natural de seus pacientes. Na Pele Aesthetics, uma abordagem centrada no paciente \u00e9 seu principal objetivo. Ele visa priorizar a sa\u00fade e os objetivos est\u00e9ticos de cada paciente usando equipamentos e m\u00e9todos de \u00faltima gera\u00e7\u00e3o para atingir seus objetivos. O Dr. Figa \u00e9 altamente qualificado e certificado na administra\u00e7\u00e3o de injet\u00e1veis, incluindo neuromoduladores como BOTOX\u00ae e preenchimentos, como os produtos JUV\u00c9DERM\u00ae e Restylane\u00ae, e na realiza\u00e7\u00e3o de tratamentos est\u00e9ticos de plasma e laser. O Dr. Figa gosta de pintar, fazer caminhadas, tocar m\u00fasica, esquiar e andar de bicicleta em seu tempo livre.<\/p>\n\t\t\t\t<\/div>\n\t\t\t\t<\/div>\n\t\t\t\t<div class=\"elementor-element elementor-element-db32b07 elementor-widget elementor-widget-button\" data-id=\"db32b07\" data-element_type=\"widget\" data-e-type=\"widget\" data-widget_type=\"button.default\">\n\t\t\t\t<div class=\"elementor-widget-container\">\n\t\t\t\t\t\t\t\t\t<div class=\"elementor-button-wrapper\">\n\t\t\t\t\t<a class=\"elementor-button elementor-button-link elementor-size-sm\" href=\"https:\/\/peleaesthetics.com\/pt\/equipe-medica\/daryl-figa\/\">\n\t\t\t\t\t\t<span class=\"elementor-button-content-wrapper\">\n\t\t\t\t\t\t\t\t\t<span class=\"elementor-button-text\">Mais sobre DARYL Figa, M.D.<\/span>\n\t\t\t\t\t<\/span>\n\t\t\t\t\t<\/a>\n\t\t\t\t<\/div>\n\t\t\t\t\t\t\t\t<\/div>\n\t\t\t\t<\/div>\n\t\t\t\t<\/div>\n\t\t<div class=\"elementor-element elementor-element-e9b1faa e-con-full e-flex e-con e-child\" data-id=\"e9b1faa\" data-element_type=\"container\" data-e-type=\"container\">\n\t\t\t\t<div class=\"elementor-element elementor-element-53017a6 elementor-widget elementor-widget-theme-post-featured-image elementor-widget-image\" data-id=\"53017a6\" data-element_type=\"widget\" data-e-type=\"widget\" data-widget_type=\"theme-post-featured-image.default\">\n\t\t\t\t<div class=\"elementor-widget-container\">\n\t\t\t\t\t\t\t\t\t\t\t\t\t\t\t<img decoding=\"async\" width=\"500\" height=\"567\" src=\"https:\/\/peleaesthetics.com\/wp-content\/uploads\/2024\/03\/daryl-figa-hero.webp\" class=\"attachment-full size-full wp-image-1409\" alt=\"\" \/>\t\t\t\t\t\t\t\t\t\t\t\t\t\t\t<\/div>\n\t\t\t\t<\/div>\n\t\t\t\t<\/div>\n\t\t\t\t<\/div>\n\t\t\t\t\t<\/div>\n\t\t\t\t<\/div>\n\t\t\t\t<\/div>\n\t\t\n        \n    <\/article><!-- .hentry -->\n\n<\/div><!-- .lae-posts-carousel-item --><\/div><!-- .lae-posts-carousel -->\t\t\t\t<\/div>\n\t\t\t\t<\/div>\n\t\t\t\t\t<\/div>\n\t\t\t\t<\/div>\n\t\t\t\t<\/div>","protected":false},"excerpt":{"rendered":"<p>About Us Our team We are passionate and highly skilled beauty professionals dedicated to helping our clients look and feel their best. Our mission is to provide exceptional aesthetic services that enhance natural beauty and boost confidence. Our services address various beauty concerns from anti-aging treatments and skin rejuvenation, to hair removal and body contouring. [&hellip;]<\/p>\n","protected":false},"author":1,"featured_media":0,"parent":0,"menu_order":0,"comment_status":"closed","ping_status":"closed","template":"elementor_header_footer","meta":{"footnotes":""},"class_list":["post-109","page","type-page","status-publish","hentry"],"acf":[],"yoast_head":"<!-- This site is optimized with the Yoast SEO plugin v27.4 - https:\/\/yoast.com\/product\/yoast-seo-wordpress\/ -->\n<title>Medical Cosmetic Injector Team in Marietta, Atlanta | Pele Aesthetics<\/title>\n<meta name=\"description\" content=\"Meet the highly skilled medical team at Pele Aesthetics in Marietta. Dr. Figa and his team of cosmetic nurse injectors specialize in medical skin treatments north of Atlanta.\" \/>\n<meta name=\"robots\" content=\"index, follow, max-snippet:-1, max-image-preview:large, max-video-preview:-1\" \/>\n<link rel=\"canonical\" href=\"https:\/\/peleaesthetics.com\/pt\/sobre-nos\/\" \/>\n<meta property=\"og:locale\" content=\"pt_BR\" \/>\n<meta property=\"og:type\" content=\"article\" \/>\n<meta property=\"og:title\" content=\"Medical Cosmetic Injector Team in Marietta, Atlanta | Pele Aesthetics\" \/>\n<meta property=\"og:description\" content=\"Meet the highly skilled medical team at Pele Aesthetics in Marietta. Dr. Figa and his team of cosmetic nurse injectors specialize in medical skin treatments north of Atlanta.\" \/>\n<meta property=\"og:url\" content=\"https:\/\/peleaesthetics.com\/pt\/sobre-nos\/\" \/>\n<meta property=\"og:site_name\" content=\"peleaesthetics\" \/>\n<meta property=\"article:modified_time\" content=\"2025-09-13T09:19:38+00:00\" \/>\n<meta property=\"og:image\" content=\"https:\/\/peleaesthetics.com\/wp-content\/uploads\/2024\/03\/spa.webp\" \/>\n<meta name=\"twitter:card\" content=\"summary_large_image\" \/>\n<meta name=\"twitter:label1\" content=\"Est. tempo de leitura\" \/>\n\t<meta name=\"twitter:data1\" content=\"3 minutos\" \/>\n<!-- \/ Yoast SEO plugin. -->","yoast_head_json":{"title":"Equipe de Injetores Cosm\u00e9ticos em Marietta, Atlanta | Pele Aesthetics","description":"Conhe\u00e7a a equipe m\u00e9dica altamente qualificada da Pele Aesthetics em Marietta. O Dr. Figa e sua equipe de enfermeiras est\u00e9ticas s\u00e3o especialistas em tratamentos m\u00e9dicos para a pele ao norte de Atlanta.","robots":{"index":"index","follow":"follow","max-snippet":"max-snippet:-1","max-image-preview":"max-image-preview:large","max-video-preview":"max-video-preview:-1"},"canonical":"https:\/\/peleaesthetics.com\/pt\/sobre-nos\/","og_locale":"pt_BR","og_type":"article","og_title":"Medical Cosmetic Injector Team in Marietta, Atlanta | Pele Aesthetics","og_description":"Meet the highly skilled medical team at Pele Aesthetics in Marietta. Dr. Figa and his team of cosmetic nurse injectors specialize in medical skin treatments north of Atlanta.","og_url":"https:\/\/peleaesthetics.com\/pt\/sobre-nos\/","og_site_name":"peleaesthetics","article_modified_time":"2025-09-13T09:19:38+00:00","og_image":[{"url":"https:\/\/peleaesthetics.com\/wp-content\/uploads\/2024\/03\/spa.webp","type":"","width":"","height":""}],"twitter_card":"summary_large_image","twitter_misc":{"Est. tempo de leitura":"3 minutos"},"schema":{"@context":"https:\/\/schema.org","@graph":[{"@type":"WebPage","@id":"https:\/\/peleaesthetics.com\/about-us\/","url":"https:\/\/peleaesthetics.com\/about-us\/","name":"Equipe de Injetores Cosm\u00e9ticos em Marietta, Atlanta | Pele Aesthetics","isPartOf":{"@id":"https:\/\/peleaesthetics.com\/#website"},"primaryImageOfPage":{"@id":"https:\/\/peleaesthetics.com\/about-us\/#primaryimage"},"image":{"@id":"https:\/\/peleaesthetics.com\/about-us\/#primaryimage"},"thumbnailUrl":"https:\/\/peleaesthetics.com\/wp-content\/uploads\/2024\/03\/spa.webp","datePublished":"2024-03-26T10:12:44+00:00","dateModified":"2025-09-13T09:19:38+00:00","description":"Conhe\u00e7a a equipe m\u00e9dica altamente qualificada da Pele Aesthetics em Marietta. O Dr. Figa e sua equipe de enfermeiras est\u00e9ticas s\u00e3o especialistas em tratamentos m\u00e9dicos para a pele ao norte de Atlanta.","breadcrumb":{"@id":"https:\/\/peleaesthetics.com\/about-us\/#breadcrumb"},"inLanguage":"pt-BR","potentialAction":[{"@type":"ReadAction","target":["https:\/\/peleaesthetics.com\/about-us\/"]}]},{"@type":"ImageObject","inLanguage":"pt-BR","@id":"https:\/\/peleaesthetics.com\/about-us\/#primaryimage","url":"https:\/\/peleaesthetics.com\/wp-content\/uploads\/2024\/03\/spa.webp","contentUrl":"https:\/\/peleaesthetics.com\/wp-content\/uploads\/2024\/03\/spa.webp"},{"@type":"BreadcrumbList","@id":"https:\/\/peleaesthetics.com\/about-us\/#breadcrumb","itemListElement":[{"@type":"ListItem","position":1,"name":"Home","item":"https:\/\/peleaesthetics.com\/"},{"@type":"ListItem","position":2,"name":"ABOUT US"}]},{"@type":"WebSite","@id":"https:\/\/peleaesthetics.com\/#website","url":"https:\/\/peleaesthetics.com\/","name":"peleaesthetics","description":"","publisher":{"@id":"https:\/\/peleaesthetics.com\/#organization"},"potentialAction":[{"@type":"SearchAction","target":{"@type":"EntryPoint","urlTemplate":"https:\/\/peleaesthetics.com\/?s={search_term_string}"},"query-input":{"@type":"PropertyValueSpecification","valueRequired":true,"valueName":"search_term_string"}}],"inLanguage":"pt-BR"},{"@type":"Organization","@id":"https:\/\/peleaesthetics.com\/#organization","name":"peleaesthetics","url":"https:\/\/peleaesthetics.com\/","logo":{"@type":"ImageObject","inLanguage":"pt-BR","@id":"https:\/\/peleaesthetics.com\/#\/schema\/logo\/image\/","url":"https:\/\/peleaesthetics.com\/wp-content\/uploads\/2024\/03\/pele-aesthetics-logo.png","contentUrl":"https:\/\/peleaesthetics.com\/wp-content\/uploads\/2024\/03\/pele-aesthetics-logo.png","width":258,"height":53,"caption":"peleaesthetics"},"image":{"@id":"https:\/\/peleaesthetics.com\/#\/schema\/logo\/image\/"}}]}},"_links":{"self":[{"href":"https:\/\/peleaesthetics.com\/pt\/wp-json\/wp\/v2\/pages\/109","targetHints":{"allow":["GET"]}}],"collection":[{"href":"https:\/\/peleaesthetics.com\/pt\/wp-json\/wp\/v2\/pages"}],"about":[{"href":"https:\/\/peleaesthetics.com\/pt\/wp-json\/wp\/v2\/types\/page"}],"author":[{"embeddable":true,"href":"https:\/\/peleaesthetics.com\/pt\/wp-json\/wp\/v2\/users\/1"}],"replies":[{"embeddable":true,"href":"https:\/\/peleaesthetics.com\/pt\/wp-json\/wp\/v2\/comments?post=109"}],"version-history":[{"count":23,"href":"https:\/\/peleaesthetics.com\/pt\/wp-json\/wp\/v2\/pages\/109\/revisions"}],"predecessor-version":[{"id":1574,"href":"https:\/\/peleaesthetics.com\/pt\/wp-json\/wp\/v2\/pages\/109\/revisions\/1574"}],"wp:attachment":[{"href":"https:\/\/peleaesthetics.com\/pt\/wp-json\/wp\/v2\/media?parent=109"}],"curies":[{"name":"wp","href":"https:\/\/api.w.org\/{rel}","templated":true}]}}