{"id":1676,"date":"2025-09-16T07:44:29","date_gmt":"2025-09-16T07:44:29","guid":{"rendered":"https:\/\/peleaesthetics.com\/?page_id=1676"},"modified":"2026-02-12T10:24:16","modified_gmt":"2026-02-12T10:24:16","slug":"blog","status":"publish","type":"page","link":"https:\/\/peleaesthetics.com\/pt\/blog\/","title":{"rendered":"Blog"},"content":{"rendered":"<div data-elementor-type=\"wp-page\" data-elementor-id=\"1676\" class=\"elementor elementor-1676\" data-elementor-post-type=\"page\">\n\t\t\t\t<div class=\"elementor-element elementor-element-b9789ca e-flex e-con-boxed e-con e-parent\" data-id=\"b9789ca\" data-element_type=\"container\" data-e-type=\"container\" data-settings=\"{&quot;background_background&quot;:&quot;classic&quot;}\">\n\t\t\t\t\t<div class=\"e-con-inner\">\n\t\t<div class=\"elementor-element elementor-element-985df36 e-con-full e-flex e-con e-child\" data-id=\"985df36\" data-element_type=\"container\" data-e-type=\"container\">\n\t\t<div class=\"elementor-element elementor-element-719ffca e-con-full e-flex e-con e-child\" data-id=\"719ffca\" data-element_type=\"container\" data-e-type=\"container\">\n\t\t\t\t<div class=\"elementor-element elementor-element-ffae682 elementor-widget elementor-widget-heading\" data-id=\"ffae682\" data-element_type=\"widget\" data-e-type=\"widget\" data-widget_type=\"heading.default\">\n\t\t\t\t<div class=\"elementor-widget-container\">\n\t\t\t\t\t<h1 class=\"elementor-heading-title elementor-size-default\">Blog<\/h1>\t\t\t\t<\/div>\n\t\t\t\t<\/div>\n\t\t\t\t<\/div>\n\t\t\t\t<\/div>\n\t\t\t\t\t<\/div>\n\t\t\t\t<\/div>\n\t\t<div class=\"elementor-element elementor-element-eb14a4c e-flex e-con-boxed e-con e-parent\" data-id=\"eb14a4c\" data-element_type=\"container\" data-e-type=\"container\">\n\t\t\t\t\t<div class=\"e-con-inner\">\n\t\t\t\t<div class=\"elementor-element elementor-element-23f0012 elementor-posts--thumbnail-none elementor-grid-3 elementor-grid-tablet-2 elementor-grid-mobile-1 elementor-card-shadow-yes elementor-posts__hover-gradient elementor-widget elementor-widget-posts\" data-id=\"23f0012\" data-element_type=\"widget\" data-e-type=\"widget\" data-settings=\"{&quot;cards_columns&quot;:&quot;3&quot;,&quot;cards_columns_tablet&quot;:&quot;2&quot;,&quot;cards_columns_mobile&quot;:&quot;1&quot;,&quot;cards_row_gap&quot;:{&quot;unit&quot;:&quot;px&quot;,&quot;size&quot;:35,&quot;sizes&quot;:[]},&quot;cards_row_gap_tablet&quot;:{&quot;unit&quot;:&quot;px&quot;,&quot;size&quot;:&quot;&quot;,&quot;sizes&quot;:[]},&quot;cards_row_gap_mobile&quot;:{&quot;unit&quot;:&quot;px&quot;,&quot;size&quot;:&quot;&quot;,&quot;sizes&quot;:[]}}\" data-widget_type=\"posts.cards\">\n\t\t\t\t<div class=\"elementor-widget-container\">\n\t\t\t\t\t\t\t<div class=\"elementor-posts-container elementor-posts elementor-posts--skin-cards elementor-grid\" role=\"list\">\n\t\t\t\t<article class=\"elementor-post elementor-grid-item post-1851 post type-post status-publish format-standard hentry category-treatment\" role=\"listitem\">\n\t\t\t<div class=\"elementor-post__card\">\n\t\t\t\t<div class=\"elementor-post__text\">\n\t\t\t\t<h3 class=\"elementor-post__title\">\n\t\t\t<a href=\"https:\/\/peleaesthetics.com\/pt\/a-unica-sessao-de-peeling-quimico-em-atlanta-que-voce-precisa-experimentar-este-ano\/\" >\n\t\t\t\tO peeling qu\u00edmico de Atlanta de uma sess\u00e3o que voc\u00ea precisa experimentar este ano\t\t\t<\/a>\n\t\t<\/h3>\n\t\t\t\t<div class=\"elementor-post__excerpt\">\n\t\t\t<p>O peeling qu\u00edmico de Atlanta de uma sess\u00e3o que voc\u00ea precisa experimentar este ano Neste artigo, voc\u00ea aprender\u00e1: Os peelings qu\u00edmicos esfoliam a pele e estimulam o col\u00e1geno para uma<\/p>\n\t\t<\/div>\n\t\t\n\t\t<a class=\"elementor-post__read-more\" href=\"https:\/\/peleaesthetics.com\/pt\/a-unica-sessao-de-peeling-quimico-em-atlanta-que-voce-precisa-experimentar-este-ano\/\" aria-label=\"Leia mais sobre O peeling qu\u00edmico de Atlanta em uma \u00fanica sess\u00e3o que voc\u00ea precisa experimentar este ano\" tabindex=\"-1\" >\n\t\t\tLeia mais \"\t\t<\/a>\n\n\t\t\t\t<\/div>\n\t\t\t\t<div class=\"elementor-post__meta-data\">\n\t\t\t\t\t<span class=\"elementor-post-date\">\n\t\t\t12 de fevereiro de 2026\t\t<\/span>\n\t\t\t\t<\/div>\n\t\t\t\t\t<\/div>\n\t\t<\/article>\n\t\t\t\t<article class=\"elementor-post elementor-grid-item post-1724 post type-post status-publish format-standard hentry category-treatment\" role=\"listitem\">\n\t\t\t<div class=\"elementor-post__card\">\n\t\t\t\t<div class=\"elementor-post__text\">\n\t\t\t\t<h3 class=\"elementor-post__title\">\n\t\t\t<a href=\"https:\/\/peleaesthetics.com\/pt\/preenchimentos-faciais-em-atlanta-custos-tipicos-o-que-procurar-em-um-fornecedor\/\" >\n\t\t\t\tPreenchimentos faciais em Atlanta: Custos t\u00edpicos e o que procurar em um fornecedor\t\t\t<\/a>\n\t\t<\/h3>\n\t\t\t\t<div class=\"elementor-post__excerpt\">\n\t\t\t<p>Preenchimentos faciais em Atlanta: Custos t\u00edpicos e o que procurar em um provedor Preenchimentos faciais em Atlanta: Custos t\u00edpicos e o que procurar<\/p>\n\t\t<\/div>\n\t\t\n\t\t<a class=\"elementor-post__read-more\" href=\"https:\/\/peleaesthetics.com\/pt\/preenchimentos-faciais-em-atlanta-custos-tipicos-o-que-procurar-em-um-fornecedor\/\" aria-label=\"Leia mais sobre Preenchimentos faciais em Atlanta: Custos t\u00edpicos e o que procurar em um fornecedor\" tabindex=\"-1\" >\n\t\t\tLeia mais \"\t\t<\/a>\n\n\t\t\t\t<\/div>\n\t\t\t\t<div class=\"elementor-post__meta-data\">\n\t\t\t\t\t<span class=\"elementor-post-date\">\n\t\t\tdezembro 19, 2025\t\t<\/span>\n\t\t\t\t<\/div>\n\t\t\t\t\t<\/div>\n\t\t<\/article>\n\t\t\t\t<article class=\"elementor-post elementor-grid-item post-1700 post type-post status-publish format-standard hentry category-bhrt\" role=\"listitem\">\n\t\t\t<div class=\"elementor-post__card\">\n\t\t\t\t<div class=\"elementor-post__text\">\n\t\t\t\t<h3 class=\"elementor-post__title\">\n\t\t\t<a href=\"https:\/\/peleaesthetics.com\/pt\/terapia-de-reposicao-hormonal-bioidentica-bhrt-em-atlanta-preco-medio-o-que-procurar-em-um-fornecedor\/\" >\n\t\t\t\tTerapia de reposi\u00e7\u00e3o hormonal bioid\u00eantica (BHRT) em Atlanta: Pre\u00e7o m\u00e9dio e o que procurar em um provedor\t\t\t<\/a>\n\t\t<\/h3>\n\t\t\t\t<div class=\"elementor-post__excerpt\">\n\t\t\t<p>Terapia de reposi\u00e7\u00e3o hormonal bioid\u00eantica (BHRT) em Atlanta: Por que fazer terapia de reposi\u00e7\u00e3o hormonal? A terapia de reposi\u00e7\u00e3o hormonal \u00e9 um tratamento de f\u00e1cil acesso que pode ajudar a aliviar muitos problemas da menopausa.<\/p>\n\t\t<\/div>\n\t\t\n\t\t<a class=\"elementor-post__read-more\" href=\"https:\/\/peleaesthetics.com\/pt\/terapia-de-reposicao-hormonal-bioidentica-bhrt-em-atlanta-preco-medio-o-que-procurar-em-um-fornecedor\/\" aria-label=\"Leia mais sobre Terapia de reposi\u00e7\u00e3o hormonal bioid\u00eantica (BHRT) em Atlanta: Pre\u00e7o m\u00e9dio e o que procurar em um provedor\" tabindex=\"-1\" >\n\t\t\tLeia mais \"\t\t<\/a>\n\n\t\t\t\t<\/div>\n\t\t\t\t<div class=\"elementor-post__meta-data\">\n\t\t\t\t\t<span class=\"elementor-post-date\">\n\t\t\toutubro 11, 2025\t\t<\/span>\n\t\t\t\t<\/div>\n\t\t\t\t\t<\/div>\n\t\t<\/article>\n\t\t\t\t<article class=\"elementor-post elementor-grid-item post-1635 post type-post status-publish format-standard hentry category-treatment\" role=\"listitem\">\n\t\t\t<div class=\"elementor-post__card\">\n\t\t\t\t<div class=\"elementor-post__text\">\n\t\t\t\t<h3 class=\"elementor-post__title\">\n\t\t\t<a href=\"https:\/\/peleaesthetics.com\/pt\/botox-em-atlanta-preco-medio-o-que-procurar-em-um-fornecedor\/\" >\n\t\t\t\tBotox em Atlanta: Pre\u00e7o m\u00e9dio e o que procurar em um fornecedor\t\t\t<\/a>\n\t\t<\/h3>\n\t\t\t\t<div class=\"elementor-post__excerpt\">\n\t\t\t<p>Botox em Atlanta: Pre\u00e7o m\u00e9dio e o que procurar em um fornecedor O Botox se tornou um tratamento cosm\u00e9tico mais comum do que era h\u00e1 pouco tempo.<\/p>\n\t\t<\/div>\n\t\t\n\t\t<a class=\"elementor-post__read-more\" href=\"https:\/\/peleaesthetics.com\/pt\/botox-em-atlanta-preco-medio-o-que-procurar-em-um-fornecedor\/\" aria-label=\"Leia mais sobre Botox em Atlanta: Pre\u00e7o m\u00e9dio e o que procurar em um fornecedor\" tabindex=\"-1\" >\n\t\t\tLeia mais \"\t\t<\/a>\n\n\t\t\t\t<\/div>\n\t\t\t\t<div class=\"elementor-post__meta-data\">\n\t\t\t\t\t<span class=\"elementor-post-date\">\n\t\t\t16 de setembro de 2025\t\t<\/span>\n\t\t\t\t<\/div>\n\t\t\t\t\t<\/div>\n\t\t<\/article>\n\t\t\t\t<\/div>\n\t\t\n\t\t\t\t\t\t<\/div>\n\t\t\t\t<\/div>\n\t\t\t\t\t<\/div>\n\t\t\t\t<\/div>\n\t\t\t\t<\/div>","protected":false},"excerpt":{"rendered":"<p>Blog<\/p>","protected":false},"author":1,"featured_media":0,"parent":0,"menu_order":0,"comment_status":"closed","ping_status":"closed","template":"elementor_header_footer","meta":{"footnotes":""},"class_list":["post-1676","page","type-page","status-publish","hentry"],"acf":[],"yoast_head":"<!-- This site is optimized with the Yoast SEO plugin v27.4 - https:\/\/yoast.com\/product\/yoast-seo-wordpress\/ -->\n<title>Blog - peleaesthetics<\/title>\n<meta name=\"robots\" content=\"index, follow, max-snippet:-1, max-image-preview:large, max-video-preview:-1\" \/>\n<link rel=\"canonical\" href=\"http:\/\/peleaesthetics.com\/pt\/blog\/\" \/>\n<meta property=\"og:locale\" content=\"pt_BR\" \/>\n<meta property=\"og:type\" content=\"article\" \/>\n<meta property=\"og:title\" content=\"Blog - peleaesthetics\" \/>\n<meta property=\"og:description\" content=\"Blog\" \/>\n<meta property=\"og:url\" content=\"http:\/\/peleaesthetics.com\/pt\/blog\/\" \/>\n<meta property=\"og:site_name\" content=\"peleaesthetics\" \/>\n<meta property=\"article:modified_time\" content=\"2026-02-12T10:24:16+00:00\" \/>\n<meta name=\"twitter:card\" content=\"summary_large_image\" \/>\n<meta name=\"twitter:label1\" content=\"Est. tempo de leitura\" \/>\n\t<meta name=\"twitter:data1\" content=\"3 minutos\" \/>\n<!-- \/ Yoast SEO plugin. -->","yoast_head_json":{"title":"Blog - peleaesthetics","robots":{"index":"index","follow":"follow","max-snippet":"max-snippet:-1","max-image-preview":"max-image-preview:large","max-video-preview":"max-video-preview:-1"},"canonical":"http:\/\/peleaesthetics.com\/pt\/blog\/","og_locale":"pt_BR","og_type":"article","og_title":"Blog - peleaesthetics","og_description":"Blog","og_url":"http:\/\/peleaesthetics.com\/pt\/blog\/","og_site_name":"peleaesthetics","article_modified_time":"2026-02-12T10:24:16+00:00","twitter_card":"summary_large_image","twitter_misc":{"Est. tempo de leitura":"3 minutos"},"schema":{"@context":"https:\/\/schema.org","@graph":[{"@type":"WebPage","@id":"http:\/\/peleaesthetics.com\/blog\/","url":"http:\/\/peleaesthetics.com\/blog\/","name":"Blog - peleaesthetics","isPartOf":{"@id":"https:\/\/peleaesthetics.com\/#website"},"datePublished":"2025-09-16T07:44:29+00:00","dateModified":"2026-02-12T10:24:16+00:00","breadcrumb":{"@id":"http:\/\/peleaesthetics.com\/blog\/#breadcrumb"},"inLanguage":"pt-BR","potentialAction":[{"@type":"ReadAction","target":["http:\/\/peleaesthetics.com\/blog\/"]}]},{"@type":"BreadcrumbList","@id":"http:\/\/peleaesthetics.com\/blog\/#breadcrumb","itemListElement":[{"@type":"ListItem","position":1,"name":"Home","item":"https:\/\/peleaesthetics.com\/"},{"@type":"ListItem","position":2,"name":"Blog"}]},{"@type":"WebSite","@id":"https:\/\/peleaesthetics.com\/#website","url":"https:\/\/peleaesthetics.com\/","name":"peleaesthetics","description":"","publisher":{"@id":"https:\/\/peleaesthetics.com\/#organization"},"potentialAction":[{"@type":"SearchAction","target":{"@type":"EntryPoint","urlTemplate":"https:\/\/peleaesthetics.com\/?s={search_term_string}"},"query-input":{"@type":"PropertyValueSpecification","valueRequired":true,"valueName":"search_term_string"}}],"inLanguage":"pt-BR"},{"@type":"Organization","@id":"https:\/\/peleaesthetics.com\/#organization","name":"peleaesthetics","url":"https:\/\/peleaesthetics.com\/","logo":{"@type":"ImageObject","inLanguage":"pt-BR","@id":"https:\/\/peleaesthetics.com\/#\/schema\/logo\/image\/","url":"https:\/\/peleaesthetics.com\/wp-content\/uploads\/2024\/03\/pele-aesthetics-logo.png","contentUrl":"https:\/\/peleaesthetics.com\/wp-content\/uploads\/2024\/03\/pele-aesthetics-logo.png","width":258,"height":53,"caption":"peleaesthetics"},"image":{"@id":"https:\/\/peleaesthetics.com\/#\/schema\/logo\/image\/"}}]}},"_links":{"self":[{"href":"https:\/\/peleaesthetics.com\/pt\/wp-json\/wp\/v2\/pages\/1676","targetHints":{"allow":["GET"]}}],"collection":[{"href":"https:\/\/peleaesthetics.com\/pt\/wp-json\/wp\/v2\/pages"}],"about":[{"href":"https:\/\/peleaesthetics.com\/pt\/wp-json\/wp\/v2\/types\/page"}],"author":[{"embeddable":true,"href":"https:\/\/peleaesthetics.com\/pt\/wp-json\/wp\/v2\/users\/1"}],"replies":[{"embeddable":true,"href":"https:\/\/peleaesthetics.com\/pt\/wp-json\/wp\/v2\/comments?post=1676"}],"version-history":[{"count":13,"href":"https:\/\/peleaesthetics.com\/pt\/wp-json\/wp\/v2\/pages\/1676\/revisions"}],"predecessor-version":[{"id":1883,"href":"https:\/\/peleaesthetics.com\/pt\/wp-json\/wp\/v2\/pages\/1676\/revisions\/1883"}],"wp:attachment":[{"href":"https:\/\/peleaesthetics.com\/pt\/wp-json\/wp\/v2\/media?parent=1676"}],"curies":[{"name":"wp","href":"https:\/\/api.w.org\/{rel}","templated":true}]}}