{"id":1787,"date":"2026-02-04T10:12:12","date_gmt":"2026-02-04T10:12:12","guid":{"rendered":"https:\/\/peleaesthetics.com\/?page_id=1787"},"modified":"2026-02-05T10:10:38","modified_gmt":"2026-02-05T10:10:38","slug":"injecoes-para-perda-de-peso","status":"publish","type":"page","link":"https:\/\/peleaesthetics.com\/pt\/injecoes-para-perda-de-peso\/","title":{"rendered":"Inje\u00e7\u00f5es para perda de peso"},"content":{"rendered":"<div data-elementor-type=\"wp-page\" data-elementor-id=\"1787\" class=\"elementor elementor-1787\" data-elementor-post-type=\"page\">\n\t\t\t\t<div class=\"elementor-element elementor-element-9354e8f e-flex e-con-boxed e-con e-parent\" data-id=\"9354e8f\" data-element_type=\"container\" data-e-type=\"container\" data-settings=\"{&quot;background_background&quot;:&quot;classic&quot;}\">\n\t\t\t\t\t<div class=\"e-con-inner\">\n\t\t<div class=\"elementor-element elementor-element-8f1a343 e-con-full e-flex e-con e-child\" data-id=\"8f1a343\" data-element_type=\"container\" data-e-type=\"container\">\n\t\t<div class=\"elementor-element elementor-element-02d3ec2 e-con-full e-flex e-con e-child\" data-id=\"02d3ec2\" data-element_type=\"container\" data-e-type=\"container\">\n\t\t\t\t<div class=\"elementor-element elementor-element-b61faf6 elementor-widget elementor-widget-heading\" data-id=\"b61faf6\" data-element_type=\"widget\" data-e-type=\"widget\" data-widget_type=\"heading.default\">\n\t\t\t\t<div class=\"elementor-widget-container\">\n\t\t\t\t\t<h1 class=\"elementor-heading-title elementor-size-default\">Inje\u00e7\u00f5es para perda de peso<\/h1>\t\t\t\t<\/div>\n\t\t\t\t<\/div>\n\t\t\t\t<\/div>\n\t\t\t\t<\/div>\n\t\t\t\t\t<\/div>\n\t\t\t\t<\/div>\n\t\t<div class=\"elementor-element elementor-element-52ae607 e-flex e-con-boxed e-con e-parent\" data-id=\"52ae607\" data-element_type=\"container\" data-e-type=\"container\" data-settings=\"{&quot;background_background&quot;:&quot;classic&quot;}\">\n\t\t\t\t\t<div class=\"e-con-inner\">\n\t\t<div class=\"elementor-element elementor-element-a4e1d4f e-con-full e-flex e-con e-child\" data-id=\"a4e1d4f\" data-element_type=\"container\" data-e-type=\"container\">\n\t\t<div class=\"elementor-element elementor-element-fc611b1 e-con-full e-flex e-con e-child\" data-id=\"fc611b1\" data-element_type=\"container\" data-e-type=\"container\">\n\t\t\t\t<div class=\"elementor-element elementor-element-1a013a6 elementor-widget elementor-widget-image\" data-id=\"1a013a6\" data-element_type=\"widget\" data-e-type=\"widget\" data-widget_type=\"image.default\">\n\t\t\t\t<div class=\"elementor-widget-container\">\n\t\t\t\t\t\t\t\t\t\t\t\t\t\t\t<img fetchpriority=\"high\" decoding=\"async\" width=\"943\" height=\"694\" src=\"https:\/\/peleaesthetics.com\/wp-content\/uploads\/2026\/02\/pele-weight-loss.webp\" class=\"attachment-full size-full wp-image-1840\" alt=\"\" \/>\t\t\t\t\t\t\t\t\t\t\t\t\t\t\t<\/div>\n\t\t\t\t<\/div>\n\t\t\t\t<\/div>\n\t\t<div class=\"elementor-element elementor-element-6162398 e-con-full e-flex e-con e-child\" data-id=\"6162398\" data-element_type=\"container\" data-e-type=\"container\">\n\t\t\t\t<div class=\"elementor-element elementor-element-375781a elementor-widget elementor-widget-heading\" data-id=\"375781a\" data-element_type=\"widget\" data-e-type=\"widget\" data-widget_type=\"heading.default\">\n\t\t\t\t<div class=\"elementor-widget-container\">\n\t\t\t\t\t<h2 class=\"elementor-heading-title elementor-size-default\">Inje\u00e7\u00f5es para perda de peso em Marietta, Ge\u00f3rgia<\/h2>\t\t\t\t<\/div>\n\t\t\t\t<\/div>\n\t\t\t\t<div class=\"elementor-element elementor-element-4dd0bad elementor-widget elementor-widget-text-editor\" data-id=\"4dd0bad\" data-element_type=\"widget\" data-e-type=\"widget\" data-widget_type=\"text-editor.default\">\n\t\t\t\t<div class=\"elementor-widget-container\">\n\t\t\t\t\t\t\t\t\t<p>As inje\u00e7\u00f5es para perda de peso podem ajudar as pessoas a perderem quilos como parte de um programa geral de perda de peso. Algumas pessoas relatam que nossos tratamentos s\u00e3o o ingrediente que faltava e que elas estavam procurando, pois talvez j\u00e1 estivessem tentando comer direito e se exercitar mais, mas os resultados n\u00e3o estavam acontecendo. Em conjunto, uma dieta saud\u00e1vel, mais atividade f\u00edsica e inje\u00e7\u00f5es para perda de peso podem ajudar muitas pessoas que n\u00e3o conseguiam perder peso antes.<\/p><p>Aqui, n\u00f3s lhe diremos o que esperar do tratamento com inje\u00e7\u00e3o para perda de peso. Em seguida, voc\u00ea poder\u00e1 agendar uma consulta personalizada <a href=\"https:\/\/peleaesthetics.com\/pt\/faca-nos-uma-pergunta\/\">consulta com a Pele Aesthetics<\/a> para saber mais. Somos um spa m\u00e9dico localizado ao norte de Atlanta, em Marietta, GA.<\/p>\t\t\t\t\t\t\t\t<\/div>\n\t\t\t\t<\/div>\n\t\t\t\t<\/div>\n\t\t\t\t<\/div>\n\t\t<div class=\"elementor-element elementor-element-496d602 e-con-full e-flex e-con e-child\" data-id=\"496d602\" data-element_type=\"container\" data-e-type=\"container\" data-settings=\"{&quot;background_background&quot;:&quot;classic&quot;}\">\n\t\t\t\t<div class=\"elementor-element elementor-element-5198655 elementor-widget elementor-widget-heading\" data-id=\"5198655\" data-element_type=\"widget\" data-e-type=\"widget\" data-widget_type=\"heading.default\">\n\t\t\t\t<div class=\"elementor-widget-container\">\n\t\t\t\t\t<h4 class=\"elementor-heading-title elementor-size-default\">O que eu preciso saber sobre os tratamentos com inje\u00e7\u00f5es para perda de peso?<\/h4>\t\t\t\t<\/div>\n\t\t\t\t<\/div>\n\t\t\t\t<div class=\"elementor-element elementor-element-9f1b1fd elementor-widget elementor-widget-text-editor\" data-id=\"9f1b1fd\" data-element_type=\"widget\" data-e-type=\"widget\" data-widget_type=\"text-editor.default\">\n\t\t\t\t<div class=\"elementor-widget-container\">\n\t\t\t\t\t\t\t\t\t<p>Nossos tratamentos de inje\u00e7\u00e3o para perda de peso t\u00eam como alvo as vias que controlam a fome e o metabolismo energ\u00e9tico. Eles estimulam a libera\u00e7\u00e3o de insulina, o que ajuda a controlar os n\u00edveis de a\u00e7\u00facar no sangue e faz com que voc\u00ea se sinta mais saciado. Eles tamb\u00e9m retardam o esvaziamento do est\u00f4mago, o que faz com que voc\u00ea se sinta saciado por mais tempo ap\u00f3s uma refei\u00e7\u00e3o. Foi demonstrado que nossos tratamentos reduzem a fome e os desejos por comida, atuando em partes do c\u00e9rebro que controlam os sinais de fome e saciedade. Muitas pessoas que experimentaram esses tratamentos e atualizaram seu estilo de vida com dietas de baixa caloria e aumento de exerc\u00edcios f\u00edsicos conseguiram perder peso e mant\u00ea-lo.<\/p>\t\t\t\t\t\t\t\t<\/div>\n\t\t\t\t<\/div>\n\t\t\t\t<div class=\"elementor-element elementor-element-5d4563e elementor-widget elementor-widget-heading\" data-id=\"5d4563e\" data-element_type=\"widget\" data-e-type=\"widget\" data-widget_type=\"heading.default\">\n\t\t\t\t<div class=\"elementor-widget-container\">\n\t\t\t\t\t<h4 class=\"elementor-heading-title elementor-size-default\">Como eles funcionam?<\/h4>\t\t\t\t<\/div>\n\t\t\t\t<\/div>\n\t\t\t\t<div class=\"elementor-element elementor-element-2a7da6b elementor-widget elementor-widget-text-editor\" data-id=\"2a7da6b\" data-element_type=\"widget\" data-e-type=\"widget\" data-widget_type=\"text-editor.default\">\n\t\t\t\t<div class=\"elementor-widget-container\">\n\t\t\t\t\t\t\t\t\t<p>Nossos tratamentos s\u00e3o administrados como uma inje\u00e7\u00e3o semanal no que \u00e9 chamado de cronograma de tratamento de dosagem escalonada ou em fases. Gra\u00e7as \u00e0 sua capacidade de desacelerar o processo digestivo e fazer com que o paciente se sinta saciado com menos comida, nossos tratamentos podem fazer parte de um programa abrangente de controle de peso que incluir\u00e1 monitoramento rigoroso por nossa equipe m\u00e9dica, para que voc\u00ea tenha a melhor oportunidade de perder peso e manter o peso desejado.<\/p>\t\t\t\t\t\t\t\t<\/div>\n\t\t\t\t<\/div>\n\t\t\t\t<div class=\"elementor-element elementor-element-8d94a00 elementor-widget elementor-widget-heading\" data-id=\"8d94a00\" data-element_type=\"widget\" data-e-type=\"widget\" data-widget_type=\"heading.default\">\n\t\t\t\t<div class=\"elementor-widget-container\">\n\t\t\t\t\t<h4 class=\"elementor-heading-title elementor-size-default\">Sou um bom candidato para tratamentos de inje\u00e7\u00e3o para perda de peso?<\/h4>\t\t\t\t<\/div>\n\t\t\t\t<\/div>\n\t\t\t\t<div class=\"elementor-element elementor-element-50dd0ad elementor-widget elementor-widget-text-editor\" data-id=\"50dd0ad\" data-element_type=\"widget\" data-e-type=\"widget\" data-widget_type=\"text-editor.default\">\n\t\t\t\t<div class=\"elementor-widget-container\">\n\t\t\t\t\t\t\t\t\t<p>Nossos profissionais m\u00e9dicos de perda de peso da Pele Aesthetics em Marietta, GA, analisar\u00e3o os benef\u00edcios de nossos tratamentos com voc\u00ea. Esses tratamentos s\u00e3o normalmente aprovados para uso em adultos com problemas de peso ou problemas de perda de peso e um ou mais problemas de sa\u00fade.<\/p>\t\t\t\t\t\t\t\t<\/div>\n\t\t\t\t<\/div>\n\t\t\t\t<div class=\"elementor-element elementor-element-b4bd67e elementor-widget elementor-widget-heading\" data-id=\"b4bd67e\" data-element_type=\"widget\" data-e-type=\"widget\" data-widget_type=\"heading.default\">\n\t\t\t\t<div class=\"elementor-widget-container\">\n\t\t\t\t\t<h4 class=\"elementor-heading-title elementor-size-default\">Quanto peso vou perder?<\/h4>\t\t\t\t<\/div>\n\t\t\t\t<\/div>\n\t\t\t\t<div class=\"elementor-element elementor-element-9413806 elementor-widget elementor-widget-text-editor\" data-id=\"9413806\" data-element_type=\"widget\" data-e-type=\"widget\" data-widget_type=\"text-editor.default\">\n\t\t\t\t<div class=\"elementor-widget-container\">\n\t\t\t\t\t\t\t\t\t<p>Voc\u00ea pode perder potencialmente entre 6-10% do seu peso corporal. A maioria dos pacientes perde 8 libras em seu primeiro m\u00eas de tratamento.<\/p>\t\t\t\t\t\t\t\t<\/div>\n\t\t\t\t<\/div>\n\t\t\t\t<div class=\"elementor-element elementor-element-a816996 elementor-widget elementor-widget-heading\" data-id=\"a816996\" data-element_type=\"widget\" data-e-type=\"widget\" data-widget_type=\"heading.default\">\n\t\t\t\t<div class=\"elementor-widget-container\">\n\t\t\t\t\t<h4 class=\"elementor-heading-title elementor-size-default\">O que acontece durante o curso do tratamento?<\/h4>\t\t\t\t<\/div>\n\t\t\t\t<\/div>\n\t\t\t\t<div class=\"elementor-element elementor-element-430568a elementor-widget elementor-widget-text-editor\" data-id=\"430568a\" data-element_type=\"widget\" data-e-type=\"widget\" data-widget_type=\"text-editor.default\">\n\t\t\t\t<div class=\"elementor-widget-container\">\n\t\t\t\t\t\t\t\t\t<p>Voc\u00ea aumentar\u00e1 lentamente at\u00e9 atingir a dose-alvo, momento em que ver\u00e1 a maior perda de peso. \u00c9 essencial lembrar que a perda de peso pode levar tempo, e voc\u00ea ver\u00e1 os melhores resultados quando combinar esse tratamento com uma dieta saud\u00e1vel e exerc\u00edcios.<\/p><p>Se achar que a medica\u00e7\u00e3o n\u00e3o est\u00e1 funcionando para voc\u00ea ou que n\u00e3o conseguir\u00e1 tolerar a dose total devido aos efeitos colaterais, seu m\u00e9dico fornecer\u00e1 op\u00e7\u00f5es adicionais ou alterar\u00e1 o protocolo para atender melhor \u00e0s suas necessidades individuais.<\/p>\t\t\t\t\t\t\t\t<\/div>\n\t\t\t\t<\/div>\n\t\t\t\t<div class=\"elementor-element elementor-element-333205e elementor-widget elementor-widget-heading\" data-id=\"333205e\" data-element_type=\"widget\" data-e-type=\"widget\" data-widget_type=\"heading.default\">\n\t\t\t\t<div class=\"elementor-widget-container\">\n\t\t\t\t\t<h4 class=\"elementor-heading-title elementor-size-default\">O que acontece quando eu interrompo os tratamentos com inje\u00e7\u00e3o para perda de peso?<\/h4>\t\t\t\t<\/div>\n\t\t\t\t<\/div>\n\t\t\t\t<div class=\"elementor-element elementor-element-ff80dc1 elementor-widget elementor-widget-text-editor\" data-id=\"ff80dc1\" data-element_type=\"widget\" data-e-type=\"widget\" data-widget_type=\"text-editor.default\">\n\t\t\t\t<div class=\"elementor-widget-container\">\n\t\t\t\t\t\t\t\t\t<p>Recomendamos que, durante o uso de nossos tratamentos com inje\u00e7\u00f5es para perda de peso, voc\u00ea comece a se exercitar e a se alimentar de forma saud\u00e1vel para que, quando chegar o momento de suspender a medica\u00e7\u00e3o, voc\u00ea mantenha h\u00e1bitos saud\u00e1veis para manter seu peso ideal.<\/p>\t\t\t\t\t\t\t\t<\/div>\n\t\t\t\t<\/div>\n\t\t\t\t<div class=\"elementor-element elementor-element-a72d95a elementor-widget elementor-widget-heading\" data-id=\"a72d95a\" data-element_type=\"widget\" data-e-type=\"widget\" data-widget_type=\"heading.default\">\n\t\t\t\t<div class=\"elementor-widget-container\">\n\t\t\t\t\t<h4 class=\"elementor-heading-title elementor-size-default\">Uma maneira r\u00e1pida de perder peso<\/h4>\t\t\t\t<\/div>\n\t\t\t\t<\/div>\n\t\t\t\t<div class=\"elementor-element elementor-element-d00150d elementor-widget elementor-widget-text-editor\" data-id=\"d00150d\" data-element_type=\"widget\" data-e-type=\"widget\" data-widget_type=\"text-editor.default\">\n\t\t\t\t<div class=\"elementor-widget-container\">\n\t\t\t\t\t\t\t\t\t<p>Nossos tratamentos com inje\u00e7\u00f5es para perda de peso ajudam a minimizar os desejos e a fome, reduzindo o apetite e tornando a digest\u00e3o mais lenta. A medica\u00e7\u00e3o possibilita a ades\u00e3o a uma dieta de baixa caloria. Ap\u00f3s semanas ou meses de uso das inje\u00e7\u00f5es, voc\u00ea notar\u00e1 uma perda de peso gradual.<\/p>\t\t\t\t\t\t\t\t<\/div>\n\t\t\t\t<\/div>\n\t\t\t\t<div class=\"elementor-element elementor-element-a965229 elementor-widget elementor-widget-heading\" data-id=\"a965229\" data-element_type=\"widget\" data-e-type=\"widget\" data-widget_type=\"heading.default\">\n\t\t\t\t<div class=\"elementor-widget-container\">\n\t\t\t\t\t<h4 class=\"elementor-heading-title elementor-size-default\">Melhore sua sa\u00fade metab\u00f3lica<\/h4>\t\t\t\t<\/div>\n\t\t\t\t<\/div>\n\t\t\t\t<div class=\"elementor-element elementor-element-1b8f19d elementor-widget elementor-widget-text-editor\" data-id=\"1b8f19d\" data-element_type=\"widget\" data-e-type=\"widget\" data-widget_type=\"text-editor.default\">\n\t\t\t\t<div class=\"elementor-widget-container\">\n\t\t\t\t\t\t\t\t\t<p>As inje\u00e7\u00f5es ajudam a minimizar a gordura corporal, eliminando a gordura abdominal e aumentando a massa corporal magra. Nosso medicamento para perda de peso aumenta o metabolismo de forma eficiente e garante que voc\u00ea queime calorias mais rapidamente. Em longo prazo, voc\u00ea conseguir\u00e1 perder peso de forma saud\u00e1vel.<\/p>\t\t\t\t\t\t\t\t<\/div>\n\t\t\t\t<\/div>\n\t\t\t\t<div class=\"elementor-element elementor-element-196c483 elementor-widget elementor-widget-heading\" data-id=\"196c483\" data-element_type=\"widget\" data-e-type=\"widget\" data-widget_type=\"heading.default\">\n\t\t\t\t<div class=\"elementor-widget-container\">\n\t\t\t\t\t<h4 class=\"elementor-heading-title elementor-size-default\">Inje\u00e7\u00f5es bem toleradas<\/h4>\t\t\t\t<\/div>\n\t\t\t\t<\/div>\n\t\t\t\t<div class=\"elementor-element elementor-element-2c1e0e3 elementor-widget elementor-widget-text-editor\" data-id=\"2c1e0e3\" data-element_type=\"widget\" data-e-type=\"widget\" data-widget_type=\"text-editor.default\">\n\t\t\t\t<div class=\"elementor-widget-container\">\n\t\t\t\t\t\t\t\t\t<p>Nossas inje\u00e7\u00f5es para perda de peso s\u00e3o bem toleradas e seguras para a maioria dos pacientes. Elas s\u00e3o um tratamento eficaz que ajuda a promover a perda de peso e a evitar a recupera\u00e7\u00e3o do peso. Elas tamb\u00e9m ajudam a evitar potencialmente os efeitos de doen\u00e7as cr\u00f4nicas, como obesidade, colesterol alto, doen\u00e7as card\u00edacas, press\u00e3o alta, diabetes e veias varicosas.<\/p>\t\t\t\t\t\t\t\t<\/div>\n\t\t\t\t<\/div>\n\t\t\t\t<div class=\"elementor-element elementor-element-7a580ff elementor-widget elementor-widget-heading\" data-id=\"7a580ff\" data-element_type=\"widget\" data-e-type=\"widget\" data-widget_type=\"heading.default\">\n\t\t\t\t<div class=\"elementor-widget-container\">\n\t\t\t\t\t<h4 class=\"elementor-heading-title elementor-size-default\">Consulta inicial<\/h4>\t\t\t\t<\/div>\n\t\t\t\t<\/div>\n\t\t\t\t<div class=\"elementor-element elementor-element-f2b795e elementor-widget elementor-widget-text-editor\" data-id=\"f2b795e\" data-element_type=\"widget\" data-e-type=\"widget\" data-widget_type=\"text-editor.default\">\n\t\t\t\t<div class=\"elementor-widget-container\">\n\t\t\t\t\t\t\t\t\t<p>Seu tratamento ser\u00e1 personalizado de acordo com suas necessidades. Nossa enfermeira solicitar\u00e1 seu hist\u00f3rico m\u00e9dico completo e seus resultados laboratoriais mais recentes para compartilhar com nosso m\u00e9dico; ap\u00f3s a an\u00e1lise, solicitaremos a medica\u00e7\u00e3o. Se voc\u00ea n\u00e3o tiver um resultado de laborat\u00f3rio recente (nos \u00faltimos seis meses a um ano), podemos encaminh\u00e1-lo ao laborat\u00f3rio de diagn\u00f3stico Quest mais pr\u00f3ximo de voc\u00ea.<\/p>\t\t\t\t\t\t\t\t<\/div>\n\t\t\t\t<\/div>\n\t\t\t\t<div class=\"elementor-element elementor-element-e4c3999 elementor-widget elementor-widget-heading\" data-id=\"e4c3999\" data-element_type=\"widget\" data-e-type=\"widget\" data-widget_type=\"heading.default\">\n\t\t\t\t<div class=\"elementor-widget-container\">\n\t\t\t\t\t<h4 class=\"elementor-heading-title elementor-size-default\">Quais s\u00e3o os custos do tratamento?<\/h4>\t\t\t\t<\/div>\n\t\t\t\t<\/div>\n\t\t\t\t<div class=\"elementor-element elementor-element-d7a22ff elementor-widget elementor-widget-text-editor\" data-id=\"d7a22ff\" data-element_type=\"widget\" data-e-type=\"widget\" data-widget_type=\"text-editor.default\">\n\t\t\t\t<div class=\"elementor-widget-container\">\n\t\t\t\t\t\t\t\t\t<p>N\u00f3s combinaremos isso com voc\u00ea na consulta; geralmente, s\u00e3o v\u00e1rias centenas de d\u00f3lares no primeiro m\u00eas. O pre\u00e7o aumenta ap\u00f3s dois meses devido ao aumento da dosagem do medicamento.<\/p>\t\t\t\t\t\t\t\t<\/div>\n\t\t\t\t<\/div>\n\t\t\t\t<div class=\"elementor-element elementor-element-6b5d51b elementor-widget elementor-widget-heading\" data-id=\"6b5d51b\" data-element_type=\"widget\" data-e-type=\"widget\" data-widget_type=\"heading.default\">\n\t\t\t\t<div class=\"elementor-widget-container\">\n\t\t\t\t\t<h4 class=\"elementor-heading-title elementor-size-default\">Efeitos duradouros<\/h4>\t\t\t\t<\/div>\n\t\t\t\t<\/div>\n\t\t\t\t<div class=\"elementor-element elementor-element-4cbb655 elementor-widget elementor-widget-text-editor\" data-id=\"4cbb655\" data-element_type=\"widget\" data-e-type=\"widget\" data-widget_type=\"text-editor.default\">\n\t\t\t\t<div class=\"elementor-widget-container\">\n\t\t\t\t\t\t\t\t\t<p>O medicamento \u00e9 injetado por via subcut\u00e2nea e tem efeitos de longo prazo. Nossos especialistas analisam sua jornada de controle de peso e aumentam as doses conforme necess\u00e1rio.<\/p>\t\t\t\t\t\t\t\t<\/div>\n\t\t\t\t<\/div>\n\t\t\t\t<div class=\"elementor-element elementor-element-1c52c70 elementor-widget elementor-widget-heading\" data-id=\"1c52c70\" data-element_type=\"widget\" data-e-type=\"widget\" data-widget_type=\"heading.default\">\n\t\t\t\t<div class=\"elementor-widget-container\">\n\t\t\t\t\t<h4 class=\"elementor-heading-title elementor-size-default\">Alcance suas metas com nossos tratamentos de inje\u00e7\u00e3o para perda de peso em Marietta, GA<\/h4>\t\t\t\t<\/div>\n\t\t\t\t<\/div>\n\t\t\t\t<div class=\"elementor-element elementor-element-b27085a elementor-widget elementor-widget-text-editor\" data-id=\"b27085a\" data-element_type=\"widget\" data-e-type=\"widget\" data-widget_type=\"text-editor.default\">\n\t\t\t\t<div class=\"elementor-widget-container\">\n\t\t\t\t\t\t\t\t\t<p>Voc\u00ea pode ter tentado muitas outras maneiras de perder peso e n\u00e3o conseguiu. Pode ser dif\u00edcil fazer isso por conta pr\u00f3pria. Podemos apresentar a voc\u00ea o que nossos tratamentos de inje\u00e7\u00e3o para perda de peso podem fazer por voc\u00ea. Ao combinar nossos tratamentos com uma dieta sensata e exerc\u00edcios regulares, voc\u00ea tem a oportunidade de perder peso e mant\u00ea-lo.<\/p><p>Assuma um compromisso consigo mesmo. <a href=\"https:\/\/peleaesthetics.com\/pt\/faca-nos-uma-pergunta\/\">Entre em contato com a Pele Aesthetics<\/a> hoje para uma consulta e para saber mais sobre nossos tratamentos de perda de peso.<\/p>\t\t\t\t\t\t\t\t<\/div>\n\t\t\t\t<\/div>\n\t\t\t\t<\/div>\n\t\t\t\t\t<\/div>\n\t\t\t\t<\/div>\n\t\t\t\t<\/div>","protected":false},"excerpt":{"rendered":"<p>Weight Loss Injections in Marietta, Georgia Weight loss injections can help people shed pounds as part of an overall weight loss program. Some people report that our treatments are the missing ingredient that they\u2019ve been looking for, as they may have already been trying to eat right and exercise more, but results weren\u2019t happening for [&hellip;]<\/p>\n","protected":false},"author":1,"featured_media":0,"parent":0,"menu_order":0,"comment_status":"closed","ping_status":"closed","template":"elementor_header_footer","meta":{"footnotes":""},"class_list":["post-1787","page","type-page","status-publish","hentry"],"acf":[],"yoast_head":"<!-- This site is optimized with the Yoast SEO plugin v27.4 - https:\/\/yoast.com\/product\/yoast-seo-wordpress\/ -->\n<title>Weight Loss Injections - peleaesthetics<\/title>\n<meta name=\"robots\" content=\"index, follow, max-snippet:-1, max-image-preview:large, max-video-preview:-1\" \/>\n<link rel=\"canonical\" href=\"https:\/\/peleaesthetics.com\/pt\/injecoes-para-perda-de-peso\/\" \/>\n<meta property=\"og:locale\" content=\"pt_BR\" \/>\n<meta property=\"og:type\" content=\"article\" \/>\n<meta property=\"og:title\" content=\"Weight Loss Injections - peleaesthetics\" \/>\n<meta property=\"og:description\" content=\"Weight Loss Injections in Marietta, Georgia Weight loss injections can help people shed pounds as part of an overall weight loss program. Some people report that our treatments are the missing ingredient that they\u2019ve been looking for, as they may have already been trying to eat right and exercise more, but results weren\u2019t happening for [&hellip;]\" \/>\n<meta property=\"og:url\" content=\"https:\/\/peleaesthetics.com\/pt\/injecoes-para-perda-de-peso\/\" \/>\n<meta property=\"og:site_name\" content=\"peleaesthetics\" \/>\n<meta property=\"article:modified_time\" content=\"2026-02-05T10:10:38+00:00\" \/>\n<meta property=\"og:image\" content=\"https:\/\/peleaesthetics.com\/wp-content\/uploads\/2026\/02\/pele-weight-loss.webp\" \/>\n<meta name=\"twitter:card\" content=\"summary_large_image\" \/>\n<meta name=\"twitter:label1\" content=\"Est. tempo de leitura\" \/>\n\t<meta name=\"twitter:data1\" content=\"5 minutos\" \/>\n<!-- \/ Yoast SEO plugin. -->","yoast_head_json":{"title":"Inje\u00e7\u00f5es para perda de peso - peleaesthetics","robots":{"index":"index","follow":"follow","max-snippet":"max-snippet:-1","max-image-preview":"max-image-preview:large","max-video-preview":"max-video-preview:-1"},"canonical":"https:\/\/peleaesthetics.com\/pt\/injecoes-para-perda-de-peso\/","og_locale":"pt_BR","og_type":"article","og_title":"Weight Loss Injections - peleaesthetics","og_description":"Weight Loss Injections in Marietta, Georgia Weight loss injections can help people shed pounds as part of an overall weight loss program. Some people report that our treatments are the missing ingredient that they\u2019ve been looking for, as they may have already been trying to eat right and exercise more, but results weren\u2019t happening for [&hellip;]","og_url":"https:\/\/peleaesthetics.com\/pt\/injecoes-para-perda-de-peso\/","og_site_name":"peleaesthetics","article_modified_time":"2026-02-05T10:10:38+00:00","og_image":[{"url":"https:\/\/peleaesthetics.com\/wp-content\/uploads\/2026\/02\/pele-weight-loss.webp","type":"","width":"","height":""}],"twitter_card":"summary_large_image","twitter_misc":{"Est. tempo de leitura":"5 minutos"},"schema":{"@context":"https:\/\/schema.org","@graph":[{"@type":"WebPage","@id":"https:\/\/peleaesthetics.com\/weight-loss-injections\/","url":"https:\/\/peleaesthetics.com\/weight-loss-injections\/","name":"Inje\u00e7\u00f5es para perda de peso - peleaesthetics","isPartOf":{"@id":"https:\/\/peleaesthetics.com\/#website"},"primaryImageOfPage":{"@id":"https:\/\/peleaesthetics.com\/weight-loss-injections\/#primaryimage"},"image":{"@id":"https:\/\/peleaesthetics.com\/weight-loss-injections\/#primaryimage"},"thumbnailUrl":"https:\/\/peleaesthetics.com\/wp-content\/uploads\/2026\/02\/pele-weight-loss.webp","datePublished":"2026-02-04T10:12:12+00:00","dateModified":"2026-02-05T10:10:38+00:00","breadcrumb":{"@id":"https:\/\/peleaesthetics.com\/weight-loss-injections\/#breadcrumb"},"inLanguage":"pt-BR","potentialAction":[{"@type":"ReadAction","target":["https:\/\/peleaesthetics.com\/weight-loss-injections\/"]}]},{"@type":"ImageObject","inLanguage":"pt-BR","@id":"https:\/\/peleaesthetics.com\/weight-loss-injections\/#primaryimage","url":"https:\/\/peleaesthetics.com\/wp-content\/uploads\/2026\/02\/pele-weight-loss.webp","contentUrl":"https:\/\/peleaesthetics.com\/wp-content\/uploads\/2026\/02\/pele-weight-loss.webp"},{"@type":"BreadcrumbList","@id":"https:\/\/peleaesthetics.com\/weight-loss-injections\/#breadcrumb","itemListElement":[{"@type":"ListItem","position":1,"name":"Home","item":"https:\/\/peleaesthetics.com\/"},{"@type":"ListItem","position":2,"name":"Weight Loss Injections"}]},{"@type":"WebSite","@id":"https:\/\/peleaesthetics.com\/#website","url":"https:\/\/peleaesthetics.com\/","name":"peleaesthetics","description":"","publisher":{"@id":"https:\/\/peleaesthetics.com\/#organization"},"potentialAction":[{"@type":"SearchAction","target":{"@type":"EntryPoint","urlTemplate":"https:\/\/peleaesthetics.com\/?s={search_term_string}"},"query-input":{"@type":"PropertyValueSpecification","valueRequired":true,"valueName":"search_term_string"}}],"inLanguage":"pt-BR"},{"@type":"Organization","@id":"https:\/\/peleaesthetics.com\/#organization","name":"peleaesthetics","url":"https:\/\/peleaesthetics.com\/","logo":{"@type":"ImageObject","inLanguage":"pt-BR","@id":"https:\/\/peleaesthetics.com\/#\/schema\/logo\/image\/","url":"https:\/\/peleaesthetics.com\/wp-content\/uploads\/2024\/03\/pele-aesthetics-logo.png","contentUrl":"https:\/\/peleaesthetics.com\/wp-content\/uploads\/2024\/03\/pele-aesthetics-logo.png","width":258,"height":53,"caption":"peleaesthetics"},"image":{"@id":"https:\/\/peleaesthetics.com\/#\/schema\/logo\/image\/"}}]}},"_links":{"self":[{"href":"https:\/\/peleaesthetics.com\/pt\/wp-json\/wp\/v2\/pages\/1787","targetHints":{"allow":["GET"]}}],"collection":[{"href":"https:\/\/peleaesthetics.com\/pt\/wp-json\/wp\/v2\/pages"}],"about":[{"href":"https:\/\/peleaesthetics.com\/pt\/wp-json\/wp\/v2\/types\/page"}],"author":[{"embeddable":true,"href":"https:\/\/peleaesthetics.com\/pt\/wp-json\/wp\/v2\/users\/1"}],"replies":[{"embeddable":true,"href":"https:\/\/peleaesthetics.com\/pt\/wp-json\/wp\/v2\/comments?post=1787"}],"version-history":[{"count":19,"href":"https:\/\/peleaesthetics.com\/pt\/wp-json\/wp\/v2\/pages\/1787\/revisions"}],"predecessor-version":[{"id":1843,"href":"https:\/\/peleaesthetics.com\/pt\/wp-json\/wp\/v2\/pages\/1787\/revisions\/1843"}],"wp:attachment":[{"href":"https:\/\/peleaesthetics.com\/pt\/wp-json\/wp\/v2\/media?parent=1787"}],"curies":[{"name":"wp","href":"https:\/\/api.w.org\/{rel}","templated":true}]}}