{"id":257,"date":"2024-04-08T05:14:15","date_gmt":"2024-04-08T05:14:15","guid":{"rendered":"http:\/\/peleaesthetics.com\/?page_id=257"},"modified":"2025-09-15T12:37:10","modified_gmt":"2025-09-15T12:37:10","slug":"rinoplastia-liquida","status":"publish","type":"page","link":"https:\/\/peleaesthetics.com\/pt\/rinoplastia-liquida\/","title":{"rendered":"Rinoplastia L\u00edquida"},"content":{"rendered":"<div data-elementor-type=\"wp-page\" data-elementor-id=\"257\" class=\"elementor elementor-257\" data-elementor-post-type=\"page\">\n\t\t\t\t<div class=\"elementor-element elementor-element-1f29736 e-flex e-con-boxed e-con e-parent\" data-id=\"1f29736\" data-element_type=\"container\" data-e-type=\"container\" data-settings=\"{&quot;background_background&quot;:&quot;classic&quot;}\">\n\t\t\t\t\t<div class=\"e-con-inner\">\n\t\t<div class=\"elementor-element elementor-element-7b7fa52 e-con-full e-flex e-con e-child\" data-id=\"7b7fa52\" data-element_type=\"container\" data-e-type=\"container\">\n\t\t<div class=\"elementor-element elementor-element-9098bd2 e-con-full e-flex e-con e-child\" data-id=\"9098bd2\" data-element_type=\"container\" data-e-type=\"container\">\n\t\t\t\t<div class=\"elementor-element elementor-element-a61c089 elementor-widget elementor-widget-heading\" data-id=\"a61c089\" data-element_type=\"widget\" data-e-type=\"widget\" data-widget_type=\"heading.default\">\n\t\t\t\t<div class=\"elementor-widget-container\">\n\t\t\t\t\t<h1 class=\"elementor-heading-title elementor-size-default\">Rinoplastia L\u00edquida<\/h1>\t\t\t\t<\/div>\n\t\t\t\t<\/div>\n\t\t\t\t<\/div>\n\t\t\t\t<\/div>\n\t\t\t\t\t<\/div>\n\t\t\t\t<\/div>\n\t\t<div class=\"elementor-element elementor-element-2062609 e-flex e-con-boxed e-con e-parent\" data-id=\"2062609\" data-element_type=\"container\" data-e-type=\"container\">\n\t\t\t\t\t<div class=\"e-con-inner\">\n\t\t\t\t<div class=\"elementor-element elementor-element-08b1cb3 elementor-widget elementor-widget-heading\" data-id=\"08b1cb3\" data-element_type=\"widget\" data-e-type=\"widget\" data-widget_type=\"heading.default\">\n\t\t\t\t<div class=\"elementor-widget-container\">\n\t\t\t\t\t<h4 class=\"elementor-heading-title elementor-size-default\">Pele Aesthetics d\u00e1-lhe as boas-vindas<\/h4>\t\t\t\t<\/div>\n\t\t\t\t<\/div>\n\t\t\t\t<div class=\"elementor-element elementor-element-151492c elementor-widget elementor-widget-text-editor\" data-id=\"151492c\" data-element_type=\"widget\" data-e-type=\"widget\" data-widget_type=\"text-editor.default\">\n\t\t\t\t<div class=\"elementor-widget-container\">\n\t\t\t\t\t\t\t\t\t<p>Bem-vindo \u00e0 Pele Aesthetics! Nosso spa m\u00e9dico, localizado em Marietta, Ge\u00f3rgia, perto de Atlanta, oferece uma gama completa de procedimentos de rejuvenescimento da pele e revitaliza\u00e7\u00e3o facial e corporal. Um dos servi\u00e7os exclusivos da Pele Aesthetics nesta regi\u00e3o da Ge\u00f3rgia \u00e9 a rinoplastia l\u00edquida. Muitas pessoas desconhecem esse m\u00e9todo minimamente invasivo de atualiza\u00e7\u00e3o e harmoniza\u00e7\u00e3o do formato do nariz. Aqui, revisaremos tudo o que voc\u00ea pode esperar e como pode se beneficiar desse procedimento, caso queira explor\u00e1-lo como alternativa \u00e0 cirurgia.<\/p>\t\t\t\t\t\t\t\t<\/div>\n\t\t\t\t<\/div>\n\t\t\t\t<div class=\"elementor-element elementor-element-61373c1 elementor-widget elementor-widget-button\" data-id=\"61373c1\" data-element_type=\"widget\" data-e-type=\"widget\" data-widget_type=\"button.default\">\n\t\t\t\t<div class=\"elementor-widget-container\">\n\t\t\t\t\t\t\t\t\t<div class=\"elementor-button-wrapper\">\n\t\t\t\t\t<a class=\"elementor-button elementor-button-link elementor-size-sm\" href=\"https:\/\/peleaesthetics.janeapp.com\/#\/dermal-fillers\" target=\"_blank\">\n\t\t\t\t\t\t<span class=\"elementor-button-content-wrapper\">\n\t\t\t\t\t\t\t\t\t<span class=\"elementor-button-text\">Pre\u00e7os<\/span>\n\t\t\t\t\t<\/span>\n\t\t\t\t\t<\/a>\n\t\t\t\t<\/div>\n\t\t\t\t\t\t\t\t<\/div>\n\t\t\t\t<\/div>\n\t\t\t\t<div class=\"elementor-element elementor-element-3242d23 elementor-widget elementor-widget-heading\" data-id=\"3242d23\" data-element_type=\"widget\" data-e-type=\"widget\" data-widget_type=\"heading.default\">\n\t\t\t\t<div class=\"elementor-widget-container\">\n\t\t\t\t\t<h4 class=\"elementor-heading-title elementor-size-default\">Introdu\u00e7\u00e3o<\/h4>\t\t\t\t<\/div>\n\t\t\t\t<\/div>\n\t\t\t\t<div class=\"elementor-element elementor-element-e17e904 elementor-widget elementor-widget-text-editor\" data-id=\"e17e904\" data-element_type=\"widget\" data-e-type=\"widget\" data-widget_type=\"text-editor.default\">\n\t\t\t\t<div class=\"elementor-widget-container\">\n\t\t\t\t\t\t\t\t\t<p>A rinoplastia l\u00edquida \u00e9 um procedimento inovador que oferece uma alternativa n\u00e3o cir\u00fargica \u00e0 rinoplastia tradicional. Exploraremos os benef\u00edcios, as etapas envolvidas, o tempo de recupera\u00e7\u00e3o e quem seria o candidato ideal para este procedimento. Voc\u00ea aprender\u00e1 como a rinoplastia l\u00edquida pode deixar seu rosto com uma apar\u00eancia mais equilibrada e revigorada.<\/p>\t\t\t\t\t\t\t\t<\/div>\n\t\t\t\t<\/div>\n\t\t\t\t<div class=\"elementor-element elementor-element-9b4d0ed elementor-widget elementor-widget-heading\" data-id=\"9b4d0ed\" data-element_type=\"widget\" data-e-type=\"widget\" data-widget_type=\"heading.default\">\n\t\t\t\t<div class=\"elementor-widget-container\">\n\t\t\t\t\t<h4 class=\"elementor-heading-title elementor-size-default\">O que \u00e9 Rinoplastia L\u00edquida?<\/h4>\t\t\t\t<\/div>\n\t\t\t\t<\/div>\n\t\t\t\t<div class=\"elementor-element elementor-element-fce11fb elementor-widget elementor-widget-text-editor\" data-id=\"fce11fb\" data-element_type=\"widget\" data-e-type=\"widget\" data-widget_type=\"text-editor.default\">\n\t\t\t\t<div class=\"elementor-widget-container\">\n\t\t\t\t\t\t\t\t\t<p>Preenchimentos d\u00e9rmicos injet\u00e1veis s\u00e3o usados na rinoplastia l\u00edquida para remodelar e melhorar o nariz sem cirurgia. Envolve a coloca\u00e7\u00e3o precisa de preenchimentos d\u00e9rmicos aprovados pela FDA para tratar diversas preocupa\u00e7\u00f5es, como protuber\u00e2ncias, assimetrias ou falta de volume. Comparada \u00e0 rinoplastia tradicional, a rinoplastia l\u00edquida \u00e9 mais r\u00e1pida, menos invasiva e requer menos tempo de cicatriza\u00e7\u00e3o.<\/p>\t\t\t\t\t\t\t\t<\/div>\n\t\t\t\t<\/div>\n\t\t\t\t<div class=\"elementor-element elementor-element-657a2b1 elementor-widget elementor-widget-heading\" data-id=\"657a2b1\" data-element_type=\"widget\" data-e-type=\"widget\" data-widget_type=\"heading.default\">\n\t\t\t\t<div class=\"elementor-widget-container\">\n\t\t\t\t\t<h4 class=\"elementor-heading-title elementor-size-default\">O procedimento<\/h4>\t\t\t\t<\/div>\n\t\t\t\t<\/div>\n\t\t\t\t<div class=\"elementor-element elementor-element-2286067 elementor-widget elementor-widget-text-editor\" data-id=\"2286067\" data-element_type=\"widget\" data-e-type=\"widget\" data-widget_type=\"text-editor.default\">\n\t\t\t\t<div class=\"elementor-widget-container\">\n\t\t\t\t\t\t\t\t\t<ol><li><strong> Consulta Inicial: <\/strong>Antes de se submeter a qualquer procedimento est\u00e9tico, \u00e9 fundamental consultar um profissional m\u00e9dico qualificado e experiente. Durante a consulta com nossa equipe, voc\u00ea poder\u00e1 discutir suas preocupa\u00e7\u00f5es, o resultado desejado e seu hist\u00f3rico m\u00e9dico, garantindo que a rinoplastia l\u00edquida seja uma op\u00e7\u00e3o adequada para voc\u00ea.<br \/><br \/><\/li><li><strong> Plano de Tratamento Personalizado:<\/strong> O nariz de cada indiv\u00edduo \u00e9 \u00fanico e exige uma abordagem personalizada. Nossos profissionais m\u00e9dicos avaliar\u00e3o suas caracter\u00edsticas faciais, avaliar\u00e3o o formato e a estrutura do seu nariz e criar\u00e3o um plano de tratamento personalizado, adaptado \u00e0s suas necessidades espec\u00edficas.<br \/><br \/><\/li><li><strong> T\u00e9cnica de inje\u00e7\u00e3o precisa:<\/strong> Nossos injetores BSN profissionais e licenciados realizam a inje\u00e7\u00e3o precisa de preenchimentos d\u00e9rmicos em \u00e1reas estrat\u00e9gicas do nariz para alcan\u00e7ar os resultados desejados. Esses preenchimentos d\u00e9rmicos podem ser usados para suavizar sali\u00eancias, diminuir a apar\u00eancia de giba nasal, refinar a ponta nasal ou criar simetria. O procedimento geralmente leva de 15 a 45 minutos, dependendo da complexidade do plano de tratamento.<\/li><\/ol>\t\t\t\t\t\t\t\t<\/div>\n\t\t\t\t<\/div>\n\t\t\t\t<div class=\"elementor-element elementor-element-98968c8 elementor-widget elementor-widget-heading\" data-id=\"98968c8\" data-element_type=\"widget\" data-e-type=\"widget\" data-widget_type=\"heading.default\">\n\t\t\t\t<div class=\"elementor-widget-container\">\n\t\t\t\t\t<h4 class=\"elementor-heading-title elementor-size-default\">Benef\u00edcios da Rinoplastia L\u00edquida<\/h4>\t\t\t\t<\/div>\n\t\t\t\t<\/div>\n\t\t\t\t<div class=\"elementor-element elementor-element-8a4fcd1 elementor-widget elementor-widget-text-editor\" data-id=\"8a4fcd1\" data-element_type=\"widget\" data-e-type=\"widget\" data-widget_type=\"text-editor.default\">\n\t\t\t\t<div class=\"elementor-widget-container\">\n\t\t\t\t\t\t\t\t\t<p>Como um procedimento n\u00e3o cir\u00fargico seguro e eficaz, as pessoas optam pela rinoplastia l\u00edquida para proporcionar resultados sutis, por\u00e9m percept\u00edveis, \u00e0 apar\u00eancia facial. Voc\u00ea apreciar\u00e1 estes benef\u00edcios:<\/p><ol><li><strong> Menos invasivo e tempo de inatividade m\u00ednimo:<\/strong> Ao contr\u00e1rio da cirurgia, a rinoplastia l\u00edquida n\u00e3o requer incis\u00f5es, anestesia ou um longo per\u00edodo de recupera\u00e7\u00e3o. A maioria dos pacientes se recupera rapidamente, com incha\u00e7o e hematomas m\u00ednimos.<br \/><br \/><\/li><li><strong> Resultados imediatos:<\/strong> Os efeitos s\u00e3o vis\u00edveis imediatamente ap\u00f3s o procedimento. Voc\u00ea pode ver a melhora no formato e no equil\u00edbrio do seu nariz, aumentando sua confian\u00e7a sem a necessidade de um longo processo de cicatriza\u00e7\u00e3o.<br \/><br \/><\/li><li><strong> Revers\u00edvel e adapt\u00e1vel: <\/strong>Uma das vantagens significativas da rinoplastia l\u00edquida \u00e9 a sua reversibilidade. Se, por algum motivo, voc\u00ea n\u00e3o estiver satisfeito com os resultados, os preenchimentos d\u00e9rmicos podem ser dissolvidos, permitindo que voc\u00ea explore op\u00e7\u00f5es alternativas. Al\u00e9m disso, o tratamento \u00e9 personaliz\u00e1vel, o que significa que pode ser ajustado ao longo do tempo para manter ou aprimorar o resultado desejado.<\/li><\/ol>\t\t\t\t\t\t\t\t<\/div>\n\t\t\t\t<\/div>\n\t\t\t\t<div class=\"elementor-element elementor-element-3261d09 elementor-widget elementor-widget-heading\" data-id=\"3261d09\" data-element_type=\"widget\" data-e-type=\"widget\" data-widget_type=\"heading.default\">\n\t\t\t\t<div class=\"elementor-widget-container\">\n\t\t\t\t\t<h4 class=\"elementor-heading-title elementor-size-default\">Quais resultados obterei com a rinoplastia l\u00edquida?<\/h4>\t\t\t\t<\/div>\n\t\t\t\t<\/div>\n\t\t\t\t<div class=\"elementor-element elementor-element-d879173 elementor-widget elementor-widget-text-editor\" data-id=\"d879173\" data-element_type=\"widget\" data-e-type=\"widget\" data-widget_type=\"text-editor.default\">\n\t\t\t\t<div class=\"elementor-widget-container\">\n\t\t\t\t\t\t\t\t\t<p>A maioria das pessoas fica satisfeita com a apar\u00eancia melhorada e equilibrada alcan\u00e7ada pela rinoplastia l\u00edquida. Os resultados podem durar de seis meses a v\u00e1rios anos. O Pele Aesthetics Medical Spa trabalhar\u00e1 com voc\u00ea para alcan\u00e7ar e manter a apar\u00eancia desejada.<\/p>\t\t\t\t\t\t\t\t<\/div>\n\t\t\t\t<\/div>\n\t\t\t\t<div class=\"elementor-element elementor-element-5899066 elementor-widget elementor-widget-heading\" data-id=\"5899066\" data-element_type=\"widget\" data-e-type=\"widget\" data-widget_type=\"heading.default\">\n\t\t\t\t<div class=\"elementor-widget-container\">\n\t\t\t\t\t<h4 class=\"elementor-heading-title elementor-size-default\">Quem \u00e9 um candidato ideal?<\/h4>\t\t\t\t<\/div>\n\t\t\t\t<\/div>\n\t\t\t\t<div class=\"elementor-element elementor-element-176db5a elementor-widget elementor-widget-text-editor\" data-id=\"176db5a\" data-element_type=\"widget\" data-e-type=\"widget\" data-widget_type=\"text-editor.default\">\n\t\t\t\t<div class=\"elementor-widget-container\">\n\t\t\t\t\t\t\t\t\t<p>Este procedimento \u00e9 indicado para quem deseja um aprimoramento sutil, em vez de uma altera\u00e7\u00e3o significativa no tamanho ou na estrutura do nariz. Os candidatos devem ser saud\u00e1veis, realistas e dispostos a seguir as instru\u00e7\u00f5es de cuidados p\u00f3s-procedimento. Consultaremos voc\u00ea para determinar suas necessidades espec\u00edficas.<\/p><p>Aqui oferecemos diversas hist\u00f3rias t\u00edpicas de pacientes para que voc\u00ea possa ver como o procedimento oferece uma maneira eficaz e n\u00e3o cir\u00fargica de melhorar sua apar\u00eancia.<\/p><p><strong>Um homem de 37 anos sempre teve vergonha do seu nariz<\/strong>, que ele achava grande demais para o seu rosto. Quando soube da rinoplastia l\u00edquida, ficou intrigado com o tempo de recupera\u00e7\u00e3o m\u00ednimo e a aus\u00eancia de cirurgia. Ele tentou e ganhou um impulso de confian\u00e7a, pois, ap\u00f3s o procedimento, desfruta de uma apar\u00eancia mais equilibrada.<\/p><p><strong>Uma mulher de 22 anos quebrou o nariz quando era adolescente, e o problema n\u00e3o cicatrizou direito, deixando um caro\u00e7o na ponte. <\/strong>O objetivo dela era consertar o nariz sem cirurgia. A amiga recomendou a rinoplastia l\u00edquida, dizendo que era r\u00e1pida e f\u00e1cil, com resultados naturais. A mulher tentou, na esperan\u00e7a de que o procedimento alinhasse o nariz sem cirurgia. Ela gostou do resultado!<\/p><p><strong>O nariz de um homem de 65 anos ficou com uma apar\u00eancia fl\u00e1cida. <\/strong>Ele consultou um cirurgi\u00e3o pl\u00e1stico sobre a cirurgia para levantar a ponta, mas o homem estava receoso dos riscos e do longo tempo de recupera\u00e7\u00e3o. Quando soube da rinoplastia n\u00e3o cir\u00fargica, pareceu-lhe a solu\u00e7\u00e3o perfeita. Ele fez o procedimento e agora desfruta da sutil eleva\u00e7\u00e3o do nariz que restaurou seu perfil.<\/p>\t\t\t\t\t\t\t\t<\/div>\n\t\t\t\t<\/div>\n\t\t\t\t<div class=\"elementor-element elementor-element-ba1e658 elementor-widget elementor-widget-heading\" data-id=\"ba1e658\" data-element_type=\"widget\" data-e-type=\"widget\" data-widget_type=\"heading.default\">\n\t\t\t\t<div class=\"elementor-widget-container\">\n\t\t\t\t\t<h4 class=\"elementor-heading-title elementor-size-default\">Conhe\u00e7a nossos profissionais de cuidados com a pele<\/h4>\t\t\t\t<\/div>\n\t\t\t\t<\/div>\n\t\t\t\t<div class=\"elementor-element elementor-element-ad13e2c elementor-widget elementor-widget-text-editor\" data-id=\"ad13e2c\" data-element_type=\"widget\" data-e-type=\"widget\" data-widget_type=\"text-editor.default\">\n\t\t\t\t<div class=\"elementor-widget-container\">\n\t\t\t\t\t\t\t\t\t<p>Voc\u00ea pode obter resultados como os que acabamos de discutir, e tudo come\u00e7a com a confian\u00e7a na sua equipe m\u00e9dica. No Pele Aesthetics Medical Spa, nosso objetivo \u00e9 criar um ambiente acolhedor onde os clientes se sintam confort\u00e1veis e cuidados. Conhe\u00e7a <a href=\"https:\/\/peleaesthetics.com\/pt\/sobre-nos\/\">Dr. Figa e nossos profissionais BSN-RN<\/a>!<\/p>\t\t\t\t\t\t\t\t<\/div>\n\t\t\t\t<\/div>\n\t\t\t\t<div class=\"elementor-element elementor-element-b3efe98 elementor-widget elementor-widget-heading\" data-id=\"b3efe98\" data-element_type=\"widget\" data-e-type=\"widget\" data-widget_type=\"heading.default\">\n\t\t\t\t<div class=\"elementor-widget-container\">\n\t\t\t\t\t<h4 class=\"elementor-heading-title elementor-size-default\">Custos da Rinoplastia L\u00edquida<\/h4>\t\t\t\t<\/div>\n\t\t\t\t<\/div>\n\t\t\t\t<div class=\"elementor-element elementor-element-a2422cd elementor-widget elementor-widget-text-editor\" data-id=\"a2422cd\" data-element_type=\"widget\" data-e-type=\"widget\" data-widget_type=\"text-editor.default\">\n\t\t\t\t<div class=\"elementor-widget-container\">\n\t\t\t\t\t\t\t\t\t<p>A rinoplastia l\u00edquida permite que voc\u00ea visualize poss\u00edveis mudan\u00e7as por uma fra\u00e7\u00e3o do custo de uma rinoplastia cir\u00fargica. Como seus dermatologistas de confian\u00e7a, teremos prazer em discutir op\u00e7\u00f5es para ajud\u00e1-lo a fazer a melhor escolha.<\/p><p>Este \u00e9 um procedimento pouco oferecido na Ge\u00f3rgia e, portanto, mais exclusivo, oferecido pela Pele Aesthetics aos seus pacientes. N\u00e3o h\u00e1 pre\u00e7os ocultos, nem surpresas, e todos os custos s\u00e3o divulgados, para que voc\u00ea possa se preparar para a sua consulta.<\/p><p>Tamb\u00e9m oferecemos Planos de Pagamento Cherry, sem consulta de cr\u00e9dito, com juros de 0% e cadastro r\u00e1pido e f\u00e1cil. Obtenha os tratamentos de pele que voc\u00ea deseja a partir de apenas US$ 30 por m\u00eas. <\/p>\t\t\t\t\t\t\t\t<\/div>\n\t\t\t\t<\/div>\n\t\t\t\t<div class=\"elementor-element elementor-element-73de2e4 elementor-widget elementor-widget-heading\" data-id=\"73de2e4\" data-element_type=\"widget\" data-e-type=\"widget\" data-widget_type=\"heading.default\">\n\t\t\t\t<div class=\"elementor-widget-container\">\n\t\t\t\t\t<h4 class=\"elementor-heading-title elementor-size-default\">Tratamento personalizado sem cirurgia<\/h4>\t\t\t\t<\/div>\n\t\t\t\t<\/div>\n\t\t\t\t<div class=\"elementor-element elementor-element-7e19be9 elementor-widget elementor-widget-text-editor\" data-id=\"7e19be9\" data-element_type=\"widget\" data-e-type=\"widget\" data-widget_type=\"text-editor.default\">\n\t\t\t\t<div class=\"elementor-widget-container\">\n\t\t\t\t\t\t\t\t\t<p>A rinoplastia l\u00edquida oferece uma alternativa segura, eficaz e minimamente invasiva \u00e0 cirurgia. Utilizando preenchimentos d\u00e9rmicos, este procedimento pode tratar diversas preocupa\u00e7\u00f5es sem a necessidade de incis\u00f5es ou tempo de recupera\u00e7\u00e3o. A capacidade de obter resultados imediatos e adaptar o tratamento ao longo do tempo torna a rinoplastia l\u00edquida uma op\u00e7\u00e3o desej\u00e1vel para quem busca equil\u00edbrio e rejuvenescimento facial.<\/p><p>Lembre-se: ao considerar qualquer procedimento est\u00e9tico, \u00e9 fundamental consultar um profissional m\u00e9dico qualificado e com vasta experi\u00eancia. Entre em contato com o Pele Aesthetics Medical Spa hoje mesmo. N\u00f3s o guiaremos por todo o processo. <a href=\"https:\/\/peleaesthetics.com\/pt\/faca-nos-uma-pergunta\/\">responda suas perguntas<\/a>, e ajud\u00e1-lo a tomar uma decis\u00e3o informada sobre esse processo transformador.<\/p>\t\t\t\t\t\t\t\t<\/div>\n\t\t\t\t<\/div>\n\t\t\t\t\t<\/div>\n\t\t\t\t<\/div>\n\t\t<div class=\"elementor-element elementor-element-db5057f e-flex e-con-boxed e-con e-parent\" data-id=\"db5057f\" data-element_type=\"container\" data-e-type=\"container\" data-settings=\"{&quot;background_background&quot;:&quot;classic&quot;}\">\n\t\t\t\t\t<div class=\"e-con-inner\">\n\t\t\t\t<div class=\"elementor-element elementor-element-9721410 elementor-widget elementor-widget-heading\" data-id=\"9721410\" data-element_type=\"widget\" data-e-type=\"widget\" data-widget_type=\"heading.default\">\n\t\t\t\t<div class=\"elementor-widget-container\">\n\t\t\t\t\t<h2 class=\"elementor-heading-title elementor-size-default\">Agende hoje mesmo sua consulta de rinoplastia l\u00edquida<\/h2>\t\t\t\t<\/div>\n\t\t\t\t<\/div>\n\t\t\t\t<div class=\"elementor-element elementor-element-82b59a0 elementor-align-center elementor-widget elementor-widget-button\" data-id=\"82b59a0\" data-element_type=\"widget\" data-e-type=\"widget\" data-widget_type=\"button.default\">\n\t\t\t\t<div class=\"elementor-widget-container\">\n\t\t\t\t\t\t\t\t\t<div class=\"elementor-button-wrapper\">\n\t\t\t\t\t<a class=\"elementor-button elementor-button-link elementor-size-lg\" href=\"https:\/\/peleaesthetics.janeapp.com\/#\/dermal-fillers\" target=\"_blank\">\n\t\t\t\t\t\t<span class=\"elementor-button-content-wrapper\">\n\t\t\t\t\t\t\t\t\t<span class=\"elementor-button-text\">Pre\u00e7os<\/span>\n\t\t\t\t\t<\/span>\n\t\t\t\t\t<\/a>\n\t\t\t\t<\/div>\n\t\t\t\t\t\t\t\t<\/div>\n\t\t\t\t<\/div>\n\t\t\t\t\t<\/div>\n\t\t\t\t<\/div>\n\t\t\t\t<\/div>","protected":false},"excerpt":{"rendered":"<p>Liquid Rhinoplasty Pele Aesthetics Welcomes You Welcome to Pele Aesthetics! Our medical spa, located in Marietta, GA, near Atlanta, offers you a full range of skin rejuvenation and facial and body revitalization procedures. One that\u2019s unique to Pele Aesthetics in this area of Georgia is liquid rhinoplasty. Many people don\u2019t know about this minimally-invasive method [&hellip;]<\/p>\n","protected":false},"author":1,"featured_media":0,"parent":0,"menu_order":0,"comment_status":"closed","ping_status":"closed","template":"elementor_header_footer","meta":{"footnotes":""},"class_list":["post-257","page","type-page","status-publish","hentry"],"acf":[],"yoast_head":"<!-- This site is optimized with the Yoast SEO plugin v27.4 - https:\/\/yoast.com\/product\/yoast-seo-wordpress\/ -->\n<title>Non-Surgical Liquid Rhinoplasty in Marietta | North of Atlanta | Pele Aesthetics<\/title>\n<meta name=\"description\" content=\"Looking for non-surgical alternatives? Learn more about liquid rhinoplasty from experts at our North Atlanta medical spa in Marietta.\" \/>\n<meta name=\"robots\" content=\"index, follow, max-snippet:-1, max-image-preview:large, max-video-preview:-1\" \/>\n<link rel=\"canonical\" href=\"https:\/\/peleaesthetics.com\/pt\/rinoplastia-liquida\/\" \/>\n<meta property=\"og:locale\" content=\"pt_BR\" \/>\n<meta property=\"og:type\" content=\"article\" \/>\n<meta property=\"og:title\" content=\"Non-Surgical Liquid Rhinoplasty in Marietta | North of Atlanta | Pele Aesthetics\" \/>\n<meta property=\"og:description\" content=\"Looking for non-surgical alternatives? Learn more about liquid rhinoplasty from experts at our North Atlanta medical spa in Marietta.\" \/>\n<meta property=\"og:url\" content=\"https:\/\/peleaesthetics.com\/pt\/rinoplastia-liquida\/\" \/>\n<meta property=\"og:site_name\" content=\"peleaesthetics\" \/>\n<meta property=\"article:modified_time\" content=\"2025-09-15T12:37:10+00:00\" \/>\n<meta name=\"twitter:card\" content=\"summary_large_image\" \/>\n<meta name=\"twitter:label1\" content=\"Est. tempo de leitura\" \/>\n\t<meta name=\"twitter:data1\" content=\"5 minutos\" \/>\n<!-- \/ Yoast SEO plugin. -->","yoast_head_json":{"title":"Rinoplastia L\u00edquida N\u00e3o Cir\u00fargica em Marietta | Norte de Atlanta | Pele Aesthetics","description":"Procurando alternativas n\u00e3o cir\u00fargicas? Saiba mais sobre a rinoplastia l\u00edquida com nossos especialistas no spa m\u00e9dico em Marietta, ao norte de Atlanta.","robots":{"index":"index","follow":"follow","max-snippet":"max-snippet:-1","max-image-preview":"max-image-preview:large","max-video-preview":"max-video-preview:-1"},"canonical":"https:\/\/peleaesthetics.com\/pt\/rinoplastia-liquida\/","og_locale":"pt_BR","og_type":"article","og_title":"Non-Surgical Liquid Rhinoplasty in Marietta | North of Atlanta | Pele Aesthetics","og_description":"Looking for non-surgical alternatives? Learn more about liquid rhinoplasty from experts at our North Atlanta medical spa in Marietta.","og_url":"https:\/\/peleaesthetics.com\/pt\/rinoplastia-liquida\/","og_site_name":"peleaesthetics","article_modified_time":"2025-09-15T12:37:10+00:00","twitter_card":"summary_large_image","twitter_misc":{"Est. tempo de leitura":"5 minutos"},"schema":{"@context":"https:\/\/schema.org","@graph":[{"@type":"WebPage","@id":"https:\/\/peleaesthetics.com\/liquid-rhinoplasty\/","url":"https:\/\/peleaesthetics.com\/liquid-rhinoplasty\/","name":"Rinoplastia L\u00edquida N\u00e3o Cir\u00fargica em Marietta | Norte de Atlanta | Pele Aesthetics","isPartOf":{"@id":"https:\/\/peleaesthetics.com\/#website"},"datePublished":"2024-04-08T05:14:15+00:00","dateModified":"2025-09-15T12:37:10+00:00","description":"Procurando alternativas n\u00e3o cir\u00fargicas? Saiba mais sobre a rinoplastia l\u00edquida com nossos especialistas no spa m\u00e9dico em Marietta, ao norte de Atlanta.","breadcrumb":{"@id":"https:\/\/peleaesthetics.com\/liquid-rhinoplasty\/#breadcrumb"},"inLanguage":"pt-BR","potentialAction":[{"@type":"ReadAction","target":["https:\/\/peleaesthetics.com\/liquid-rhinoplasty\/"]}]},{"@type":"BreadcrumbList","@id":"https:\/\/peleaesthetics.com\/liquid-rhinoplasty\/#breadcrumb","itemListElement":[{"@type":"ListItem","position":1,"name":"Home","item":"https:\/\/peleaesthetics.com\/"},{"@type":"ListItem","position":2,"name":"Liquid Rhinoplasty"}]},{"@type":"WebSite","@id":"https:\/\/peleaesthetics.com\/#website","url":"https:\/\/peleaesthetics.com\/","name":"peleaesthetics","description":"","publisher":{"@id":"https:\/\/peleaesthetics.com\/#organization"},"potentialAction":[{"@type":"SearchAction","target":{"@type":"EntryPoint","urlTemplate":"https:\/\/peleaesthetics.com\/?s={search_term_string}"},"query-input":{"@type":"PropertyValueSpecification","valueRequired":true,"valueName":"search_term_string"}}],"inLanguage":"pt-BR"},{"@type":"Organization","@id":"https:\/\/peleaesthetics.com\/#organization","name":"peleaesthetics","url":"https:\/\/peleaesthetics.com\/","logo":{"@type":"ImageObject","inLanguage":"pt-BR","@id":"https:\/\/peleaesthetics.com\/#\/schema\/logo\/image\/","url":"https:\/\/peleaesthetics.com\/wp-content\/uploads\/2024\/03\/pele-aesthetics-logo.png","contentUrl":"https:\/\/peleaesthetics.com\/wp-content\/uploads\/2024\/03\/pele-aesthetics-logo.png","width":258,"height":53,"caption":"peleaesthetics"},"image":{"@id":"https:\/\/peleaesthetics.com\/#\/schema\/logo\/image\/"}}]}},"_links":{"self":[{"href":"https:\/\/peleaesthetics.com\/pt\/wp-json\/wp\/v2\/pages\/257","targetHints":{"allow":["GET"]}}],"collection":[{"href":"https:\/\/peleaesthetics.com\/pt\/wp-json\/wp\/v2\/pages"}],"about":[{"href":"https:\/\/peleaesthetics.com\/pt\/wp-json\/wp\/v2\/types\/page"}],"author":[{"embeddable":true,"href":"https:\/\/peleaesthetics.com\/pt\/wp-json\/wp\/v2\/users\/1"}],"replies":[{"embeddable":true,"href":"https:\/\/peleaesthetics.com\/pt\/wp-json\/wp\/v2\/comments?post=257"}],"version-history":[{"count":32,"href":"https:\/\/peleaesthetics.com\/pt\/wp-json\/wp\/v2\/pages\/257\/revisions"}],"predecessor-version":[{"id":1597,"href":"https:\/\/peleaesthetics.com\/pt\/wp-json\/wp\/v2\/pages\/257\/revisions\/1597"}],"wp:attachment":[{"href":"https:\/\/peleaesthetics.com\/pt\/wp-json\/wp\/v2\/media?parent=257"}],"curies":[{"name":"wp","href":"https:\/\/api.w.org\/{rel}","templated":true}]}}