{"id":259,"date":"2024-04-08T05:14:31","date_gmt":"2024-04-08T05:14:31","guid":{"rendered":"http:\/\/peleaesthetics.com\/?page_id=259"},"modified":"2025-09-15T12:43:10","modified_gmt":"2025-09-15T12:43:10","slug":"injecoes-de-prp","status":"publish","type":"page","link":"https:\/\/peleaesthetics.com\/pt\/injecoes-de-prp\/","title":{"rendered":"Inje\u00e7\u00f5es de PRP"},"content":{"rendered":"<div data-elementor-type=\"wp-page\" data-elementor-id=\"259\" class=\"elementor elementor-259\" data-elementor-post-type=\"page\">\n\t\t\t\t<div class=\"elementor-element elementor-element-0377793 e-flex e-con-boxed e-con e-parent\" data-id=\"0377793\" data-element_type=\"container\" data-e-type=\"container\" data-settings=\"{&quot;background_background&quot;:&quot;classic&quot;}\">\n\t\t\t\t\t<div class=\"e-con-inner\">\n\t\t<div class=\"elementor-element elementor-element-ca44e41 e-con-full e-flex e-con e-child\" data-id=\"ca44e41\" data-element_type=\"container\" data-e-type=\"container\">\n\t\t<div class=\"elementor-element elementor-element-a162a0f e-con-full e-flex e-con e-child\" data-id=\"a162a0f\" data-element_type=\"container\" data-e-type=\"container\">\n\t\t\t\t<div class=\"elementor-element elementor-element-87af3df elementor-widget elementor-widget-heading\" data-id=\"87af3df\" data-element_type=\"widget\" data-e-type=\"widget\" data-widget_type=\"heading.default\">\n\t\t\t\t<div class=\"elementor-widget-container\">\n\t\t\t\t\t<h1 class=\"elementor-heading-title elementor-size-default\">Plasma Rico em Plaquetas (PRP)<\/h1>\t\t\t\t<\/div>\n\t\t\t\t<\/div>\n\t\t\t\t<\/div>\n\t\t\t\t<\/div>\n\t\t\t\t\t<\/div>\n\t\t\t\t<\/div>\n\t\t<div class=\"elementor-element elementor-element-8c280a3 e-flex e-con-boxed e-con e-parent\" data-id=\"8c280a3\" data-element_type=\"container\" data-e-type=\"container\">\n\t\t\t\t\t<div class=\"e-con-inner\">\n\t\t\t\t<div class=\"elementor-element elementor-element-fdc5405 elementor-widget elementor-widget-heading\" data-id=\"fdc5405\" data-element_type=\"widget\" data-e-type=\"widget\" data-widget_type=\"heading.default\">\n\t\t\t\t<div class=\"elementor-widget-container\">\n\t\t\t\t\t<h4 class=\"elementor-heading-title elementor-size-default\">Pele Aesthetics d\u00e1-lhe as boas-vindas<\/h4>\t\t\t\t<\/div>\n\t\t\t\t<\/div>\n\t\t\t\t<div class=\"elementor-element elementor-element-92edcff elementor-widget elementor-widget-text-editor\" data-id=\"92edcff\" data-element_type=\"widget\" data-e-type=\"widget\" data-widget_type=\"text-editor.default\">\n\t\t\t\t<div class=\"elementor-widget-container\">\n\t\t\t\t\t\t\t\t\t<p>Bem-vindo \u00e0 Pele Aesthetics! Oferecemos uma ampla gama de procedimentos de revitaliza\u00e7\u00e3o da pele, rejuvenescimento facial e corporal em nosso spa m\u00e9dico em Marietta, GA, perto de Atlanta. Um tratamento que voc\u00ea pode experimentar \u00e9 o PRP com plasma. Ele oferece resultados not\u00e1veis de rejuvenescimento do col\u00e1geno que podem lhe dar a apar\u00eancia renovada que voc\u00ea busca sem cirurgia.<\/p>\t\t\t\t\t\t\t\t<\/div>\n\t\t\t\t<\/div>\n\t\t\t\t<div class=\"elementor-element elementor-element-36ca768 elementor-widget elementor-widget-button\" data-id=\"36ca768\" data-element_type=\"widget\" data-e-type=\"widget\" data-widget_type=\"button.default\">\n\t\t\t\t<div class=\"elementor-widget-container\">\n\t\t\t\t\t\t\t\t\t<div class=\"elementor-button-wrapper\">\n\t\t\t\t\t<a class=\"elementor-button elementor-button-link elementor-size-sm\" href=\"https:\/\/peleaesthetics.janeapp.com\/#\/prp\" target=\"_blank\">\n\t\t\t\t\t\t<span class=\"elementor-button-content-wrapper\">\n\t\t\t\t\t\t\t\t\t<span class=\"elementor-button-text\">Pre\u00e7os<\/span>\n\t\t\t\t\t<\/span>\n\t\t\t\t\t<\/a>\n\t\t\t\t<\/div>\n\t\t\t\t\t\t\t\t<\/div>\n\t\t\t\t<\/div>\n\t\t\t\t<div class=\"elementor-element elementor-element-e2bd60e elementor-widget elementor-widget-heading\" data-id=\"e2bd60e\" data-element_type=\"widget\" data-e-type=\"widget\" data-widget_type=\"heading.default\">\n\t\t\t\t<div class=\"elementor-widget-container\">\n\t\t\t\t\t<h4 class=\"elementor-heading-title elementor-size-default\">O que \u00e9 PRP - Plasma Rico em Plaquetas<\/h4>\t\t\t\t<\/div>\n\t\t\t\t<\/div>\n\t\t\t\t<div class=\"elementor-element elementor-element-f8eb26b elementor-widget elementor-widget-text-editor\" data-id=\"f8eb26b\" data-element_type=\"widget\" data-e-type=\"widget\" data-widget_type=\"text-editor.default\">\n\t\t\t\t<div class=\"elementor-widget-container\">\n\t\t\t\t\t\t\t\t\t<p>A terapia com plasma rico em plaquetas (PRP) \u00e9 um tratamento dermatol\u00f3gico inovador que utiliza o pr\u00f3prio sangue do paciente para promover o rejuvenescimento e a cicatriza\u00e7\u00e3o da pele. O procedimento consiste na coleta de uma pequena quantidade de sangue do paciente e sua posterior centrifuga\u00e7\u00e3o para separar o plasma, rico em plaquetas. Al\u00e9m de citocinas e outras prote\u00ednas bioativas, essas plaquetas cont\u00eam fatores de crescimento, componentes essenciais no processo de regenera\u00e7\u00e3o tecidual e cicatriza\u00e7\u00e3o de feridas.<\/p><p>Com o passar dos anos, o tom da nossa pele pode ficar opaco e irregular, apresentando sinais de danos causados pelo sol e hiperpigmenta\u00e7\u00e3o. Os procedimentos de PRP oferecem uma solu\u00e7\u00e3o rejuvenescedora, ajudando a restaurar o brilho jovial da sua pele.<\/p>\t\t\t\t\t\t\t\t<\/div>\n\t\t\t\t<\/div>\n\t\t\t\t<div class=\"elementor-element elementor-element-4aaae4b elementor-widget elementor-widget-heading\" data-id=\"4aaae4b\" data-element_type=\"widget\" data-e-type=\"widget\" data-widget_type=\"heading.default\">\n\t\t\t\t<div class=\"elementor-widget-container\">\n\t\t\t\t\t<h4 class=\"elementor-heading-title elementor-size-default\">Como funciona o procedimento de plasma PRP?<\/h4>\t\t\t\t<\/div>\n\t\t\t\t<\/div>\n\t\t\t\t<div class=\"elementor-element elementor-element-64eee81 elementor-widget elementor-widget-text-editor\" data-id=\"64eee81\" data-element_type=\"widget\" data-e-type=\"widget\" data-widget_type=\"text-editor.default\">\n\t\t\t\t<div class=\"elementor-widget-container\">\n\t\t\t\t\t\t\t\t\t<p>Durante um tratamento com PRP, o plasma concentrado \u00e9 injetado em \u00e1reas da pele que precisam de rejuvenescimento, como rosto, pesco\u00e7o, colo e m\u00e3os. Os fatores de crescimento do plasma ativam a produ\u00e7\u00e3o de col\u00e1geno fresco, o que melhora o t\u00f4nus e a textura da pele e reduz o aparecimento de cicatrizes, linhas finas e rugas.<\/p>\t\t\t\t\t\t\t\t<\/div>\n\t\t\t\t<\/div>\n\t\t\t\t<div class=\"elementor-element elementor-element-c936145 elementor-widget elementor-widget-heading\" data-id=\"c936145\" data-element_type=\"widget\" data-e-type=\"widget\" data-widget_type=\"heading.default\">\n\t\t\t\t<div class=\"elementor-widget-container\">\n\t\t\t\t\t<h4 class=\"elementor-heading-title elementor-size-default\">Principais benef\u00edcios da terapia com PRP<\/h4>\t\t\t\t<\/div>\n\t\t\t\t<\/div>\n\t\t\t\t<div class=\"elementor-element elementor-element-4e6d55d elementor-widget elementor-widget-text-editor\" data-id=\"4e6d55d\" data-element_type=\"widget\" data-e-type=\"widget\" data-widget_type=\"text-editor.default\">\n\t\t\t\t<div class=\"elementor-widget-container\">\n\t\t\t\t\t\t\t\t\t<p>Nossos profissionais m\u00e9dicos consultar\u00e3o voc\u00ea para ajud\u00e1-lo a decidir como este tratamento pode atender melhor \u00e0s suas necessidades. Os benef\u00edcios do PRP incluem:<\/p><ul><li><strong>Tratamento Natural \u2013<\/strong> Ao utilizar o plasma do pr\u00f3prio paciente, n\u00e3o h\u00e1 riscos de rea\u00e7\u00f5es al\u00e9rgicas ou rejei\u00e7\u00e3o.<\/li><li><strong>Minimamente invasivo \u2013<\/strong> O PRP \u00e9 um procedimento minimamente invasivo que requer pouco ou nenhum tempo de recupera\u00e7\u00e3o.<\/li><li><strong>Melhora a textura da pele \u2013<\/strong> O PRP estimula o col\u00e1geno para suavizar rugas e linhas finas.<\/li><li><strong>Redu\u00e7\u00e3o de cicatrizes \u2013<\/strong> Cicatrizes podem ser uma grande preocupa\u00e7\u00e3o para muitas pessoas, sejam elas decorrentes de acne, cirurgias ou les\u00f5es. Os procedimentos de PRP oferecem uma solu\u00e7\u00e3o segura e eficaz para a redu\u00e7\u00e3o do tecido cicatricial. Ao injetar plasma rico em plaquetas concentrado diretamente na \u00e1rea afetada, os fatores de crescimento s\u00e3o liberados, estimulando a produ\u00e7\u00e3o de col\u00e1geno e elastina. Esse processo ajuda a suavizar a textura da pele, reduzindo a apar\u00eancia de cicatrizes.<br \/>Voc\u00ea pode ter tentado v\u00e1rios outros tratamentos, incluindo cremes e pomadas, e ainda est\u00e1 buscando os resultados desejados. O PRP estimula o processo natural de cicatriza\u00e7\u00e3o da pele, promovendo a regenera\u00e7\u00e3o de tecidos saud\u00e1veis. Nos pr\u00f3ximos meses, a cicatriz desaparecer\u00e1, proporcionando a apar\u00eancia de pele mais lisa que voc\u00ea deseja.<\/li><\/ul><ul><li><strong>Rejuvenescimento da pele facial \u2013 <\/strong>Neste tratamento, o plasma rico em plaquetas \u00e9 aplicado com maestria no rosto ap\u00f3s o microagulhamento. O PRP estimula a produ\u00e7\u00e3o de col\u00e1geno e elastina. O resultado \u00e9 uma pele mais fresca e luminosa, com apar\u00eancia mais jovem. Frequentemente, ap\u00f3s tr\u00eas sess\u00f5es, voc\u00ea ver\u00e1 resultados not\u00e1veis de revitaliza\u00e7\u00e3o da pele. Voc\u00ea pode aproveitar nosso Golden Facial, que combina microagulhamento, Botox e PRP para resultados de rejuvenescimento de luxo!<\/li><\/ul>\t\t\t\t\t\t\t\t<\/div>\n\t\t\t\t<\/div>\n\t\t<div class=\"elementor-element elementor-element-a349dcd e-con-full e-flex e-con e-child\" data-id=\"a349dcd\" data-element_type=\"container\" data-e-type=\"container\" data-settings=\"{&quot;background_background&quot;:&quot;classic&quot;}\">\n\t\t\t\t<div class=\"elementor-element elementor-element-b7be51b elementor-widget elementor-widget-heading\" data-id=\"b7be51b\" data-element_type=\"widget\" data-e-type=\"widget\" data-widget_type=\"heading.default\">\n\t\t\t\t<div class=\"elementor-widget-container\">\n\t\t\t\t\t<h2 class=\"elementor-heading-title elementor-size-default\">Inje\u00e7\u00f5es de PRP em Marietta, GA<\/h2>\t\t\t\t<\/div>\n\t\t\t\t<\/div>\n\t\t\t\t<div class=\"elementor-element elementor-element-1af44f3 elementor-align-center elementor-widget elementor-widget-button\" data-id=\"1af44f3\" data-element_type=\"widget\" data-e-type=\"widget\" data-widget_type=\"button.default\">\n\t\t\t\t<div class=\"elementor-widget-container\">\n\t\t\t\t\t\t\t\t\t<div class=\"elementor-button-wrapper\">\n\t\t\t\t\t<a class=\"elementor-button elementor-button-link elementor-size-lg\" href=\"https:\/\/peleaesthetics.janeapp.com\/#\/prp\" target=\"_blank\">\n\t\t\t\t\t\t<span class=\"elementor-button-content-wrapper\">\n\t\t\t\t\t\t\t\t\t<span class=\"elementor-button-text\">Pre\u00e7os<\/span>\n\t\t\t\t\t<\/span>\n\t\t\t\t\t<\/a>\n\t\t\t\t<\/div>\n\t\t\t\t\t\t\t\t<\/div>\n\t\t\t\t<\/div>\n\t\t\t\t<\/div>\n\t\t\t\t<div class=\"elementor-element elementor-element-08a25c5 elementor-widget elementor-widget-heading\" data-id=\"08a25c5\" data-element_type=\"widget\" data-e-type=\"widget\" data-widget_type=\"heading.default\">\n\t\t\t\t<div class=\"elementor-widget-container\">\n\t\t\t\t\t<h4 class=\"elementor-heading-title elementor-size-default\">Conhe\u00e7a nossos profissionais de cuidados com a pele<\/h4>\t\t\t\t<\/div>\n\t\t\t\t<\/div>\n\t\t\t\t<div class=\"elementor-element elementor-element-d6079ce elementor-widget elementor-widget-text-editor\" data-id=\"d6079ce\" data-element_type=\"widget\" data-e-type=\"widget\" data-widget_type=\"text-editor.default\">\n\t\t\t\t<div class=\"elementor-widget-container\">\n\t\t\t\t\t\t\t\t\t<p>\u00c9 importante se sentir \u00e0 vontade com sua equipe de tratamento. No Pele Aesthetics Medical Spa, nosso objetivo \u00e9 criar um ambiente acolhedor onde os clientes se sintam confort\u00e1veis e cuidados. Conhe\u00e7a <a href=\"https:\/\/peleaesthetics.com\/pt\/sobre-nos\/\">Dr. Figa e nossos profissionais BSN-RN<\/a>!<\/p>\t\t\t\t\t\t\t\t<\/div>\n\t\t\t\t<\/div>\n\t\t\t\t<div class=\"elementor-element elementor-element-219294f elementor-widget elementor-widget-heading\" data-id=\"219294f\" data-element_type=\"widget\" data-e-type=\"widget\" data-widget_type=\"heading.default\">\n\t\t\t\t<div class=\"elementor-widget-container\">\n\t\t\t\t\t<h4 class=\"elementor-heading-title elementor-size-default\">Quanto custam os tratamentos com PRP?<\/h4>\t\t\t\t<\/div>\n\t\t\t\t<\/div>\n\t\t\t\t<div class=\"elementor-element elementor-element-18d4573 elementor-widget elementor-widget-text-editor\" data-id=\"18d4573\" data-element_type=\"widget\" data-e-type=\"widget\" data-widget_type=\"text-editor.default\">\n\t\t\t\t<div class=\"elementor-widget-container\">\n\t\t\t\t\t\t\t\t\t<p>Consultaremos voc\u00ea sobre os custos totais associados ao seu procedimento de PRP espec\u00edfico. Al\u00e9m disso, voc\u00ea pode aproveitar nossos Planos de Pagamento Cherry, que oferecem isen\u00e7\u00e3o de consultas de cr\u00e9dito, juros de 0% e cadastro r\u00e1pido e f\u00e1cil. Obtenha os tratamentos de pele que deseja a partir de apenas US$ 30 por m\u00eas. Agende seu tratamento agora e pague depois!<\/p>\t\t\t\t\t\t\t\t<\/div>\n\t\t\t\t<\/div>\n\t\t\t\t<div class=\"elementor-element elementor-element-abd8446 elementor-widget elementor-widget-heading\" data-id=\"abd8446\" data-element_type=\"widget\" data-e-type=\"widget\" data-widget_type=\"heading.default\">\n\t\t\t\t<div class=\"elementor-widget-container\">\n\t\t\t\t\t<h4 class=\"elementor-heading-title elementor-size-default\">O tratamento com PRP \u00e9 seguro?<\/h4>\t\t\t\t<\/div>\n\t\t\t\t<\/div>\n\t\t\t\t<div class=\"elementor-element elementor-element-c52d3d2 elementor-widget elementor-widget-text-editor\" data-id=\"c52d3d2\" data-element_type=\"widget\" data-e-type=\"widget\" data-widget_type=\"text-editor.default\">\n\t\t\t\t<div class=\"elementor-widget-container\">\n\t\t\t\t\t\t\t\t\t<p>Como o plasma rico em plaquetas cont\u00e9m fatores de crescimento que estimulam a produ\u00e7\u00e3o de col\u00e1geno, ele proporciona uma melhora natural e duradoura no t\u00f4nus e na textura da pele. Da redu\u00e7\u00e3o de linhas finas \u00e0 uniformiza\u00e7\u00e3o de irregularidades de pigmenta\u00e7\u00e3o, os tratamentos com PRP s\u00e3o uma forma segura e eficaz de alcan\u00e7ar uma apar\u00eancia mais radiante e jovem.<\/p>\t\t\t\t\t\t\t\t<\/div>\n\t\t\t\t<\/div>\n\t\t\t\t<div class=\"elementor-element elementor-element-1f51587 elementor-widget elementor-widget-heading\" data-id=\"1f51587\" data-element_type=\"widget\" data-e-type=\"widget\" data-widget_type=\"heading.default\">\n\t\t\t\t<div class=\"elementor-widget-container\">\n\t\t\t\t\t<h4 class=\"elementor-heading-title elementor-size-default\">Preenchimentos s\u00e3o uma op\u00e7\u00e3o melhor para mim?<\/h4>\t\t\t\t<\/div>\n\t\t\t\t<\/div>\n\t\t\t\t<div class=\"elementor-element elementor-element-aee844b elementor-widget elementor-widget-text-editor\" data-id=\"aee844b\" data-element_type=\"widget\" data-e-type=\"widget\" data-widget_type=\"text-editor.default\">\n\t\t\t\t<div class=\"elementor-widget-container\">\n\t\t\t\t\t\t\t\t\t<p>Embora os preenchimentos tenham seus pr\u00f3prios benef\u00edcios, o PRP \u00e9 uma excelente op\u00e7\u00e3o para indiv\u00edduos que podem n\u00e3o ser candidatos adequados ou n\u00e3o desejam us\u00e1-los. Ao contr\u00e1rio dos preenchimentos d\u00e9rmicos, o PRP utiliza os mecanismos naturais de cicatriza\u00e7\u00e3o do corpo para alcan\u00e7ar resultados ideais. Como o PRP \u00e9 derivado do seu pr\u00f3prio sangue, o risco de rea\u00e7\u00f5es al\u00e9rgicas ou efeitos colaterais adversos \u00e9 m\u00ednimo. Al\u00e9m disso, a longevidade dos resultados varia, com o PRP frequentemente oferecendo uma solu\u00e7\u00e3o mais sustent\u00e1vel em compara\u00e7\u00e3o com os preenchimentos tempor\u00e1rios.<\/p>\t\t\t\t\t\t\t\t<\/div>\n\t\t\t\t<\/div>\n\t\t\t\t<div class=\"elementor-element elementor-element-2a17adf elementor-widget elementor-widget-heading\" data-id=\"2a17adf\" data-element_type=\"widget\" data-e-type=\"widget\" data-widget_type=\"heading.default\">\n\t\t\t\t<div class=\"elementor-widget-container\">\n\t\t\t\t\t<h4 class=\"elementor-heading-title elementor-size-default\">Que resultados posso esperar?<\/h4>\t\t\t\t<\/div>\n\t\t\t\t<\/div>\n\t\t\t\t<div class=\"elementor-element elementor-element-7a38bcc elementor-widget elementor-widget-text-editor\" data-id=\"7a38bcc\" data-element_type=\"widget\" data-e-type=\"widget\" data-widget_type=\"text-editor.default\">\n\t\t\t\t<div class=\"elementor-widget-container\">\n\t\t\t\t\t\t\t\t\t<p>Embora os resultados variem de pessoa para pessoa, a maioria dos pacientes observa melhorias percept\u00edveis ap\u00f3s concluir uma s\u00e9rie de 3 a 4 tratamentos com PRP, com intervalo de 1 a 2 meses. Alguns benef\u00edcios residuais podem durar at\u00e9 um ano ou mais, antes que os tratamentos de manuten\u00e7\u00e3o sejam necess\u00e1rios. Em resumo, a terapia com PRP \u00e9 uma forma eficaz de rejuvenescer a pele, utilizando as capacidades de cura e regenera\u00e7\u00e3o do pr\u00f3prio corpo.<\/p>\t\t\t\t\t\t\t\t<\/div>\n\t\t\t\t<\/div>\n\t\t\t\t<div class=\"elementor-element elementor-element-923eabc elementor-widget elementor-widget-heading\" data-id=\"923eabc\" data-element_type=\"widget\" data-e-type=\"widget\" data-widget_type=\"heading.default\">\n\t\t\t\t<div class=\"elementor-widget-container\">\n\t\t\t\t\t<h4 class=\"elementor-heading-title elementor-size-default\">PRP - A escolha ideal para sua jornada de rejuvenescimento da pele<\/h4>\t\t\t\t<\/div>\n\t\t\t\t<\/div>\n\t\t\t\t<div class=\"elementor-element elementor-element-3ca1c1f elementor-widget elementor-widget-text-editor\" data-id=\"3ca1c1f\" data-element_type=\"widget\" data-e-type=\"widget\" data-widget_type=\"text-editor.default\">\n\t\t\t\t<div class=\"elementor-widget-container\">\n\t\t\t\t\t\t\t\t\t<p>Os procedimentos de PRP oferecem uma maneira segura e eficaz de revitalizar a pele e tratar problemas como redu\u00e7\u00e3o de tecido cicatricial, remo\u00e7\u00e3o de cicatrizes de acne e problemas de tom de pele. Ao aproveitar o poder do plasma rico em plaquetas do seu pr\u00f3prio corpo, este tratamento promove a cura natural e leva a resultados duradouros.<\/p><p>Recomendamos fortemente que voc\u00ea explore o que o PRP pode fazer por voc\u00ea. \u00c9 uma op\u00e7\u00e3o eficaz para quem n\u00e3o \u00e9 candidato adequado ou simplesmente n\u00e3o deseja usar preenchimentos. Deixe o PRP liberar o potencial oculto da sua pele e revelar sua beleza interior.<\/p><p>Entre em contato com Pele Aesthetics Medical Spa para <a href=\"https:\/\/peleaesthetics.com\/pt\/faca-nos-uma-pergunta\/\">agende sua consulta hoje<\/a>!<\/p>\t\t\t\t\t\t\t\t<\/div>\n\t\t\t\t<\/div>\n\t\t\t\t\t<\/div>\n\t\t\t\t<\/div>\n\t\t<div class=\"elementor-element elementor-element-325802b e-flex e-con-boxed e-con e-parent\" data-id=\"325802b\" data-element_type=\"container\" data-e-type=\"container\" data-settings=\"{&quot;background_background&quot;:&quot;classic&quot;}\">\n\t\t\t\t\t<div class=\"e-con-inner\">\n\t\t\t\t<div class=\"elementor-element elementor-element-920f0e5 elementor-widget elementor-widget-heading\" data-id=\"920f0e5\" data-element_type=\"widget\" data-e-type=\"widget\" data-widget_type=\"heading.default\">\n\t\t\t\t<div class=\"elementor-widget-container\">\n\t\t\t\t\t<h2 class=\"elementor-heading-title elementor-size-default\">Agende seu tratamento de inje\u00e7\u00e3o de PRP em Marietta, GA<\/h2>\t\t\t\t<\/div>\n\t\t\t\t<\/div>\n\t\t\t\t<div class=\"elementor-element elementor-element-0230b02 elementor-align-center elementor-widget elementor-widget-button\" data-id=\"0230b02\" data-element_type=\"widget\" data-e-type=\"widget\" data-widget_type=\"button.default\">\n\t\t\t\t<div class=\"elementor-widget-container\">\n\t\t\t\t\t\t\t\t\t<div class=\"elementor-button-wrapper\">\n\t\t\t\t\t<a class=\"elementor-button elementor-button-link elementor-size-lg\" href=\"https:\/\/peleaesthetics.janeapp.com\/#\/prp\" target=\"_blank\">\n\t\t\t\t\t\t<span class=\"elementor-button-content-wrapper\">\n\t\t\t\t\t\t\t\t\t<span class=\"elementor-button-text\">Pre\u00e7os<\/span>\n\t\t\t\t\t<\/span>\n\t\t\t\t\t<\/a>\n\t\t\t\t<\/div>\n\t\t\t\t\t\t\t\t<\/div>\n\t\t\t\t<\/div>\n\t\t\t\t\t<\/div>\n\t\t\t\t<\/div>\n\t\t\t\t<\/div>","protected":false},"excerpt":{"rendered":"<p>Platelet-Rich Plasma (PRP) Pele Aesthetics Welcomes You Welcome to Pele Aesthetics! We offer a wide range of skin revitalization, facial, and body rejuvenation procedures at our medical spa in Marietta, GA, close to Atlanta. One treatment you may wish to try is PRP with plasma. It offers remarkable collagen rejuvenation results that can give you [&hellip;]<\/p>\n","protected":false},"author":1,"featured_media":0,"parent":0,"menu_order":0,"comment_status":"closed","ping_status":"closed","template":"elementor_header_footer","meta":{"footnotes":""},"class_list":["post-259","page","type-page","status-publish","hentry"],"acf":[],"yoast_head":"<!-- This site is optimized with the Yoast SEO plugin v27.4 - https:\/\/yoast.com\/product\/yoast-seo-wordpress\/ -->\n<title>PRP Injection &amp; Treatment in Marietta | North of Atlanta | Pele Aesthetics<\/title>\n<meta name=\"description\" content=\"Promote skin rejuvenation in your face, neck and more with PRP Plasma injection treatments in Marietta. Book an appointment with experts at Pele Aesthetics north of Atlanta.\" \/>\n<meta name=\"robots\" content=\"index, follow, max-snippet:-1, max-image-preview:large, max-video-preview:-1\" \/>\n<link rel=\"canonical\" href=\"https:\/\/peleaesthetics.com\/pt\/injecoes-de-prp\/\" \/>\n<meta property=\"og:locale\" content=\"pt_BR\" \/>\n<meta property=\"og:type\" content=\"article\" \/>\n<meta property=\"og:title\" content=\"PRP Injection &amp; Treatment in Marietta | North of Atlanta | Pele Aesthetics\" \/>\n<meta property=\"og:description\" content=\"Promote skin rejuvenation in your face, neck and more with PRP Plasma injection treatments in Marietta. Book an appointment with experts at Pele Aesthetics north of Atlanta.\" \/>\n<meta property=\"og:url\" content=\"https:\/\/peleaesthetics.com\/pt\/injecoes-de-prp\/\" \/>\n<meta property=\"og:site_name\" content=\"peleaesthetics\" \/>\n<meta property=\"article:modified_time\" content=\"2025-09-15T12:43:10+00:00\" \/>\n<meta name=\"twitter:card\" content=\"summary_large_image\" \/>\n<meta name=\"twitter:label1\" content=\"Est. tempo de leitura\" \/>\n\t<meta name=\"twitter:data1\" content=\"5 minutos\" \/>\n<!-- \/ Yoast SEO plugin. -->","yoast_head_json":{"title":"Tratamento &amp; Inje\u00e7\u00f5es de PRP em Marietta | Norte de Atlanta | Pele Aesthetics","description":"Estimule o rejuvenescimento da pele no rosto, pesco\u00e7o e mais com os tratamentos de inje\u00e7\u00e3o de Plasma Rico em Plaquetas (PRP) em Marietta. Agende uma consulta com os especialistas da Pele Aesthetics, ao norte de Atlanta.","robots":{"index":"index","follow":"follow","max-snippet":"max-snippet:-1","max-image-preview":"max-image-preview:large","max-video-preview":"max-video-preview:-1"},"canonical":"https:\/\/peleaesthetics.com\/pt\/injecoes-de-prp\/","og_locale":"pt_BR","og_type":"article","og_title":"PRP Injection & Treatment in Marietta | North of Atlanta | Pele Aesthetics","og_description":"Promote skin rejuvenation in your face, neck and more with PRP Plasma injection treatments in Marietta. Book an appointment with experts at Pele Aesthetics north of Atlanta.","og_url":"https:\/\/peleaesthetics.com\/pt\/injecoes-de-prp\/","og_site_name":"peleaesthetics","article_modified_time":"2025-09-15T12:43:10+00:00","twitter_card":"summary_large_image","twitter_misc":{"Est. tempo de leitura":"5 minutos"},"schema":{"@context":"https:\/\/schema.org","@graph":[{"@type":"WebPage","@id":"https:\/\/peleaesthetics.com\/pt\/injecoes-de-prp\/","url":"https:\/\/peleaesthetics.com\/pt\/injecoes-de-prp\/","name":"Tratamento &amp; Inje\u00e7\u00f5es de PRP em Marietta | Norte de Atlanta | Pele Aesthetics","isPartOf":{"@id":"https:\/\/peleaesthetics.com\/#website"},"datePublished":"2024-04-08T05:14:31+00:00","dateModified":"2025-09-15T12:43:10+00:00","description":"Estimule o rejuvenescimento da pele no rosto, pesco\u00e7o e mais com os tratamentos de inje\u00e7\u00e3o de Plasma Rico em Plaquetas (PRP) em Marietta. Agende uma consulta com os especialistas da Pele Aesthetics, ao norte de Atlanta.","breadcrumb":{"@id":"https:\/\/peleaesthetics.com\/pt\/injecoes-de-prp\/#breadcrumb"},"inLanguage":"pt-BR","potentialAction":[{"@type":"ReadAction","target":["https:\/\/peleaesthetics.com\/pt\/injecoes-de-prp\/"]}]},{"@type":"BreadcrumbList","@id":"https:\/\/peleaesthetics.com\/pt\/injecoes-de-prp\/#breadcrumb","itemListElement":[{"@type":"ListItem","position":1,"name":"Home","item":"https:\/\/peleaesthetics.com\/"},{"@type":"ListItem","position":2,"name":"PRP Injections"}]},{"@type":"WebSite","@id":"https:\/\/peleaesthetics.com\/#website","url":"https:\/\/peleaesthetics.com\/","name":"peleaesthetics","description":"","publisher":{"@id":"https:\/\/peleaesthetics.com\/#organization"},"potentialAction":[{"@type":"SearchAction","target":{"@type":"EntryPoint","urlTemplate":"https:\/\/peleaesthetics.com\/?s={search_term_string}"},"query-input":{"@type":"PropertyValueSpecification","valueRequired":true,"valueName":"search_term_string"}}],"inLanguage":"pt-BR"},{"@type":"Organization","@id":"https:\/\/peleaesthetics.com\/#organization","name":"peleaesthetics","url":"https:\/\/peleaesthetics.com\/","logo":{"@type":"ImageObject","inLanguage":"pt-BR","@id":"https:\/\/peleaesthetics.com\/#\/schema\/logo\/image\/","url":"https:\/\/peleaesthetics.com\/wp-content\/uploads\/2024\/03\/pele-aesthetics-logo.png","contentUrl":"https:\/\/peleaesthetics.com\/wp-content\/uploads\/2024\/03\/pele-aesthetics-logo.png","width":258,"height":53,"caption":"peleaesthetics"},"image":{"@id":"https:\/\/peleaesthetics.com\/#\/schema\/logo\/image\/"}}]}},"_links":{"self":[{"href":"https:\/\/peleaesthetics.com\/pt\/wp-json\/wp\/v2\/pages\/259","targetHints":{"allow":["GET"]}}],"collection":[{"href":"https:\/\/peleaesthetics.com\/pt\/wp-json\/wp\/v2\/pages"}],"about":[{"href":"https:\/\/peleaesthetics.com\/pt\/wp-json\/wp\/v2\/types\/page"}],"author":[{"embeddable":true,"href":"https:\/\/peleaesthetics.com\/pt\/wp-json\/wp\/v2\/users\/1"}],"replies":[{"embeddable":true,"href":"https:\/\/peleaesthetics.com\/pt\/wp-json\/wp\/v2\/comments?post=259"}],"version-history":[{"count":32,"href":"https:\/\/peleaesthetics.com\/pt\/wp-json\/wp\/v2\/pages\/259\/revisions"}],"predecessor-version":[{"id":1605,"href":"https:\/\/peleaesthetics.com\/pt\/wp-json\/wp\/v2\/pages\/259\/revisions\/1605"}],"wp:attachment":[{"href":"https:\/\/peleaesthetics.com\/pt\/wp-json\/wp\/v2\/media?parent=259"}],"curies":[{"name":"wp","href":"https:\/\/api.w.org\/{rel}","templated":true}]}}