{"id":36,"date":"2024-03-26T10:12:23","date_gmt":"2024-03-26T10:12:23","guid":{"rendered":"http:\/\/peleaesthetics.com\/ask-us-a-question\/"},"modified":"2025-09-16T06:37:35","modified_gmt":"2025-09-16T06:37:35","slug":"faca-nos-uma-pergunta","status":"publish","type":"page","link":"https:\/\/peleaesthetics.com\/pt\/faca-nos-uma-pergunta\/","title":{"rendered":"Fa\u00e7a-nos uma pergunta"},"content":{"rendered":"\t\t<div data-elementor-type=\"wp-page\" data-elementor-id=\"36\" class=\"elementor elementor-36\" data-elementor-post-type=\"page\">\n\t\t\t\t<div class=\"elementor-element elementor-element-2617f6b1 e-flex e-con-boxed e-con e-parent\" data-id=\"2617f6b1\" data-element_type=\"container\" data-e-type=\"container\" data-settings=\"{&quot;background_background&quot;:&quot;classic&quot;}\">\n\t\t\t\t\t<div class=\"e-con-inner\">\n\t\t<div class=\"elementor-element elementor-element-60eba036 e-con-full e-flex e-con e-child\" data-id=\"60eba036\" data-element_type=\"container\" data-e-type=\"container\">\n\t\t<div class=\"elementor-element elementor-element-36dc624d e-con-full e-flex e-con e-child\" data-id=\"36dc624d\" data-element_type=\"container\" data-e-type=\"container\">\n\t\t\t\t<div class=\"elementor-element elementor-element-15d45541 elementor-widget elementor-widget-heading\" data-id=\"15d45541\" data-element_type=\"widget\" data-e-type=\"widget\" data-widget_type=\"heading.default\">\n\t\t\t\t<div class=\"elementor-widget-container\">\n\t\t\t\t\t<h1 class=\"elementor-heading-title elementor-size-default\">ASK US A QUESTION<\/h1>\t\t\t\t<\/div>\n\t\t\t\t<\/div>\n\t\t\t\t<\/div>\n\t\t\t\t<\/div>\n\t\t\t\t\t<\/div>\n\t\t\t\t<\/div>\n\t\t<div class=\"elementor-element elementor-element-1444aba2 e-flex e-con-boxed e-con e-parent\" data-id=\"1444aba2\" data-element_type=\"container\" data-e-type=\"container\">\n\t\t\t\t\t<div class=\"e-con-inner\">\n\t\t<div class=\"elementor-element elementor-element-289fc037 e-con-full e-flex e-con e-child\" data-id=\"289fc037\" data-element_type=\"container\" data-e-type=\"container\">\n\t\t\t\t<div class=\"elementor-element elementor-element-50d622fc elementor-widget elementor-widget-heading\" data-id=\"50d622fc\" data-element_type=\"widget\" data-e-type=\"widget\" data-widget_type=\"heading.default\">\n\t\t\t\t<div class=\"elementor-widget-container\">\n\t\t\t\t\t<h2 class=\"elementor-heading-title elementor-size-default\">ASK US A QUESTION<\/h2>\t\t\t\t<\/div>\n\t\t\t\t<\/div>\n\t\t\t\t<div class=\"elementor-element elementor-element-521fb0d0 elementor-widget elementor-widget-text-editor\" data-id=\"521fb0d0\" data-element_type=\"widget\" data-e-type=\"widget\" data-widget_type=\"text-editor.default\">\n\t\t\t\t<div class=\"elementor-widget-container\">\n\t\t\t\t\t\t\t\t\t<p>Thank you for considering our services. We understand that choosing the right treatment can be crucial, and we want to ensure that all your questions and concerns are addressed.<\/p><p>This page is dedicated to answering any questions you may have regarding our services. Please feel free to ask us anything; our knowledgeable team will provide you with the information you need.<\/p><p>To submit your question, simply fill out this form.<\/p>\t\t\t\t\t\t\t\t<\/div>\n\t\t\t\t<\/div>\n\t\t\t\t<\/div>\n\t\t<div class=\"elementor-element elementor-element-17dfd84e e-con-full e-flex e-con e-child\" data-id=\"17dfd84e\" data-element_type=\"container\" data-e-type=\"container\" data-settings=\"{&quot;background_background&quot;:&quot;classic&quot;}\">\n\t\t\t\t<div class=\"elementor-element elementor-element-f63f5a8 elementor-widget elementor-widget-shortcode\" data-id=\"f63f5a8\" data-element_type=\"widget\" data-e-type=\"widget\" data-widget_type=\"shortcode.default\">\n\t\t\t\t<div class=\"elementor-widget-container\">\n\t\t\t\t\t\t\t<div class=\"elementor-shortcode\"><style id=\"wpforms-css-vars-372\">\n\t\t\t\t#wpforms-372 {\n\t\t\t\t\n\t\t\t}\n\t\t\t<\/style><div class=\"wpforms-container wpforms-container-full wpforms-render-modern\" id=\"wpforms-372\"><form id=\"wpforms-form-372\" class=\"wpforms-validate wpforms-form\" data-formid=\"372\" method=\"post\" enctype=\"multipart\/form-data\" action=\"\/pt\/wp-json\/wp\/v2\/pages\/36\" data-token=\"b2aa9a899aa16fd796864c8682c985df\" data-token-time=\"1776965184\"><noscript class=\"wpforms-error-noscript\">Ative o JavaScript no seu navegador para preencher este formul\u00e1rio.<\/noscript><div id=\"wpforms-error-noscript\" style=\"display: none;\">Ative o JavaScript no seu navegador para preencher este formul\u00e1rio.<\/div><div class=\"wpforms-field-container\"><div id=\"wpforms-372-field_6-container\" class=\"wpforms-field wpforms-field-name\" data-field-id=\"6\"><fieldset><legend class=\"wpforms-field-label\">Name <span class=\"wpforms-required-label\" aria-hidden=\"true\">*<\/span><\/legend><div class=\"wpforms-field-row wpforms-field-large\"><div class=\"wpforms-field-row-block wpforms-first wpforms-one-half\"><input type=\"text\" id=\"wpforms-372-field_6\" class=\"wpforms-field-name-first wpforms-field-required\" name=\"wpforms[fields][6][first]\" aria-errormessage=\"wpforms-372-field_6-error\" required><label for=\"wpforms-372-field_6\" class=\"wpforms-field-sublabel after\">Nome<\/label><\/div><div class=\"wpforms-field-row-block wpforms-one-half\"><input type=\"text\" id=\"wpforms-372-field_6-last\" class=\"wpforms-field-name-last wpforms-field-required\" name=\"wpforms[fields][6][last]\" aria-errormessage=\"wpforms-372-field_6-last-error\" required><label for=\"wpforms-372-field_6-last\" class=\"wpforms-field-sublabel after\">Sobrenome<\/label><\/div><\/div><\/fieldset><\/div><div id=\"wpforms-372-field_4-container\" class=\"wpforms-field wpforms-field-number\" data-field-id=\"4\"><label class=\"wpforms-field-label\" for=\"wpforms-372-field_4\">Phone # <span class=\"wpforms-required-label\" aria-hidden=\"true\">*<\/span><\/label><input type=\"number\" id=\"wpforms-372-field_4\" class=\"wpforms-field-large wpforms-field-required\" name=\"wpforms[fields][4]\" step=\"any\" aria-errormessage=\"wpforms-372-field_4-error\" required><\/div><div id=\"wpforms-372-field_1-container\" class=\"wpforms-field wpforms-field-email\" data-field-id=\"1\"><label class=\"wpforms-field-label\" for=\"wpforms-372-field_1\">Your Email <span class=\"wpforms-required-label\" aria-hidden=\"true\">*<\/span><\/label><input type=\"email\" id=\"wpforms-372-field_1\" class=\"wpforms-field-large wpforms-field-required\" name=\"wpforms[fields][1]\" spellcheck=\"false\" aria-errormessage=\"wpforms-372-field_1-error\" required><\/div><div id=\"wpforms-372-field_2-container\" class=\"wpforms-field wpforms-field-textarea\" data-field-id=\"2\"><label class=\"wpforms-field-label\" for=\"wpforms-372-field_2\">Please enter your question <span class=\"wpforms-required-label\" aria-hidden=\"true\">*<\/span><\/label><textarea id=\"wpforms-372-field_2\" class=\"wpforms-field-large wpforms-field-required\" name=\"wpforms[fields][2]\" aria-errormessage=\"wpforms-372-field_2-error\" required><\/textarea><\/div><\/div><!-- .wpforms-field-container --><div class=\"wpforms-submit-container\" ><input type=\"hidden\" name=\"wpforms[id]\" value=\"372\"><input type=\"hidden\" name=\"page_title\" value=\"\"><input type=\"hidden\" name=\"page_url\" value=\"https:\/\/peleaesthetics.com\/pt\/wp-json\/wp\/v2\/pages\/36\"><input type=\"hidden\" name=\"url_referer\" value=\"\"><button type=\"submit\" name=\"wpforms[submit]\" id=\"wpforms-submit-372\" class=\"wpforms-submit\" data-alt-text=\"Sending...\" data-submit-text=\"Send\" aria-live=\"assertive\" value=\"wpforms-submit\">Send<\/button><\/div><\/form><\/div>  <!-- .wpforms-container -->\t<\/div>\n\t\t\t\t\t\t<\/div>\n\t\t\t\t<\/div>\n\t\t\t\t<\/div>\n\t\t\t\t\t<\/div>\n\t\t\t\t<\/div>\n\t\t<div class=\"elementor-element elementor-element-35c05f28 e-con-full e-flex e-con e-parent\" data-id=\"35c05f28\" data-element_type=\"container\" data-e-type=\"container\">\n\t\t\t\t<div class=\"elementor-element elementor-element-7229139c elementor-widget elementor-widget-google_maps\" data-id=\"7229139c\" data-element_type=\"widget\" data-e-type=\"widget\" data-widget_type=\"google_maps.default\">\n\t\t\t\t<div class=\"elementor-widget-container\">\n\t\t\t\t\t\t\t<div class=\"elementor-custom-embed\">\n\t\t\t<iframe loading=\"lazy\"\n\t\t\t\t\tsrc=\"https:\/\/maps.google.com\/maps?q=Pele%20Aesthetics%2C%203025%20Maple%20Dr%2C%20Atlanta%20Ga%2030305&#038;t=m&#038;z=11&#038;output=embed&#038;iwloc=near\"\n\t\t\t\t\ttitle=\"Pele Aesthetics, 3025 Maple Dr, Atlanta Ga 30305\"\n\t\t\t\t\taria-label=\"Pele Aesthetics, 3025 Maple Dr, Atlanta Ga 30305\"\n\t\t\t><\/iframe>\n\t\t<\/div>\n\t\t\t\t\t\t<\/div>\n\t\t\t\t<\/div>\n\t\t\t\t<\/div>\n\t\t\t\t<\/div>\n\t\t","protected":false},"excerpt":{"rendered":"<p>ASK US A QUESTION ASK US A QUESTION Thank you for considering our services. We understand that choosing the right treatment can be crucial, and we want to ensure that all your questions and concerns are addressed. This page is dedicated to answering any questions you may have regarding our services. Please feel free to [&hellip;]<\/p>\n","protected":false},"author":1,"featured_media":0,"parent":0,"menu_order":0,"comment_status":"closed","ping_status":"closed","template":"elementor_header_footer","meta":{"footnotes":""},"class_list":["post-36","page","type-page","status-publish","hentry"],"acf":[],"yoast_head":"<!-- This site is optimized with the Yoast SEO plugin v27.4 - https:\/\/yoast.com\/product\/yoast-seo-wordpress\/ -->\n<title>Contact Us | Pele Aesthetics<\/title>\n<meta name=\"description\" content=\"Contact Pele Aesthetics to ask about our beauty injections, laser hair removal, or other skin treatments north of Atlanta in Marietta!\" \/>\n<meta name=\"robots\" content=\"noindex, nofollow\" \/>\n<meta property=\"og:locale\" content=\"pt_BR\" \/>\n<meta property=\"og:type\" content=\"article\" \/>\n<meta property=\"og:title\" content=\"Contact Us | Pele Aesthetics\" \/>\n<meta property=\"og:description\" content=\"Contact Pele Aesthetics to ask about our beauty injections, laser hair removal, or other skin treatments north of Atlanta in Marietta!\" \/>\n<meta property=\"og:url\" content=\"https:\/\/peleaesthetics.com\/pt\/faca-nos-uma-pergunta\/\" \/>\n<meta property=\"og:site_name\" content=\"peleaesthetics\" \/>\n<meta property=\"article:modified_time\" content=\"2025-09-16T06:37:35+00:00\" \/>\n<meta name=\"twitter:card\" content=\"summary_large_image\" \/>\n<meta name=\"twitter:label1\" content=\"Est. tempo de leitura\" \/>\n\t<meta name=\"twitter:data1\" content=\"1 minuto\" \/>\n<!-- \/ Yoast SEO plugin. -->","yoast_head_json":{"title":"Fale Conosco | Pele Aesthetics","description":"Entre em contato com a Pele Aesthetics para saber mais sobre nossas inje\u00e7\u00f5es de beleza, depila\u00e7\u00e3o a laser ou outros tratamentos de pele em Marietta, ao norte de Atlanta!","robots":{"index":"noindex","follow":"nofollow"},"og_locale":"pt_BR","og_type":"article","og_title":"Contact Us | Pele Aesthetics","og_description":"Contact Pele Aesthetics to ask about our beauty injections, laser hair removal, or other skin treatments north of Atlanta in Marietta!","og_url":"https:\/\/peleaesthetics.com\/pt\/faca-nos-uma-pergunta\/","og_site_name":"peleaesthetics","article_modified_time":"2025-09-16T06:37:35+00:00","twitter_card":"summary_large_image","twitter_misc":{"Est. tempo de leitura":"1 minuto"},"schema":{"@context":"https:\/\/schema.org","@graph":[{"@type":"WebPage","@id":"https:\/\/peleaesthetics.com\/ask-us-a-question\/","url":"https:\/\/peleaesthetics.com\/ask-us-a-question\/","name":"Fale Conosco | Pele Aesthetics","isPartOf":{"@id":"https:\/\/peleaesthetics.com\/#website"},"datePublished":"2024-03-26T10:12:23+00:00","dateModified":"2025-09-16T06:37:35+00:00","description":"Entre em contato com a Pele Aesthetics para saber mais sobre nossas inje\u00e7\u00f5es de beleza, depila\u00e7\u00e3o a laser ou outros tratamentos de pele em Marietta, ao norte de Atlanta!","breadcrumb":{"@id":"https:\/\/peleaesthetics.com\/ask-us-a-question\/#breadcrumb"},"inLanguage":"pt-BR","potentialAction":[{"@type":"ReadAction","target":["https:\/\/peleaesthetics.com\/ask-us-a-question\/"]}]},{"@type":"BreadcrumbList","@id":"https:\/\/peleaesthetics.com\/ask-us-a-question\/#breadcrumb","itemListElement":[{"@type":"ListItem","position":1,"name":"Home","item":"https:\/\/peleaesthetics.com\/"},{"@type":"ListItem","position":2,"name":"Ask us a question"}]},{"@type":"WebSite","@id":"https:\/\/peleaesthetics.com\/#website","url":"https:\/\/peleaesthetics.com\/","name":"peleaesthetics","description":"","publisher":{"@id":"https:\/\/peleaesthetics.com\/#organization"},"potentialAction":[{"@type":"SearchAction","target":{"@type":"EntryPoint","urlTemplate":"https:\/\/peleaesthetics.com\/?s={search_term_string}"},"query-input":{"@type":"PropertyValueSpecification","valueRequired":true,"valueName":"search_term_string"}}],"inLanguage":"pt-BR"},{"@type":"Organization","@id":"https:\/\/peleaesthetics.com\/#organization","name":"peleaesthetics","url":"https:\/\/peleaesthetics.com\/","logo":{"@type":"ImageObject","inLanguage":"pt-BR","@id":"https:\/\/peleaesthetics.com\/#\/schema\/logo\/image\/","url":"https:\/\/peleaesthetics.com\/wp-content\/uploads\/2024\/03\/pele-aesthetics-logo.png","contentUrl":"https:\/\/peleaesthetics.com\/wp-content\/uploads\/2024\/03\/pele-aesthetics-logo.png","width":258,"height":53,"caption":"peleaesthetics"},"image":{"@id":"https:\/\/peleaesthetics.com\/#\/schema\/logo\/image\/"}}]}},"_links":{"self":[{"href":"https:\/\/peleaesthetics.com\/pt\/wp-json\/wp\/v2\/pages\/36","targetHints":{"allow":["GET"]}}],"collection":[{"href":"https:\/\/peleaesthetics.com\/pt\/wp-json\/wp\/v2\/pages"}],"about":[{"href":"https:\/\/peleaesthetics.com\/pt\/wp-json\/wp\/v2\/types\/page"}],"author":[{"embeddable":true,"href":"https:\/\/peleaesthetics.com\/pt\/wp-json\/wp\/v2\/users\/1"}],"replies":[{"embeddable":true,"href":"https:\/\/peleaesthetics.com\/pt\/wp-json\/wp\/v2\/comments?post=36"}],"version-history":[{"count":13,"href":"https:\/\/peleaesthetics.com\/pt\/wp-json\/wp\/v2\/pages\/36\/revisions"}],"predecessor-version":[{"id":1632,"href":"https:\/\/peleaesthetics.com\/pt\/wp-json\/wp\/v2\/pages\/36\/revisions\/1632"}],"wp:attachment":[{"href":"https:\/\/peleaesthetics.com\/pt\/wp-json\/wp\/v2\/media?parent=36"}],"curies":[{"name":"wp","href":"https:\/\/api.w.org\/{rel}","templated":true}]}}