{"id":40,"date":"2024-03-26T10:12:23","date_gmt":"2024-03-26T10:12:23","guid":{"rendered":"http:\/\/peleaesthetics.com\/hylenex\/"},"modified":"2025-12-19T13:17:14","modified_gmt":"2025-12-19T13:17:14","slug":"hylenex","status":"publish","type":"page","link":"https:\/\/peleaesthetics.com\/pt\/hylenex\/","title":{"rendered":"Hylenex"},"content":{"rendered":"<div data-elementor-type=\"wp-page\" data-elementor-id=\"40\" class=\"elementor elementor-40\" data-elementor-post-type=\"page\">\n\t\t\t\t<div class=\"elementor-element elementor-element-3a4e3040 e-flex e-con-boxed e-con e-parent\" data-id=\"3a4e3040\" data-element_type=\"container\" data-e-type=\"container\" data-settings=\"{&quot;background_background&quot;:&quot;classic&quot;}\">\n\t\t\t\t\t<div class=\"e-con-inner\">\n\t\t<div class=\"elementor-element elementor-element-2ba5803e e-con-full e-flex e-con e-child\" data-id=\"2ba5803e\" data-element_type=\"container\" data-e-type=\"container\">\n\t\t<div class=\"elementor-element elementor-element-71be9b59 e-con-full e-flex e-con e-child\" data-id=\"71be9b59\" data-element_type=\"container\" data-e-type=\"container\">\n\t\t\t\t<div class=\"elementor-element elementor-element-3335c852 elementor-widget elementor-widget-heading\" data-id=\"3335c852\" data-element_type=\"widget\" data-e-type=\"widget\" data-widget_type=\"heading.default\">\n\t\t\t\t<div class=\"elementor-widget-container\">\n\t\t\t\t\t<h1 class=\"elementor-heading-title elementor-size-default\">Inje\u00e7\u00f5es de Hylenex, dissolvente de preenchimento<\/h1>\t\t\t\t<\/div>\n\t\t\t\t<\/div>\n\t\t\t\t<\/div>\n\t\t\t\t<\/div>\n\t\t\t\t\t<\/div>\n\t\t\t\t<\/div>\n\t\t<div class=\"elementor-element elementor-element-349c728c e-flex e-con-boxed e-con e-parent\" data-id=\"349c728c\" data-element_type=\"container\" data-e-type=\"container\" data-settings=\"{&quot;background_background&quot;:&quot;classic&quot;}\">\n\t\t\t\t\t<div class=\"e-con-inner\">\n\t\t<div class=\"elementor-element elementor-element-4eb346be e-con-full e-flex e-con e-child\" data-id=\"4eb346be\" data-element_type=\"container\" data-e-type=\"container\">\n\t\t<div class=\"elementor-element elementor-element-31d09f8f e-con-full e-flex e-con e-child\" data-id=\"31d09f8f\" data-element_type=\"container\" data-e-type=\"container\">\n\t\t\t\t<div class=\"elementor-element elementor-element-50a65122 elementor-widget elementor-widget-image\" data-id=\"50a65122\" data-element_type=\"widget\" data-e-type=\"widget\" data-widget_type=\"image.default\">\n\t\t\t\t<div class=\"elementor-widget-container\">\n\t\t\t\t\t\t\t\t\t\t\t\t\t\t\t<img fetchpriority=\"high\" decoding=\"async\" width=\"1024\" height=\"847\" src=\"https:\/\/peleaesthetics.com\/wp-content\/uploads\/2024\/03\/hylenex.webp\" class=\"attachment-full size-full wp-image-42\" alt=\"\" \/>\t\t\t\t\t\t\t\t\t\t\t\t\t\t\t<\/div>\n\t\t\t\t<\/div>\n\t\t\t\t<\/div>\n\t\t<div class=\"elementor-element elementor-element-292e33c0 e-con-full e-flex e-con e-child\" data-id=\"292e33c0\" data-element_type=\"container\" data-e-type=\"container\">\n\t\t\t\t<div class=\"elementor-element elementor-element-30642ac1 elementor-widget elementor-widget-heading\" data-id=\"30642ac1\" data-element_type=\"widget\" data-e-type=\"widget\" data-widget_type=\"heading.default\">\n\t\t\t\t<div class=\"elementor-widget-container\">\n\t\t\t\t\t<h2 class=\"elementor-heading-title elementor-size-default\">Inje\u00e7\u00f5es de Hylenex, dissolvente de preenchimento\n<\/h2>\t\t\t\t<\/div>\n\t\t\t\t<\/div>\n\t\t\t\t<div class=\"elementor-element elementor-element-62846091 elementor-widget elementor-widget-text-editor\" data-id=\"62846091\" data-element_type=\"widget\" data-e-type=\"widget\" data-widget_type=\"text-editor.default\">\n\t\t\t\t<div class=\"elementor-widget-container\">\n\t\t\t\t\t\t\t\t\tSe voc\u00ea tiver resultados indesejados ap\u00f3s um preenchimento d\u00e9rmico, uma inje\u00e7\u00e3o de Hylenex pode ajudar a resolver esses problemas. O agente funciona como um produto de revers\u00e3o injetado na pele para dissolver os preenchimentos instantaneamente. O Hylenex ser\u00e1 injetado no local exato do preenchimento d\u00e9rmico problem\u00e1tico para reverter os efeitos. A inje\u00e7\u00e3o funciona para dissolver quaisquer preenchimentos feitos de \u00e1cido hialur\u00f4nico. Ap\u00f3s algumas horas ou dias, a \u00e1rea retornar\u00e1 ao seu estado original.\t\t\t\t\t\t\t\t<\/div>\n\t\t\t\t<\/div>\n\t\t\t\t<div class=\"elementor-element elementor-element-1411de67 elementor-widget elementor-widget-button\" data-id=\"1411de67\" data-element_type=\"widget\" data-e-type=\"widget\" data-widget_type=\"button.default\">\n\t\t\t\t<div class=\"elementor-widget-container\">\n\t\t\t\t\t\t\t\t\t<div class=\"elementor-button-wrapper\">\n\t\t\t\t\t<a class=\"elementor-button elementor-button-link elementor-size-sm\" href=\"https:\/\/peleaesthetics.janeapp.com\/#\/hylenex-filler-dissolver\" target=\"_blank\">\n\t\t\t\t\t\t<span class=\"elementor-button-content-wrapper\">\n\t\t\t\t\t\t\t\t\t<span class=\"elementor-button-text\">Pre\u00e7os<\/span>\n\t\t\t\t\t<\/span>\n\t\t\t\t\t<\/a>\n\t\t\t\t<\/div>\n\t\t\t\t\t\t\t\t<\/div>\n\t\t\t\t<\/div>\n\t\t\t\t<\/div>\n\t\t\t\t<\/div>\n\t\t<div class=\"elementor-element elementor-element-6f7c22ee e-con-full e-flex e-con e-child\" data-id=\"6f7c22ee\" data-element_type=\"container\" data-e-type=\"container\">\n\t\t\t\t<div class=\"elementor-element elementor-element-3a241e88 elementor-widget elementor-widget-heading\" data-id=\"3a241e88\" data-element_type=\"widget\" data-e-type=\"widget\" data-widget_type=\"heading.default\">\n\t\t\t\t<div class=\"elementor-widget-container\">\n\t\t\t\t\t<h4 class=\"elementor-heading-title elementor-size-default\">Como funciona o Hylenex<\/h4>\t\t\t\t<\/div>\n\t\t\t\t<\/div>\n\t\t\t\t<div class=\"elementor-element elementor-element-270a8d4b elementor-widget elementor-widget-text-editor\" data-id=\"270a8d4b\" data-element_type=\"widget\" data-e-type=\"widget\" data-widget_type=\"text-editor.default\">\n\t\t\t\t<div class=\"elementor-widget-container\">\n\t\t\t\t\t\t\t\t\t<p>O Hylenex, ou hialuronidase, \u00e9 uma enzima proteica natural que decomp\u00f5e o \u00e1cido hialur\u00f4nico ao ser injetado ap\u00f3s o tratamento de preenchimento d\u00e9rmico para reverter seus efeitos. Ela separa as mol\u00e9culas do \u00e1cido hialur\u00f4nico e permite que seu corpo as reabsorva. Depois que nossos especialistas da Pele Aesthetics em Marietta GA, na \u00e1rea de Atlanta, injetarem em sua pele o dissolvente de preenchimento Hylenex, os resultados do tratamento de preenchimento d\u00e9rmico desaparecer\u00e3o e sua pele voltar\u00e1 \u00e0 apar\u00eancia natural.<\/p><p>Os efeitos do Hylenex levam em m\u00e9dia 48 horas para serem vis\u00edveis. \u00c9 importante observar que voc\u00ea poder\u00e1 notar incha\u00e7o ap\u00f3s a inje\u00e7\u00e3o, que desaparecer\u00e1 gradualmente. Nossos especialistas m\u00e9dicos treinados discutir\u00e3o os resultados esperados da inje\u00e7\u00e3o e os efeitos colaterais leves que voc\u00ea pode esperar. Ap\u00f3s uma m\u00e9dia de 10 a 14 dias, voc\u00ea poder\u00e1 optar por uma nova inje\u00e7\u00e3o de preenchimento com nossos especialistas.<\/p>\t\t\t\t\t\t\t\t<\/div>\n\t\t\t\t<\/div>\n\t\t\t\t<div class=\"elementor-element elementor-element-1f51ad51 elementor-widget elementor-widget-heading\" data-id=\"1f51ad51\" data-element_type=\"widget\" data-e-type=\"widget\" data-widget_type=\"heading.default\">\n\t\t\t\t<div class=\"elementor-widget-container\">\n\t\t\t\t\t<h4 class=\"elementor-heading-title elementor-size-default\">Uma op\u00e7\u00e3o de tratamento r\u00e1pido<\/h4>\t\t\t\t<\/div>\n\t\t\t\t<\/div>\n\t\t\t\t<div class=\"elementor-element elementor-element-7ee582e5 elementor-widget elementor-widget-text-editor\" data-id=\"7ee582e5\" data-element_type=\"widget\" data-e-type=\"widget\" data-widget_type=\"text-editor.default\">\n\t\t\t\t<div class=\"elementor-widget-container\">\n\t\t\t\t\t\t\t\t\t<p>O tratamento com Hylenex leva apenas alguns minutos para ser conclu\u00eddo. Ap\u00f3s a inje\u00e7\u00e3o, os medicamentos come\u00e7am a fazer efeito imediatamente. Alguns pacientes podem notar uma desinfla\u00e7\u00e3o imediata, enquanto outros podem levar horas e v\u00e1rias inje\u00e7\u00f5es para notar os resultados.<\/p>\t\t\t\t\t\t\t\t<\/div>\n\t\t\t\t<\/div>\n\t\t\t\t<div class=\"elementor-element elementor-element-21249c89 elementor-widget elementor-widget-heading\" data-id=\"21249c89\" data-element_type=\"widget\" data-e-type=\"widget\" data-widget_type=\"heading.default\">\n\t\t\t\t<div class=\"elementor-widget-container\">\n\t\t\t\t\t<h4 class=\"elementor-heading-title elementor-size-default\">Um procedimento indolor<\/h4>\t\t\t\t<\/div>\n\t\t\t\t<\/div>\n\t\t\t\t<div class=\"elementor-element elementor-element-25f1cea8 elementor-widget elementor-widget-text-editor\" data-id=\"25f1cea8\" data-element_type=\"widget\" data-e-type=\"widget\" data-widget_type=\"text-editor.default\">\n\t\t\t\t<div class=\"elementor-widget-container\">\n\t\t\t\t\t\t\t\t\t<p>As inje\u00e7\u00f5es s\u00e3o indolores e realizadas em ambiente ambulatorial. Podem ser realizadas sem a necessidade de administra\u00e7\u00e3o de analg\u00e9sicos. Cremes anest\u00e9sicos durante o procedimento s\u00e3o desnecess\u00e1rios, pois o m\u00e9todo de tratamento \u00e9 n\u00e3o invasivo.<\/p>\t\t\t\t\t\t\t\t<\/div>\n\t\t\t\t<\/div>\n\t\t\t\t<div class=\"elementor-element elementor-element-c1f6a39 elementor-widget elementor-widget-heading\" data-id=\"c1f6a39\" data-element_type=\"widget\" data-e-type=\"widget\" data-widget_type=\"heading.default\">\n\t\t\t\t<div class=\"elementor-widget-container\">\n\t\t\t\t\t<h4 class=\"elementor-heading-title elementor-size-default\">Um m\u00e9todo de tratamento de baixo risco<\/h4>\t\t\t\t<\/div>\n\t\t\t\t<\/div>\n\t\t\t\t<div class=\"elementor-element elementor-element-45011bc3 elementor-widget elementor-widget-text-editor\" data-id=\"45011bc3\" data-element_type=\"widget\" data-e-type=\"widget\" data-widget_type=\"text-editor.default\">\n\t\t\t\t<div class=\"elementor-widget-container\">\n\t\t\t\t\t\t\t\t\t<p>Outro ponto positivo sobre a inje\u00e7\u00e3o de Hylenex \u00e9 que ela apresenta baixo risco. Ela atua revertendo os efeitos de preenchimentos d\u00e9rmicos migrados, com caro\u00e7os ou mal posicionados. Atua de forma eficaz sem causar danos \u00e0 superf\u00edcie da pele. Alguns efeitos colaterais das inje\u00e7\u00f5es incluem incha\u00e7o, coceira ou dor leve no local da inje\u00e7\u00e3o. Quando nossos especialistas aplicam a inje\u00e7\u00e3o, voc\u00ea pode esperar baixos riscos.<\/p>\t\t\t\t\t\t\t\t<\/div>\n\t\t\t\t<\/div>\n\t\t\t\t<div class=\"elementor-element elementor-element-444f9d elementor-widget elementor-widget-heading\" data-id=\"444f9d\" data-element_type=\"widget\" data-e-type=\"widget\" data-widget_type=\"heading.default\">\n\t\t\t\t<div class=\"elementor-widget-container\">\n\t\t\t\t\t<h4 class=\"elementor-heading-title elementor-size-default\">Rea\u00e7\u00f5es al\u00e9rgicas m\u00ednimas<\/h4>\t\t\t\t<\/div>\n\t\t\t\t<\/div>\n\t\t\t\t<div class=\"elementor-element elementor-element-565032e4 elementor-widget elementor-widget-text-editor\" data-id=\"565032e4\" data-element_type=\"widget\" data-e-type=\"widget\" data-widget_type=\"text-editor.default\">\n\t\t\t\t<div class=\"elementor-widget-container\">\n\t\t\t\t\t\t\t\t\t<p>Hylenex \u00e9 uma enzima que ocorre naturalmente no seu corpo. Portanto, s\u00e3o esperadas rea\u00e7\u00f5es al\u00e9rgicas m\u00ednimas ap\u00f3s a inje\u00e7\u00e3o. A maioria dos pacientes tolera bem as inje\u00e7\u00f5es e observar\u00e1 \u00f3timos resultados ap\u00f3s algumas horas.<\/p>\t\t\t\t\t\t\t\t<\/div>\n\t\t\t\t<\/div>\n\t\t\t\t<\/div>\n\t\t\t\t\t<\/div>\n\t\t\t\t<\/div>\n\t\t<div class=\"elementor-element elementor-element-775d68ab e-flex e-con-boxed e-con e-parent\" data-id=\"775d68ab\" data-element_type=\"container\" data-e-type=\"container\" data-settings=\"{&quot;background_background&quot;:&quot;classic&quot;}\">\n\t\t\t\t\t<div class=\"e-con-inner\">\n\t\t\t\t<div class=\"elementor-element elementor-element-2b30da90 elementor-widget elementor-widget-heading\" data-id=\"2b30da90\" data-element_type=\"widget\" data-e-type=\"widget\" data-widget_type=\"heading.default\">\n\t\t\t\t<div class=\"elementor-widget-container\">\n\t\t\t\t\t<h2 class=\"elementor-heading-title elementor-size-default\">Agende hoje mesmo sua inje\u00e7\u00e3o de hylenex para dissolver enchimentos em Marietta, GA<\/h2>\t\t\t\t<\/div>\n\t\t\t\t<\/div>\n\t\t\t\t<div class=\"elementor-element elementor-element-2fcadeae elementor-align-center elementor-widget elementor-widget-button\" data-id=\"2fcadeae\" data-element_type=\"widget\" data-e-type=\"widget\" data-widget_type=\"button.default\">\n\t\t\t\t<div class=\"elementor-widget-container\">\n\t\t\t\t\t\t\t\t\t<div class=\"elementor-button-wrapper\">\n\t\t\t\t\t<a class=\"elementor-button elementor-button-link elementor-size-lg\" href=\"https:\/\/peleaesthetics.janeapp.com\/#\/hylenex-filler-dissolver\" target=\"_blank\">\n\t\t\t\t\t\t<span class=\"elementor-button-content-wrapper\">\n\t\t\t\t\t\t\t\t\t<span class=\"elementor-button-text\">Pre\u00e7os<\/span>\n\t\t\t\t\t<\/span>\n\t\t\t\t\t<\/a>\n\t\t\t\t<\/div>\n\t\t\t\t\t\t\t\t<\/div>\n\t\t\t\t<\/div>\n\t\t\t\t\t<\/div>\n\t\t\t\t<\/div>\n\t\t\t\t<\/div>","protected":false},"excerpt":{"rendered":"<p>Hylenex Injections, Filler Dissolver Hylenex Injections, Filler Dissolver If you have unwanted results after undergoing a dermal filler, a Hylenex injection can help solve those issues. The agent works as a reversal product injected into your skin to dissolve the fillers instantly. The Hylenex will get injected at the exact spot as the problematic dermal [&hellip;]<\/p>\n","protected":false},"author":1,"featured_media":0,"parent":0,"menu_order":0,"comment_status":"closed","ping_status":"closed","template":"elementor_header_footer","meta":{"footnotes":""},"class_list":["post-40","page","type-page","status-publish","hentry"],"acf":[],"yoast_head":"<!-- This site is optimized with the Yoast SEO plugin v27.4 - https:\/\/yoast.com\/product\/yoast-seo-wordpress\/ -->\n<title>Hylenex Injection Filler Dissolver Marietta | North of Atlanta | Pele Aesthetics<\/title>\n<meta name=\"description\" content=\"Pele Aesthetics offers Hylenex injection, a filler dissolver treatment in Marietta. Book a consultation at our North Atlanta medical spa today!\" \/>\n<meta name=\"robots\" content=\"index, follow, max-snippet:-1, max-image-preview:large, max-video-preview:-1\" \/>\n<link rel=\"canonical\" href=\"https:\/\/peleaesthetics.com\/pt\/hylenex\/\" \/>\n<meta property=\"og:locale\" content=\"pt_BR\" \/>\n<meta property=\"og:type\" content=\"article\" \/>\n<meta property=\"og:title\" content=\"Hylenex Injection Filler Dissolver Marietta | North of Atlanta | Pele Aesthetics\" \/>\n<meta property=\"og:description\" content=\"Pele Aesthetics offers Hylenex injection, a filler dissolver treatment in Marietta. Book a consultation at our North Atlanta medical spa today!\" \/>\n<meta property=\"og:url\" content=\"https:\/\/peleaesthetics.com\/pt\/hylenex\/\" \/>\n<meta property=\"og:site_name\" content=\"peleaesthetics\" \/>\n<meta property=\"article:modified_time\" content=\"2025-12-19T13:17:14+00:00\" \/>\n<meta property=\"og:image\" content=\"https:\/\/peleaesthetics.com\/wp-content\/uploads\/2024\/03\/hylenex.webp\" \/>\n<meta name=\"twitter:card\" content=\"summary_large_image\" \/>\n<meta name=\"twitter:label1\" content=\"Est. tempo de leitura\" \/>\n\t<meta name=\"twitter:data1\" content=\"3 minutos\" \/>\n<!-- \/ Yoast SEO plugin. -->","yoast_head_json":{"title":"Inje\u00e7\u00e3o Dissolvedora de Preenchimento Hylenex em Marietta | Norte de Atlanta | Pele Aesthetics","description":"A Pele Aesthetics oferece a inje\u00e7\u00e3o Hylenex, um tratamento para dissolver preenchimentos em Marietta. Agende uma consulta hoje mesmo em nosso spa m\u00e9dico no norte de Atlanta!","robots":{"index":"index","follow":"follow","max-snippet":"max-snippet:-1","max-image-preview":"max-image-preview:large","max-video-preview":"max-video-preview:-1"},"canonical":"https:\/\/peleaesthetics.com\/pt\/hylenex\/","og_locale":"pt_BR","og_type":"article","og_title":"Hylenex Injection Filler Dissolver Marietta | North of Atlanta | Pele Aesthetics","og_description":"Pele Aesthetics offers Hylenex injection, a filler dissolver treatment in Marietta. Book a consultation at our North Atlanta medical spa today!","og_url":"https:\/\/peleaesthetics.com\/pt\/hylenex\/","og_site_name":"peleaesthetics","article_modified_time":"2025-12-19T13:17:14+00:00","og_image":[{"url":"https:\/\/peleaesthetics.com\/wp-content\/uploads\/2024\/03\/hylenex.webp","type":"","width":"","height":""}],"twitter_card":"summary_large_image","twitter_misc":{"Est. tempo de leitura":"3 minutos"},"schema":{"@context":"https:\/\/schema.org","@graph":[{"@type":"WebPage","@id":"https:\/\/peleaesthetics.com\/hylenex\/","url":"https:\/\/peleaesthetics.com\/hylenex\/","name":"Inje\u00e7\u00e3o Dissolvedora de Preenchimento Hylenex em Marietta | Norte de Atlanta | Pele Aesthetics","isPartOf":{"@id":"https:\/\/peleaesthetics.com\/#website"},"primaryImageOfPage":{"@id":"https:\/\/peleaesthetics.com\/hylenex\/#primaryimage"},"image":{"@id":"https:\/\/peleaesthetics.com\/hylenex\/#primaryimage"},"thumbnailUrl":"https:\/\/peleaesthetics.com\/wp-content\/uploads\/2024\/03\/hylenex.webp","datePublished":"2024-03-26T10:12:23+00:00","dateModified":"2025-12-19T13:17:14+00:00","description":"A Pele Aesthetics oferece a inje\u00e7\u00e3o Hylenex, um tratamento para dissolver preenchimentos em Marietta. Agende uma consulta hoje mesmo em nosso spa m\u00e9dico no norte de Atlanta!","breadcrumb":{"@id":"https:\/\/peleaesthetics.com\/hylenex\/#breadcrumb"},"inLanguage":"pt-BR","potentialAction":[{"@type":"ReadAction","target":["https:\/\/peleaesthetics.com\/hylenex\/"]}]},{"@type":"ImageObject","inLanguage":"pt-BR","@id":"https:\/\/peleaesthetics.com\/hylenex\/#primaryimage","url":"https:\/\/peleaesthetics.com\/wp-content\/uploads\/2024\/03\/hylenex.webp","contentUrl":"https:\/\/peleaesthetics.com\/wp-content\/uploads\/2024\/03\/hylenex.webp"},{"@type":"BreadcrumbList","@id":"https:\/\/peleaesthetics.com\/hylenex\/#breadcrumb","itemListElement":[{"@type":"ListItem","position":1,"name":"Home","item":"https:\/\/peleaesthetics.com\/"},{"@type":"ListItem","position":2,"name":"Hylenex"}]},{"@type":"WebSite","@id":"https:\/\/peleaesthetics.com\/#website","url":"https:\/\/peleaesthetics.com\/","name":"peleaesthetics","description":"","publisher":{"@id":"https:\/\/peleaesthetics.com\/#organization"},"potentialAction":[{"@type":"SearchAction","target":{"@type":"EntryPoint","urlTemplate":"https:\/\/peleaesthetics.com\/?s={search_term_string}"},"query-input":{"@type":"PropertyValueSpecification","valueRequired":true,"valueName":"search_term_string"}}],"inLanguage":"pt-BR"},{"@type":"Organization","@id":"https:\/\/peleaesthetics.com\/#organization","name":"peleaesthetics","url":"https:\/\/peleaesthetics.com\/","logo":{"@type":"ImageObject","inLanguage":"pt-BR","@id":"https:\/\/peleaesthetics.com\/#\/schema\/logo\/image\/","url":"https:\/\/peleaesthetics.com\/wp-content\/uploads\/2024\/03\/pele-aesthetics-logo.png","contentUrl":"https:\/\/peleaesthetics.com\/wp-content\/uploads\/2024\/03\/pele-aesthetics-logo.png","width":258,"height":53,"caption":"peleaesthetics"},"image":{"@id":"https:\/\/peleaesthetics.com\/#\/schema\/logo\/image\/"}}]}},"_links":{"self":[{"href":"https:\/\/peleaesthetics.com\/pt\/wp-json\/wp\/v2\/pages\/40","targetHints":{"allow":["GET"]}}],"collection":[{"href":"https:\/\/peleaesthetics.com\/pt\/wp-json\/wp\/v2\/pages"}],"about":[{"href":"https:\/\/peleaesthetics.com\/pt\/wp-json\/wp\/v2\/types\/page"}],"author":[{"embeddable":true,"href":"https:\/\/peleaesthetics.com\/pt\/wp-json\/wp\/v2\/users\/1"}],"replies":[{"embeddable":true,"href":"https:\/\/peleaesthetics.com\/pt\/wp-json\/wp\/v2\/comments?post=40"}],"version-history":[{"count":23,"href":"https:\/\/peleaesthetics.com\/pt\/wp-json\/wp\/v2\/pages\/40\/revisions"}],"predecessor-version":[{"id":1775,"href":"https:\/\/peleaesthetics.com\/pt\/wp-json\/wp\/v2\/pages\/40\/revisions\/1775"}],"wp:attachment":[{"href":"https:\/\/peleaesthetics.com\/pt\/wp-json\/wp\/v2\/media?parent=40"}],"curies":[{"name":"wp","href":"https:\/\/api.w.org\/{rel}","templated":true}]}}