{"id":46,"date":"2024-03-26T10:12:25","date_gmt":"2024-03-26T10:12:25","guid":{"rendered":"http:\/\/peleaesthetics.com\/sculptra-bio-stimulators\/"},"modified":"2025-12-19T13:11:54","modified_gmt":"2025-12-19T13:11:54","slug":"bioestimuladores-sculptra","status":"publish","type":"page","link":"https:\/\/peleaesthetics.com\/pt\/bioestimuladores-sculptra\/","title":{"rendered":"Bioestimuladores Sculptra"},"content":{"rendered":"<div data-elementor-type=\"wp-page\" data-elementor-id=\"46\" class=\"elementor elementor-46\" data-elementor-post-type=\"page\">\n\t\t\t\t<div class=\"elementor-element elementor-element-76184fa3 e-flex e-con-boxed e-con e-parent\" data-id=\"76184fa3\" data-element_type=\"container\" data-e-type=\"container\" data-settings=\"{&quot;background_background&quot;:&quot;classic&quot;}\">\n\t\t\t\t\t<div class=\"e-con-inner\">\n\t\t<div class=\"elementor-element elementor-element-224e4478 e-con-full e-flex e-con e-child\" data-id=\"224e4478\" data-element_type=\"container\" data-e-type=\"container\">\n\t\t<div class=\"elementor-element elementor-element-2548e71e e-con-full e-flex e-con e-child\" data-id=\"2548e71e\" data-element_type=\"container\" data-e-type=\"container\">\n\t\t\t\t<div class=\"elementor-element elementor-element-3a46bef5 elementor-widget elementor-widget-heading\" data-id=\"3a46bef5\" data-element_type=\"widget\" data-e-type=\"widget\" data-widget_type=\"heading.default\">\n\t\t\t\t<div class=\"elementor-widget-container\">\n\t\t\t\t\t<h1 class=\"elementor-heading-title elementor-size-default\">Inje\u00e7\u00f5es de Sculptra\n<\/h1>\t\t\t\t<\/div>\n\t\t\t\t<\/div>\n\t\t\t\t<\/div>\n\t\t\t\t<\/div>\n\t\t\t\t\t<\/div>\n\t\t\t\t<\/div>\n\t\t<div class=\"elementor-element elementor-element-482eeb03 e-flex e-con-boxed e-con e-parent\" data-id=\"482eeb03\" data-element_type=\"container\" data-e-type=\"container\" data-settings=\"{&quot;background_background&quot;:&quot;classic&quot;}\">\n\t\t\t\t\t<div class=\"e-con-inner\">\n\t\t<div class=\"elementor-element elementor-element-306094b6 e-con-full e-flex e-con e-child\" data-id=\"306094b6\" data-element_type=\"container\" data-e-type=\"container\">\n\t\t<div class=\"elementor-element elementor-element-6ab8d8d4 e-con-full e-flex e-con e-child\" data-id=\"6ab8d8d4\" data-element_type=\"container\" data-e-type=\"container\">\n\t\t\t\t<div class=\"elementor-element elementor-element-57ae47ea elementor-widget elementor-widget-image\" data-id=\"57ae47ea\" data-element_type=\"widget\" data-e-type=\"widget\" data-widget_type=\"image.default\">\n\t\t\t\t<div class=\"elementor-widget-container\">\n\t\t\t\t\t\t\t\t\t\t\t\t\t\t\t<img fetchpriority=\"high\" decoding=\"async\" width=\"943\" height=\"694\" src=\"https:\/\/peleaesthetics.com\/wp-content\/uploads\/2024\/03\/sclupture.webp\" class=\"attachment-full size-full wp-image-48\" alt=\"\" \/>\t\t\t\t\t\t\t\t\t\t\t\t\t\t\t<\/div>\n\t\t\t\t<\/div>\n\t\t\t\t<\/div>\n\t\t<div class=\"elementor-element elementor-element-361f53c2 e-con-full e-flex e-con e-child\" data-id=\"361f53c2\" data-element_type=\"container\" data-e-type=\"container\">\n\t\t\t\t<div class=\"elementor-element elementor-element-1e835b21 elementor-widget elementor-widget-heading\" data-id=\"1e835b21\" data-element_type=\"widget\" data-e-type=\"widget\" data-widget_type=\"heading.default\">\n\t\t\t\t<div class=\"elementor-widget-container\">\n\t\t\t\t\t<h2 class=\"elementor-heading-title elementor-size-default\">Inje\u00e7\u00f5es de Sculptra<\/h2>\t\t\t\t<\/div>\n\t\t\t\t<\/div>\n\t\t\t\t<div class=\"elementor-element elementor-element-7e15ec7a elementor-widget elementor-widget-text-editor\" data-id=\"7e15ec7a\" data-element_type=\"widget\" data-e-type=\"widget\" data-widget_type=\"text-editor.default\">\n\t\t\t\t<div class=\"elementor-widget-container\">\n\t\t\t\t\t\t\t\t\t<p>Nossos especialistas da Pele Aesthetics em Marietta, ao norte de Atlanta, administram bioestimuladores Sculptra para ajudar a repor o col\u00e1geno perdido. O tratamento ajuda a tratar a causa de seu envelhecimento facial. Com esse tratamento, voc\u00ea pode renovar sua pele suavizando as rugas e restaurando o volume das c\u00e9lulas da pele.<\/p>\t\t\t\t\t\t\t\t<\/div>\n\t\t\t\t<\/div>\n\t\t\t\t<div class=\"elementor-element elementor-element-c187153 elementor-widget elementor-widget-button\" data-id=\"c187153\" data-element_type=\"widget\" data-e-type=\"widget\" data-widget_type=\"button.default\">\n\t\t\t\t<div class=\"elementor-widget-container\">\n\t\t\t\t\t\t\t\t\t<div class=\"elementor-button-wrapper\">\n\t\t\t\t\t<a class=\"elementor-button elementor-button-link elementor-size-sm\" href=\"https:\/\/peleaesthetics.janeapp.com\/#\/sculptra\" target=\"_blank\">\n\t\t\t\t\t\t<span class=\"elementor-button-content-wrapper\">\n\t\t\t\t\t\t\t\t\t<span class=\"elementor-button-text\">Pre\u00e7os<\/span>\n\t\t\t\t\t<\/span>\n\t\t\t\t\t<\/a>\n\t\t\t\t<\/div>\n\t\t\t\t\t\t\t\t<\/div>\n\t\t\t\t<\/div>\n\t\t\t\t<\/div>\n\t\t\t\t<\/div>\n\t\t<div class=\"elementor-element elementor-element-9ffc985 e-con-full e-flex e-con e-child\" data-id=\"9ffc985\" data-element_type=\"container\" data-e-type=\"container\" data-settings=\"{&quot;background_background&quot;:&quot;classic&quot;}\">\n\t\t\t\t<div class=\"elementor-element elementor-element-52e7a58 elementor-widget elementor-widget-heading\" data-id=\"52e7a58\" data-element_type=\"widget\" data-e-type=\"widget\" data-widget_type=\"heading.default\">\n\t\t\t\t<div class=\"elementor-widget-container\">\n\t\t\t\t\t<h4 class=\"elementor-heading-title elementor-size-default\">Como funcionam os bioestimuladores Sculptra?<\/h4>\t\t\t\t<\/div>\n\t\t\t\t<\/div>\n\t\t\t\t<div class=\"elementor-element elementor-element-5881c41b elementor-widget elementor-widget-text-editor\" data-id=\"5881c41b\" data-element_type=\"widget\" data-e-type=\"widget\" data-widget_type=\"text-editor.default\">\n\t\t\t\t<div class=\"elementor-widget-container\">\n\t\t\t\t\t\t\t\t\t<p>Os bioestimuladores s\u00e3o injetados nas camadas profundas da pele. Eles estimulam o crescimento de novos tecidos e ajudam a pele a produzir mais volume. A inje\u00e7\u00e3o pode ajudar a tratar as seguintes \u00e1reas:<\/p><ul><li>Cavidades temporais<\/li><li>Achatamento do meio da face<\/li><li>Cavidades nas bochechas<\/li><li>Atrofia pr\u00e9-papada<br \/><br \/><\/li><\/ul><p>O medicamento \u00e9 injetado na pele para ajudar a eliminar as rugas faciais. Cont\u00e9m um estimulador de col\u00e1geno que ajudar\u00e1 lentamente a restaurar o volume facial e a eliminar vincos e rugas. Ap\u00f3s algumas sess\u00f5es, voc\u00ea notar\u00e1 uma apar\u00eancia jovem e radiante. Nossos especialistas trabalham com voc\u00ea para determinar o n\u00famero de sess\u00f5es necess\u00e1rias para alcan\u00e7ar os resultados ideais.<\/p>\t\t\t\t\t\t\t\t<\/div>\n\t\t\t\t<\/div>\n\t\t\t\t<div class=\"elementor-element elementor-element-67b75679 elementor-widget elementor-widget-heading\" data-id=\"67b75679\" data-element_type=\"widget\" data-e-type=\"widget\" data-widget_type=\"heading.default\">\n\t\t\t\t<div class=\"elementor-widget-container\">\n\t\t\t\t\t<h4 class=\"elementor-heading-title elementor-size-default\">Os resultados s\u00e3o r\u00e1pidos<\/h4>\t\t\t\t<\/div>\n\t\t\t\t<\/div>\n\t\t\t\t<div class=\"elementor-element elementor-element-43358281 elementor-widget elementor-widget-text-editor\" data-id=\"43358281\" data-element_type=\"widget\" data-e-type=\"widget\" data-widget_type=\"text-editor.default\">\n\t\t\t\t<div class=\"elementor-widget-container\">\n\t\t\t\t\t\t\t\t\t<p>Voc\u00ea poder\u00e1 observar os resultados do tratamento ap\u00f3s algumas semanas. O melhor regime de tratamento deve consistir em tr\u00eas inje\u00e7\u00f5es em um per\u00edodo de 3 a 4 meses. Este tratamento n\u00e3o cir\u00fargico \u00e9 eficaz, pois os resultados duram at\u00e9 dois anos. Ap\u00f3s a inje\u00e7\u00e3o, voc\u00ea retorna \u00e0s suas atividades imediatamente.<\/p>\t\t\t\t\t\t\t\t<\/div>\n\t\t\t\t<\/div>\n\t\t\t\t<div class=\"elementor-element elementor-element-7e5a5e6c elementor-widget elementor-widget-video\" data-id=\"7e5a5e6c\" data-element_type=\"widget\" data-e-type=\"widget\" data-settings=\"{&quot;video_type&quot;:&quot;hosted&quot;,&quot;autoplay&quot;:&quot;yes&quot;,&quot;mute&quot;:&quot;yes&quot;,&quot;controls&quot;:&quot;yes&quot;}\" data-widget_type=\"video.default\">\n\t\t\t\t<div class=\"elementor-widget-container\">\n\t\t\t\t\t\t\t<div class=\"e-hosted-video elementor-wrapper elementor-open-inline\">\n\t\t\t\t\t<video class=\"elementor-video\" src=\"https:\/\/videos.files.wordpress.com\/UouIWoCf\/sculptra-us-launch-moa-video.mp4\" autoplay=\"\" controls=\"\" muted=\"muted\" controlslist=\"nodownload\"><\/video>\n\t\t\t\t<\/div>\n\t\t\t\t\t\t<\/div>\n\t\t\t\t<\/div>\n\t\t\t\t<div class=\"elementor-element elementor-element-8c6d149 elementor-widget elementor-widget-heading\" data-id=\"8c6d149\" data-element_type=\"widget\" data-e-type=\"widget\" data-widget_type=\"heading.default\">\n\t\t\t\t<div class=\"elementor-widget-container\">\n\t\t\t\t\t<h4 class=\"elementor-heading-title elementor-size-default\">Riscos m\u00ednimos de alergia<\/h4>\t\t\t\t<\/div>\n\t\t\t\t<\/div>\n\t\t\t\t<div class=\"elementor-element elementor-element-56545fda elementor-widget elementor-widget-text-editor\" data-id=\"56545fda\" data-element_type=\"widget\" data-e-type=\"widget\" data-widget_type=\"text-editor.default\">\n\t\t\t\t<div class=\"elementor-widget-container\">\n\t\t\t\t\t\t\t\t\t<p>O bioestimulador \u00e9 feito com ingredientes naturais presentes no seu corpo. Portanto, as chances de ocorrer uma rea\u00e7\u00e3o al\u00e9rgica s\u00e3o m\u00ednimas. Se voc\u00ea tiver alguma preocupa\u00e7\u00e3o com a rea\u00e7\u00e3o, converse com nossos especialistas para obter o melhor aconselhamento. No entanto, esta op\u00e7\u00e3o de tratamento pode ser ineficaz para pacientes com hist\u00f3rico de anafilaxia.<\/p>\t\t\t\t\t\t\t\t<\/div>\n\t\t\t\t<\/div>\n\t\t\t\t<div class=\"elementor-element elementor-element-68d65ba7 elementor-widget elementor-widget-heading\" data-id=\"68d65ba7\" data-element_type=\"widget\" data-e-type=\"widget\" data-widget_type=\"heading.default\">\n\t\t\t\t<div class=\"elementor-widget-container\">\n\t\t\t\t\t<h4 class=\"elementor-heading-title elementor-size-default\">Trabalhar com outros preenchimentos<\/h4>\t\t\t\t<\/div>\n\t\t\t\t<\/div>\n\t\t\t\t<div class=\"elementor-element elementor-element-3e37b824 elementor-widget elementor-widget-text-editor\" data-id=\"3e37b824\" data-element_type=\"widget\" data-e-type=\"widget\" data-widget_type=\"text-editor.default\">\n\t\t\t\t<div class=\"elementor-widget-container\">\n\t\t\t\t\t\t\t\t\t<p>Podemos combinar o Sculptra com outros m\u00e9todos de tratamento, como preenchimentos faciais, para resultados imediatos. Voc\u00ea pode aplicar inje\u00e7\u00f5es e obter uma apar\u00eancia mais jovem e melhor em diversas \u00e1reas. As inje\u00e7\u00f5es s\u00e3o ideais para quem deseja estimular a produ\u00e7\u00e3o de col\u00e1geno em \u00e1reas como o peito, o pesco\u00e7o, as bochechas ou os gl\u00fateos.<\/p>\t\t\t\t\t\t\t\t<\/div>\n\t\t\t\t<\/div>\n\t\t\t\t<div class=\"elementor-element elementor-element-4af40eff elementor-widget elementor-widget-heading\" data-id=\"4af40eff\" data-element_type=\"widget\" data-e-type=\"widget\" data-widget_type=\"heading.default\">\n\t\t\t\t<div class=\"elementor-widget-container\">\n\t\t\t\t\t<h4 class=\"elementor-heading-title elementor-size-default\">Obtenha uma apar\u00eancia mais jovem<\/h4>\t\t\t\t<\/div>\n\t\t\t\t<\/div>\n\t\t\t\t<div class=\"elementor-element elementor-element-3bdc6c0b elementor-widget elementor-widget-text-editor\" data-id=\"3bdc6c0b\" data-element_type=\"widget\" data-e-type=\"widget\" data-widget_type=\"text-editor.default\">\n\t\t\t\t<div class=\"elementor-widget-container\">\n\t\t\t\t\t\t\t\t\t<p>Devido \u00e0 baixa produ\u00e7\u00e3o de col\u00e1geno, a maioria das pessoas se incomoda com vincos, linhas profundas ou dobras. As inje\u00e7\u00f5es de Sculptra ajudam a estimular a produ\u00e7\u00e3o de col\u00e1geno e garantem firmeza \u00e0 pele. Ap\u00f3s alguns meses de tratamento, voc\u00ea ter\u00e1 uma pele radiante e sem rugas.<\/p>\t\t\t\t\t\t\t\t<\/div>\n\t\t\t\t<\/div>\n\t\t\t\t<div class=\"elementor-element elementor-element-44633288 elementor-widget elementor-widget-heading\" data-id=\"44633288\" data-element_type=\"widget\" data-e-type=\"widget\" data-widget_type=\"heading.default\">\n\t\t\t\t<div class=\"elementor-widget-container\">\n\t\t\t\t\t<h4 class=\"elementor-heading-title elementor-size-default\">O Sculptra \u00e9 ideal para voc\u00ea?<\/h4>\t\t\t\t<\/div>\n\t\t\t\t<\/div>\n\t\t\t\t<div class=\"elementor-element elementor-element-1e9d22e9 elementor-widget elementor-widget-text-editor\" data-id=\"1e9d22e9\" data-element_type=\"widget\" data-e-type=\"widget\" data-widget_type=\"text-editor.default\">\n\t\t\t\t<div class=\"elementor-widget-container\">\n\t\t\t\t\t\t\t\t\t<p><em>Sculptra<\/em>\u00a0n\u00e3o deve ser usado por qualquer pessoa com hipersensibilidade a qualquer um dos componentes do produto.\u00a0<em>Sculptra.<\/em><\/p><p><em>Sculptra<\/em>\u00a0n\u00e3o deve ser usado em pacientes com alergias graves manifestadas por hist\u00f3rico de anafilaxia ou hist\u00f3rico ou presen\u00e7a de m\u00faltiplas alergias graves.<\/p><p><em>Sculptra<\/em>\u00a0n\u00e3o deve ser usado em pacientes com hist\u00f3rico conhecido ou suscetibilidade \u00e0 forma\u00e7\u00e3o de queloides ou cicatrizes hipertr\u00f3ficas.<\/p>\t\t\t\t\t\t\t\t<\/div>\n\t\t\t\t<\/div>\n\t\t\t\t<div class=\"elementor-element elementor-element-24e222d9 elementor-widget elementor-widget-button\" data-id=\"24e222d9\" data-element_type=\"widget\" data-e-type=\"widget\" data-widget_type=\"button.default\">\n\t\t\t\t<div class=\"elementor-widget-container\">\n\t\t\t\t\t\t\t\t\t<div class=\"elementor-button-wrapper\">\n\t\t\t\t\t<a class=\"elementor-button elementor-button-link elementor-size-sm\" href=\"https:\/\/www.galderma.com\/us\/sites\/default\/files\/2021-12\/Patient_Brochure_Sculptra_US_1.pdf\" target=\"_blank\">\n\t\t\t\t\t\t<span class=\"elementor-button-content-wrapper\">\n\t\t\t\t\t\t\t\t\t<span class=\"elementor-button-text\">CAT\u00c1LOGO DO PACIENTE ACCESS<\/span>\n\t\t\t\t\t<\/span>\n\t\t\t\t\t<\/a>\n\t\t\t\t<\/div>\n\t\t\t\t\t\t\t\t<\/div>\n\t\t\t\t<\/div>\n\t\t\t\t<\/div>\n\t\t\t\t\t<\/div>\n\t\t\t\t<\/div>\n\t\t<div class=\"elementor-element elementor-element-67511d3d e-flex e-con-boxed e-con e-parent\" data-id=\"67511d3d\" data-element_type=\"container\" data-e-type=\"container\" data-settings=\"{&quot;background_background&quot;:&quot;classic&quot;}\">\n\t\t\t\t\t<div class=\"e-con-inner\">\n\t\t\t\t<div class=\"elementor-element elementor-element-8cf98fd elementor-widget elementor-widget-heading\" data-id=\"8cf98fd\" data-element_type=\"widget\" data-e-type=\"widget\" data-widget_type=\"heading.default\">\n\t\t\t\t<div class=\"elementor-widget-container\">\n\t\t\t\t\t<h2 class=\"elementor-heading-title elementor-size-default\">agende suas inje\u00e7\u00f5es de Sculptra em Marietta, GA<\/h2>\t\t\t\t<\/div>\n\t\t\t\t<\/div>\n\t\t\t\t<div class=\"elementor-element elementor-element-4a63c607 elementor-align-center elementor-widget elementor-widget-button\" data-id=\"4a63c607\" data-element_type=\"widget\" data-e-type=\"widget\" data-widget_type=\"button.default\">\n\t\t\t\t<div class=\"elementor-widget-container\">\n\t\t\t\t\t\t\t\t\t<div class=\"elementor-button-wrapper\">\n\t\t\t\t\t<a class=\"elementor-button elementor-button-link elementor-size-lg\" href=\"https:\/\/peleaesthetics.janeapp.com\/#\/sculptra\" target=\"_blank\">\n\t\t\t\t\t\t<span class=\"elementor-button-content-wrapper\">\n\t\t\t\t\t\t\t\t\t<span class=\"elementor-button-text\">Pre\u00e7os<\/span>\n\t\t\t\t\t<\/span>\n\t\t\t\t\t<\/a>\n\t\t\t\t<\/div>\n\t\t\t\t\t\t\t\t<\/div>\n\t\t\t\t<\/div>\n\t\t\t\t\t<\/div>\n\t\t\t\t<\/div>\n\t\t\t\t<\/div>","protected":false},"excerpt":{"rendered":"<p>Sculptra Injections Sculptra Injections Our specialists at Pele Aesthetics in Marietta, just north of Atlanta administer Sculptra bio-stimulators to help replace your lost collagen. The treatment helps address the cause of your facial aging. With this treatment, you can renew your skin by smoothing out wrinkles and restoring the volume of your skin cells. Pricing [&hellip;]<\/p>\n","protected":false},"author":1,"featured_media":0,"parent":0,"menu_order":0,"comment_status":"closed","ping_status":"closed","template":"elementor_header_footer","meta":{"footnotes":""},"class_list":["post-46","page","type-page","status-publish","hentry"],"acf":[],"yoast_head":"<!-- This site is optimized with the Yoast SEO plugin v27.4 - https:\/\/yoast.com\/product\/yoast-seo-wordpress\/ -->\n<title>Sculptra Injections in Marietta | North of Atlanta | Pele Aesthetics<\/title>\n<meta name=\"description\" content=\"Sculptra injections can help reverse aging and smooth out fine lines. Book your sculptra injections with Pele Aesthetics in Marietta, North of Atlanta.\" \/>\n<meta name=\"robots\" content=\"index, follow, max-snippet:-1, max-image-preview:large, max-video-preview:-1\" \/>\n<link rel=\"canonical\" href=\"https:\/\/peleaesthetics.com\/pt\/bioestimuladores-sculptra\/\" \/>\n<meta property=\"og:locale\" content=\"pt_BR\" \/>\n<meta property=\"og:type\" content=\"article\" \/>\n<meta property=\"og:title\" content=\"Sculptra Injections in Marietta | North of Atlanta | Pele Aesthetics\" \/>\n<meta property=\"og:description\" content=\"Sculptra injections can help reverse aging and smooth out fine lines. Book your sculptra injections with Pele Aesthetics in Marietta, North of Atlanta.\" \/>\n<meta property=\"og:url\" content=\"https:\/\/peleaesthetics.com\/pt\/bioestimuladores-sculptra\/\" \/>\n<meta property=\"og:site_name\" content=\"peleaesthetics\" \/>\n<meta property=\"article:modified_time\" content=\"2025-12-19T13:11:54+00:00\" \/>\n<meta property=\"og:image\" content=\"https:\/\/peleaesthetics.com\/wp-content\/uploads\/2024\/03\/sclupture.webp\" \/>\n<meta name=\"twitter:card\" content=\"summary_large_image\" \/>\n<meta name=\"twitter:label1\" content=\"Est. tempo de leitura\" \/>\n\t<meta name=\"twitter:data1\" content=\"3 minutos\" \/>\n<!-- \/ Yoast SEO plugin. -->","yoast_head_json":{"title":"Inje\u00e7\u00f5es de Sculptra em Marietta | Norte de Atlanta | Pele Aesthetics","description":"As inje\u00e7\u00f5es de Sculptra ajudam a reverter os sinais de envelhecimento e suavizar linhas finas. Agende suas inje\u00e7\u00f5es de Sculptra com a Pele Aesthetics em Marietta, ao norte de Atlanta.","robots":{"index":"index","follow":"follow","max-snippet":"max-snippet:-1","max-image-preview":"max-image-preview:large","max-video-preview":"max-video-preview:-1"},"canonical":"https:\/\/peleaesthetics.com\/pt\/bioestimuladores-sculptra\/","og_locale":"pt_BR","og_type":"article","og_title":"Sculptra Injections in Marietta | North of Atlanta | Pele Aesthetics","og_description":"Sculptra injections can help reverse aging and smooth out fine lines. Book your sculptra injections with Pele Aesthetics in Marietta, North of Atlanta.","og_url":"https:\/\/peleaesthetics.com\/pt\/bioestimuladores-sculptra\/","og_site_name":"peleaesthetics","article_modified_time":"2025-12-19T13:11:54+00:00","og_image":[{"url":"https:\/\/peleaesthetics.com\/wp-content\/uploads\/2024\/03\/sclupture.webp","type":"","width":"","height":""}],"twitter_card":"summary_large_image","twitter_misc":{"Est. tempo de leitura":"3 minutos"},"schema":{"@context":"https:\/\/schema.org","@graph":[{"@type":"WebPage","@id":"https:\/\/peleaesthetics.com\/sculptra-bio-stimulators\/","url":"https:\/\/peleaesthetics.com\/sculptra-bio-stimulators\/","name":"Inje\u00e7\u00f5es de Sculptra em Marietta | Norte de Atlanta | Pele Aesthetics","isPartOf":{"@id":"https:\/\/peleaesthetics.com\/#website"},"primaryImageOfPage":{"@id":"https:\/\/peleaesthetics.com\/sculptra-bio-stimulators\/#primaryimage"},"image":{"@id":"https:\/\/peleaesthetics.com\/sculptra-bio-stimulators\/#primaryimage"},"thumbnailUrl":"https:\/\/peleaesthetics.com\/wp-content\/uploads\/2024\/03\/sclupture.webp","datePublished":"2024-03-26T10:12:25+00:00","dateModified":"2025-12-19T13:11:54+00:00","description":"As inje\u00e7\u00f5es de Sculptra ajudam a reverter os sinais de envelhecimento e suavizar linhas finas. Agende suas inje\u00e7\u00f5es de Sculptra com a Pele Aesthetics em Marietta, ao norte de Atlanta.","breadcrumb":{"@id":"https:\/\/peleaesthetics.com\/sculptra-bio-stimulators\/#breadcrumb"},"inLanguage":"pt-BR","potentialAction":[{"@type":"ReadAction","target":["https:\/\/peleaesthetics.com\/sculptra-bio-stimulators\/"]}]},{"@type":"ImageObject","inLanguage":"pt-BR","@id":"https:\/\/peleaesthetics.com\/sculptra-bio-stimulators\/#primaryimage","url":"https:\/\/peleaesthetics.com\/wp-content\/uploads\/2024\/03\/sclupture.webp","contentUrl":"https:\/\/peleaesthetics.com\/wp-content\/uploads\/2024\/03\/sclupture.webp"},{"@type":"BreadcrumbList","@id":"https:\/\/peleaesthetics.com\/sculptra-bio-stimulators\/#breadcrumb","itemListElement":[{"@type":"ListItem","position":1,"name":"Home","item":"https:\/\/peleaesthetics.com\/"},{"@type":"ListItem","position":2,"name":"Sculptra Bio-stimulators"}]},{"@type":"WebSite","@id":"https:\/\/peleaesthetics.com\/#website","url":"https:\/\/peleaesthetics.com\/","name":"peleaesthetics","description":"","publisher":{"@id":"https:\/\/peleaesthetics.com\/#organization"},"potentialAction":[{"@type":"SearchAction","target":{"@type":"EntryPoint","urlTemplate":"https:\/\/peleaesthetics.com\/?s={search_term_string}"},"query-input":{"@type":"PropertyValueSpecification","valueRequired":true,"valueName":"search_term_string"}}],"inLanguage":"pt-BR"},{"@type":"Organization","@id":"https:\/\/peleaesthetics.com\/#organization","name":"peleaesthetics","url":"https:\/\/peleaesthetics.com\/","logo":{"@type":"ImageObject","inLanguage":"pt-BR","@id":"https:\/\/peleaesthetics.com\/#\/schema\/logo\/image\/","url":"https:\/\/peleaesthetics.com\/wp-content\/uploads\/2024\/03\/pele-aesthetics-logo.png","contentUrl":"https:\/\/peleaesthetics.com\/wp-content\/uploads\/2024\/03\/pele-aesthetics-logo.png","width":258,"height":53,"caption":"peleaesthetics"},"image":{"@id":"https:\/\/peleaesthetics.com\/#\/schema\/logo\/image\/"}}]}},"_links":{"self":[{"href":"https:\/\/peleaesthetics.com\/pt\/wp-json\/wp\/v2\/pages\/46","targetHints":{"allow":["GET"]}}],"collection":[{"href":"https:\/\/peleaesthetics.com\/pt\/wp-json\/wp\/v2\/pages"}],"about":[{"href":"https:\/\/peleaesthetics.com\/pt\/wp-json\/wp\/v2\/types\/page"}],"author":[{"embeddable":true,"href":"https:\/\/peleaesthetics.com\/pt\/wp-json\/wp\/v2\/users\/1"}],"replies":[{"embeddable":true,"href":"https:\/\/peleaesthetics.com\/pt\/wp-json\/wp\/v2\/comments?post=46"}],"version-history":[{"count":26,"href":"https:\/\/peleaesthetics.com\/pt\/wp-json\/wp\/v2\/pages\/46\/revisions"}],"predecessor-version":[{"id":1763,"href":"https:\/\/peleaesthetics.com\/pt\/wp-json\/wp\/v2\/pages\/46\/revisions\/1763"}],"wp:attachment":[{"href":"https:\/\/peleaesthetics.com\/pt\/wp-json\/wp\/v2\/media?parent=46"}],"curies":[{"name":"wp","href":"https:\/\/api.w.org\/{rel}","templated":true}]}}