{"id":51,"date":"2024-03-26T10:12:26","date_gmt":"2024-03-26T10:12:26","guid":{"rendered":"http:\/\/peleaesthetics.com\/lipodissolve-injections-kybella\/"},"modified":"2025-12-19T13:02:04","modified_gmt":"2025-12-19T13:02:04","slug":"injecoes-de-lipodissolve-kybella","status":"publish","type":"page","link":"https:\/\/peleaesthetics.com\/pt\/injecoes-de-lipodissolve-kybella\/","title":{"rendered":"Inje\u00e7\u00f5es de Lipodissolve \"Kybella\""},"content":{"rendered":"<div data-elementor-type=\"wp-page\" data-elementor-id=\"51\" class=\"elementor elementor-51\" data-elementor-post-type=\"page\">\n\t\t\t\t<div class=\"elementor-element elementor-element-3bf7d0c0 e-flex e-con-boxed e-con e-parent\" data-id=\"3bf7d0c0\" data-element_type=\"container\" data-e-type=\"container\" data-settings=\"{&quot;background_background&quot;:&quot;classic&quot;}\">\n\t\t\t\t\t<div class=\"e-con-inner\">\n\t\t<div class=\"elementor-element elementor-element-77077d41 e-con-full e-flex e-con e-child\" data-id=\"77077d41\" data-element_type=\"container\" data-e-type=\"container\">\n\t\t<div class=\"elementor-element elementor-element-222eb2fc e-con-full e-flex e-con e-child\" data-id=\"222eb2fc\" data-element_type=\"container\" data-e-type=\"container\">\n\t\t\t\t<div class=\"elementor-element elementor-element-139c4339 elementor-widget elementor-widget-heading\" data-id=\"139c4339\" data-element_type=\"widget\" data-e-type=\"widget\" data-widget_type=\"heading.default\">\n\t\t\t\t<div class=\"elementor-widget-container\">\n\t\t\t\t\t<h1 class=\"elementor-heading-title elementor-size-default\">Inje\u00e7\u00f5es de Kybella Lipodissolve\n<\/h1>\t\t\t\t<\/div>\n\t\t\t\t<\/div>\n\t\t\t\t<\/div>\n\t\t\t\t<\/div>\n\t\t\t\t\t<\/div>\n\t\t\t\t<\/div>\n\t\t<div class=\"elementor-element elementor-element-5c7e7bf4 e-flex e-con-boxed e-con e-parent\" data-id=\"5c7e7bf4\" data-element_type=\"container\" data-e-type=\"container\" data-settings=\"{&quot;background_background&quot;:&quot;classic&quot;}\">\n\t\t\t\t\t<div class=\"e-con-inner\">\n\t\t<div class=\"elementor-element elementor-element-2a15c533 e-con-full e-flex e-con e-child\" data-id=\"2a15c533\" data-element_type=\"container\" data-e-type=\"container\">\n\t\t<div class=\"elementor-element elementor-element-49338995 e-con-full e-flex e-con e-child\" data-id=\"49338995\" data-element_type=\"container\" data-e-type=\"container\">\n\t\t\t\t<div class=\"elementor-element elementor-element-4931da12 elementor-widget elementor-widget-image\" data-id=\"4931da12\" data-element_type=\"widget\" data-e-type=\"widget\" data-widget_type=\"image.default\">\n\t\t\t\t<div class=\"elementor-widget-container\">\n\t\t\t\t\t\t\t\t\t\t\t\t\t\t\t<img fetchpriority=\"high\" decoding=\"async\" width=\"1024\" height=\"686\" src=\"https:\/\/peleaesthetics.com\/wp-content\/uploads\/2024\/03\/injection.webp\" class=\"attachment-full size-full wp-image-53\" alt=\"\" \/>\t\t\t\t\t\t\t\t\t\t\t\t\t\t\t<\/div>\n\t\t\t\t<\/div>\n\t\t\t\t<\/div>\n\t\t<div class=\"elementor-element elementor-element-45451398 e-con-full e-flex e-con e-child\" data-id=\"45451398\" data-element_type=\"container\" data-e-type=\"container\">\n\t\t\t\t<div class=\"elementor-element elementor-element-247b55e1 elementor-widget elementor-widget-heading\" data-id=\"247b55e1\" data-element_type=\"widget\" data-e-type=\"widget\" data-widget_type=\"heading.default\">\n\t\t\t\t<div class=\"elementor-widget-container\">\n\t\t\t\t\t<h2 class=\"elementor-heading-title elementor-size-default\">Inje\u00e7\u00f5es de Kybella Lipodissolve\n<\/h2>\t\t\t\t<\/div>\n\t\t\t\t<\/div>\n\t\t\t\t<div class=\"elementor-element elementor-element-2419ef66 elementor-widget elementor-widget-text-editor\" data-id=\"2419ef66\" data-element_type=\"widget\" data-e-type=\"widget\" data-widget_type=\"text-editor.default\">\n\t\t\t\t<div class=\"elementor-widget-container\">\n\t\t\t\t\t\t\t\t\t<p>Uma inje\u00e7\u00e3o de Lipodissolve \u00e9 um procedimento n\u00e3o invasivo que ajuda a remover dep\u00f3sitos de gordura em seu corpo que s\u00e3o resistentes a exerc\u00edcios e dieta. O m\u00e9todo funciona como um m\u00e9todo de esculpir o corpo. Nossos especialistas da Pele Aesthetics, na \u00e1rea de Buckhead, em Atlanta, injetam o tratamento no pesco\u00e7o, nas coxas, nos quadris e nas costas.<\/p>\t\t\t\t\t\t\t\t<\/div>\n\t\t\t\t<\/div>\n\t\t\t\t<div class=\"elementor-element elementor-element-45204ae5 elementor-widget elementor-widget-button\" data-id=\"45204ae5\" data-element_type=\"widget\" data-e-type=\"widget\" data-widget_type=\"button.default\">\n\t\t\t\t<div class=\"elementor-widget-container\">\n\t\t\t\t\t\t\t\t\t<div class=\"elementor-button-wrapper\">\n\t\t\t\t\t<a class=\"elementor-button elementor-button-link elementor-size-sm\" href=\"https:\/\/peleaesthetics.janeapp.com\/#\/lipo-dissolver-injections\" target=\"_blank\">\n\t\t\t\t\t\t<span class=\"elementor-button-content-wrapper\">\n\t\t\t\t\t\t\t\t\t<span class=\"elementor-button-text\">RESERVE AGORA<\/span>\n\t\t\t\t\t<\/span>\n\t\t\t\t\t<\/a>\n\t\t\t\t<\/div>\n\t\t\t\t\t\t\t\t<\/div>\n\t\t\t\t<\/div>\n\t\t\t\t<\/div>\n\t\t\t\t<\/div>\n\t\t<div class=\"elementor-element elementor-element-7dbe6b2 e-con-full e-flex e-con e-child\" data-id=\"7dbe6b2\" data-element_type=\"container\" data-e-type=\"container\">\n\t\t\t\t<div class=\"elementor-element elementor-element-5e6649d9 elementor-widget elementor-widget-heading\" data-id=\"5e6649d9\" data-element_type=\"widget\" data-e-type=\"widget\" data-widget_type=\"heading.default\">\n\t\t\t\t<div class=\"elementor-widget-container\">\n\t\t\t\t\t<h4 class=\"elementor-heading-title elementor-size-default\">Como funcionam as inje\u00e7\u00f5es de Lipodissolve?<\/h4>\t\t\t\t<\/div>\n\t\t\t\t<\/div>\n\t\t\t\t<div class=\"elementor-element elementor-element-7341e7bc elementor-widget elementor-widget-text-editor\" data-id=\"7341e7bc\" data-element_type=\"widget\" data-e-type=\"widget\" data-widget_type=\"text-editor.default\">\n\t\t\t\t<div class=\"elementor-widget-container\">\n\t\t\t\t\t\t\t\t\t<p>As inje\u00e7\u00f5es de Lipodissolve quebram suas c\u00e9lulas de gordura, que s\u00e3o posteriormente excretadas pelo sistema linf\u00e1tico; a op\u00e7\u00e3o de tratamento n\u00e3o \u00e9 invasiva e \u00e9 a melhor op\u00e7\u00e3o \u00e0 lipoaspira\u00e7\u00e3o. Nossos pacientes sentem o m\u00ednimo de dor, hematomas e nenhum tempo de inatividade. O resultado \u00e9 duradouro, mas voc\u00ea pode precisar de outros procedimentos de acompanhamento.<\/p>\t\t\t\t\t\t\t\t<\/div>\n\t\t\t\t<\/div>\n\t\t\t\t<div class=\"elementor-element elementor-element-6b7462fb elementor-widget elementor-widget-heading\" data-id=\"6b7462fb\" data-element_type=\"widget\" data-e-type=\"widget\" data-widget_type=\"heading.default\">\n\t\t\t\t<div class=\"elementor-widget-container\">\n\t\t\t\t\t<h4 class=\"elementor-heading-title elementor-size-default\">Nosso produto Kybella \u00e9 aprovado pela FDA<\/h4>\t\t\t\t<\/div>\n\t\t\t\t<\/div>\n\t\t\t\t<div class=\"elementor-element elementor-element-330e114a elementor-widget elementor-widget-text-editor\" data-id=\"330e114a\" data-element_type=\"widget\" data-e-type=\"widget\" data-widget_type=\"text-editor.default\">\n\t\t\t\t<div class=\"elementor-widget-container\">\n\t\t\t\t\t\t\t\t\t<p>Nosso produto, Kybella, \u00e9 aprovado para gordura submental. A inje\u00e7\u00e3o cont\u00e9m \u00e1cido deoxic\u00f3lico e pode dissolver a gordura no queixo duplo. Quando injetada sob o queixo, ela destr\u00f3i as c\u00e9lulas de gordura e proporciona uma redu\u00e7\u00e3o percept\u00edvel do queixo duplo. Uma vez que as c\u00e9lulas de gordura s\u00e3o destru\u00eddas, elas n\u00e3o podem armazenar gordura, e voc\u00ea pode alcan\u00e7ar confortavelmente seu objetivo est\u00e9tico.<\/p><p>O queixo duplo pode ser eliminado por meio de exerc\u00edcios e ajustes na dieta. Mas em outros casos, o queixo duplo resultante da gen\u00e9tica pode ser problem\u00e1tico para ser eliminado. A boa not\u00edcia \u00e9 que nosso produto, Kybella, elimina com efici\u00eancia o queixo duplo. A inje\u00e7\u00e3o tem efeitos colaterais m\u00ednimos e o procedimento leva menos tempo para ser conclu\u00eddo. Embora o Kybella ofere\u00e7a resultados permanentes, a ades\u00e3o a uma dieta e a um estilo de vida saud\u00e1veis \u00e9 essencial para evitar o ganho de peso.<\/p>\t\t\t\t\t\t\t\t<\/div>\n\t\t\t\t<\/div>\n\t\t\t\t<div class=\"elementor-element elementor-element-214a8453 elementor-widget elementor-widget-heading\" data-id=\"214a8453\" data-element_type=\"widget\" data-e-type=\"widget\" data-widget_type=\"heading.default\">\n\t\t\t\t<div class=\"elementor-widget-container\">\n\t\t\t\t\t<h4 class=\"elementor-heading-title elementor-size-default\">Resultados r\u00e1pidos e eficazes<\/h4>\t\t\t\t<\/div>\n\t\t\t\t<\/div>\n\t\t\t\t<div class=\"elementor-element elementor-element-15e925ab elementor-widget elementor-widget-text-editor\" data-id=\"15e925ab\" data-element_type=\"widget\" data-e-type=\"widget\" data-widget_type=\"text-editor.default\">\n\t\t\t\t<div class=\"elementor-widget-container\">\n\t\t\t\t\t\t\t\t\t<p>Nossas inje\u00e7\u00f5es de Kybella Lipodissolve visam com efici\u00eancia as \u00e1reas com gordura no corpo, e voc\u00ea precisar\u00e1 de 2 a 4 tratamentos para obter os melhores resultados. Com esse procedimento, voc\u00ea n\u00e3o precisa se preocupar com o tempo de inatividade devido ao procedimento cir\u00fargico. Ele tamb\u00e9m n\u00e3o exige nenhum per\u00edodo de recupera\u00e7\u00e3o em compara\u00e7\u00e3o com as alternativas cir\u00fargicas. O \u00fanico efeito colateral que voc\u00ea pode esperar \u00e9 o incha\u00e7o por alguns dias.<\/p>\t\t\t\t\t\t\t\t<\/div>\n\t\t\t\t<\/div>\n\t\t\t\t<div class=\"elementor-element elementor-element-6e6ba75f elementor-widget elementor-widget-heading\" data-id=\"6e6ba75f\" data-element_type=\"widget\" data-e-type=\"widget\" data-widget_type=\"heading.default\">\n\t\t\t\t<div class=\"elementor-widget-container\">\n\t\t\t\t\t<h4 class=\"elementor-heading-title elementor-size-default\">Os resultados s\u00e3o permanentes<\/h4>\t\t\t\t<\/div>\n\t\t\t\t<\/div>\n\t\t\t\t<div class=\"elementor-element elementor-element-4f8534f1 elementor-widget elementor-widget-text-editor\" data-id=\"4f8534f1\" data-element_type=\"widget\" data-e-type=\"widget\" data-widget_type=\"text-editor.default\">\n\t\t\t\t<div class=\"elementor-widget-container\">\n\t\t\t\t\t\t\t\t\t<p>As inje\u00e7\u00f5es destroem as c\u00e9lulas de gordura permanentemente. Depois que essas c\u00e9lulas de gordura s\u00e3o destru\u00eddas, elas n\u00e3o voltam mais. Voc\u00ea pode desfrutar de uma beleza aprimorada. Al\u00e9m disso, o queixo duplo indica obesidade e sua elimina\u00e7\u00e3o proporciona resultados desej\u00e1veis.<\/p>\t\t\t\t\t\t\t\t<\/div>\n\t\t\t\t<\/div>\n\t\t\t\t<div class=\"elementor-element elementor-element-1cde9d23 elementor-widget elementor-widget-heading\" data-id=\"1cde9d23\" data-element_type=\"widget\" data-e-type=\"widget\" data-widget_type=\"heading.default\">\n\t\t\t\t<div class=\"elementor-widget-container\">\n\t\t\t\t\t<h4 class=\"elementor-heading-title elementor-size-default\">Nossos especialistas administram inje\u00e7\u00f5es de Lipodissolve<\/h4>\t\t\t\t<\/div>\n\t\t\t\t<\/div>\n\t\t\t\t<div class=\"elementor-element elementor-element-57d012a1 elementor-widget elementor-widget-text-editor\" data-id=\"57d012a1\" data-element_type=\"widget\" data-e-type=\"widget\" data-widget_type=\"text-editor.default\">\n\t\t\t\t<div class=\"elementor-widget-container\">\n\t\t\t\t\t\t\t\t\t<p>Se voc\u00ea est\u00e1 insatisfeito com a gordura sob o queixo, as inje\u00e7\u00f5es de Lipodissolve oferecem uma solu\u00e7\u00e3o eficaz para a plenitude submental. Nossos especialistas em sa\u00fade s\u00e3o competentes para administrar as inje\u00e7\u00f5es sob o queixo. Cada inje\u00e7\u00e3o leva de 15 a 20 minutos, e o n\u00famero de inje\u00e7\u00f5es depende de seu perfil est\u00e9tico desejado.<\/p>\t\t\t\t\t\t\t\t<\/div>\n\t\t\t\t<\/div>\n\t\t\t\t<div class=\"elementor-element elementor-element-18aa4fa8 elementor-widget elementor-widget-heading\" data-id=\"18aa4fa8\" data-element_type=\"widget\" data-e-type=\"widget\" data-widget_type=\"heading.default\">\n\t\t\t\t<div class=\"elementor-widget-container\">\n\t\t\t\t\t<h4 class=\"elementor-heading-title elementor-size-default\">Efeitos colaterais m\u00ednimos<\/h4>\t\t\t\t<\/div>\n\t\t\t\t<\/div>\n\t\t\t\t<div class=\"elementor-element elementor-element-7e83fa5a elementor-widget elementor-widget-text-editor\" data-id=\"7e83fa5a\" data-element_type=\"widget\" data-e-type=\"widget\" data-widget_type=\"text-editor.default\">\n\t\t\t\t<div class=\"elementor-widget-container\">\n\t\t\t\t\t\t\t\t\t<p>O procedimento n\u00e3o \u00e9 cir\u00fargico e tem efeitos colaterais m\u00ednimos. Alguns efeitos colaterais que voc\u00ea pode esperar ap\u00f3s as inje\u00e7\u00f5es s\u00e3o incha\u00e7o, dorm\u00eancia e dor leve. Nosso especialista oferecer\u00e1 medicamentos para aliviar esses sintomas.<\/p>\t\t\t\t\t\t\t\t<\/div>\n\t\t\t\t<\/div>\n\t\t\t\t<\/div>\n\t\t\t\t\t<\/div>\n\t\t\t\t<\/div>\n\t\t<div class=\"elementor-element elementor-element-39db7c36 e-flex e-con-boxed e-con e-parent\" data-id=\"39db7c36\" data-element_type=\"container\" data-e-type=\"container\" data-settings=\"{&quot;background_background&quot;:&quot;classic&quot;}\">\n\t\t\t\t\t<div class=\"e-con-inner\">\n\t\t\t\t<div class=\"elementor-element elementor-element-2cc12325 elementor-widget elementor-widget-heading\" data-id=\"2cc12325\" data-element_type=\"widget\" data-e-type=\"widget\" data-widget_type=\"heading.default\">\n\t\t\t\t<div class=\"elementor-widget-container\">\n\t\t\t\t\t<h2 class=\"elementor-heading-title elementor-size-default\">Agende hoje mesmo sua consulta sobre a inje\u00e7\u00e3o de Kybella Lipodissolve no Pele Med Spa em Marietta, GA!\n\n<\/h2>\t\t\t\t<\/div>\n\t\t\t\t<\/div>\n\t\t\t\t<div class=\"elementor-element elementor-element-199f3a81 elementor-align-center elementor-widget elementor-widget-button\" data-id=\"199f3a81\" data-element_type=\"widget\" data-e-type=\"widget\" data-widget_type=\"button.default\">\n\t\t\t\t<div class=\"elementor-widget-container\">\n\t\t\t\t\t\t\t\t\t<div class=\"elementor-button-wrapper\">\n\t\t\t\t\t<a class=\"elementor-button elementor-button-link elementor-size-lg\" href=\"https:\/\/peleaesthetics.janeapp.com\/#\/lipo-dissolver-injections\" target=\"_blank\">\n\t\t\t\t\t\t<span class=\"elementor-button-content-wrapper\">\n\t\t\t\t\t\t\t\t\t<span class=\"elementor-button-text\">RESERVE AGORA<\/span>\n\t\t\t\t\t<\/span>\n\t\t\t\t\t<\/a>\n\t\t\t\t<\/div>\n\t\t\t\t\t\t\t\t<\/div>\n\t\t\t\t<\/div>\n\t\t\t\t\t<\/div>\n\t\t\t\t<\/div>\n\t\t\t\t<\/div>","protected":false},"excerpt":{"rendered":"<p>Kybella Lipodissolve Injections Kybella Lipodissolve Injections A Lipodissolve injection is a non-invasive procedure that helps remove fat deposits on your body that are resistant to exercise and diet. The method works as a body sculpting method. Our specialists at Pele Aesthetics, in the Buckhead area of Atlanta, inject the treatment into the neck, thighs, hips, [&hellip;]<\/p>\n","protected":false},"author":1,"featured_media":0,"parent":0,"menu_order":0,"comment_status":"closed","ping_status":"closed","template":"elementor_header_footer","meta":{"footnotes":""},"class_list":["post-51","page","type-page","status-publish","hentry"],"acf":[],"yoast_head":"<!-- This site is optimized with the Yoast SEO plugin v27.4 - https:\/\/yoast.com\/product\/yoast-seo-wordpress\/ -->\n<title>Lipodissolve Injections in Marietta | North of Atlanta | Pele Aesthetics<\/title>\n<meta name=\"description\" content=\"Unhappy with your chin fullness? Learn about the lipodissolve injection treatments we offer in Marietta at our North Atlanta medical spa.\" \/>\n<meta name=\"robots\" content=\"index, nofollow, max-snippet:-1, max-image-preview:large, max-video-preview:-1\" \/>\n<link rel=\"canonical\" href=\"https:\/\/peleaesthetics.com\/pt\/injecoes-de-lipodissolve-kybella\/\" \/>\n<meta property=\"og:locale\" content=\"pt_BR\" \/>\n<meta property=\"og:type\" content=\"article\" \/>\n<meta property=\"og:title\" content=\"Lipodissolve Injections in Marietta | North of Atlanta | Pele Aesthetics\" \/>\n<meta property=\"og:description\" content=\"Unhappy with your chin fullness? Learn about the lipodissolve injection treatments we offer in Marietta at our North Atlanta medical spa.\" \/>\n<meta property=\"og:url\" content=\"https:\/\/peleaesthetics.com\/pt\/injecoes-de-lipodissolve-kybella\/\" \/>\n<meta property=\"og:site_name\" content=\"peleaesthetics\" \/>\n<meta property=\"article:modified_time\" content=\"2025-12-19T13:02:04+00:00\" \/>\n<meta property=\"og:image\" content=\"https:\/\/peleaesthetics.com\/wp-content\/uploads\/2024\/03\/injection.webp\" \/>\n<meta name=\"twitter:card\" content=\"summary_large_image\" \/>\n<meta name=\"twitter:label1\" content=\"Est. tempo de leitura\" \/>\n\t<meta name=\"twitter:data1\" content=\"3 minutos\" \/>\n<!-- \/ Yoast SEO plugin. -->","yoast_head_json":{"title":"Inje\u00e7\u00f5es de Lipodissolve em Marietta | Norte de Atlanta | Pele Aesthetics","description":"Incomodado com a gordura abaixo do queixo? Conhe\u00e7a os tratamentos com inje\u00e7\u00f5es de lipodissolve que oferecemos em Marietta, no norte de Atlanta.","robots":{"index":"index","follow":"nofollow","max-snippet":"max-snippet:-1","max-image-preview":"max-image-preview:large","max-video-preview":"max-video-preview:-1"},"canonical":"https:\/\/peleaesthetics.com\/pt\/injecoes-de-lipodissolve-kybella\/","og_locale":"pt_BR","og_type":"article","og_title":"Lipodissolve Injections in Marietta | North of Atlanta | Pele Aesthetics","og_description":"Unhappy with your chin fullness? Learn about the lipodissolve injection treatments we offer in Marietta at our North Atlanta medical spa.","og_url":"https:\/\/peleaesthetics.com\/pt\/injecoes-de-lipodissolve-kybella\/","og_site_name":"peleaesthetics","article_modified_time":"2025-12-19T13:02:04+00:00","og_image":[{"url":"https:\/\/peleaesthetics.com\/wp-content\/uploads\/2024\/03\/injection.webp","type":"","width":"","height":""}],"twitter_card":"summary_large_image","twitter_misc":{"Est. tempo de leitura":"3 minutos"},"schema":{"@context":"https:\/\/schema.org","@graph":[{"@type":"WebPage","@id":"https:\/\/peleaesthetics.com\/lipodissolve-injections-kybella\/","url":"https:\/\/peleaesthetics.com\/lipodissolve-injections-kybella\/","name":"Inje\u00e7\u00f5es de Lipodissolve em Marietta | Norte de Atlanta | Pele Aesthetics","isPartOf":{"@id":"https:\/\/peleaesthetics.com\/#website"},"primaryImageOfPage":{"@id":"https:\/\/peleaesthetics.com\/lipodissolve-injections-kybella\/#primaryimage"},"image":{"@id":"https:\/\/peleaesthetics.com\/lipodissolve-injections-kybella\/#primaryimage"},"thumbnailUrl":"https:\/\/peleaesthetics.com\/wp-content\/uploads\/2024\/03\/injection.webp","datePublished":"2024-03-26T10:12:26+00:00","dateModified":"2025-12-19T13:02:04+00:00","description":"Incomodado com a gordura abaixo do queixo? Conhe\u00e7a os tratamentos com inje\u00e7\u00f5es de lipodissolve que oferecemos em Marietta, no norte de Atlanta.","breadcrumb":{"@id":"https:\/\/peleaesthetics.com\/lipodissolve-injections-kybella\/#breadcrumb"},"inLanguage":"pt-BR","potentialAction":[{"@type":"ReadAction","target":["https:\/\/peleaesthetics.com\/lipodissolve-injections-kybella\/"]}]},{"@type":"ImageObject","inLanguage":"pt-BR","@id":"https:\/\/peleaesthetics.com\/lipodissolve-injections-kybella\/#primaryimage","url":"https:\/\/peleaesthetics.com\/wp-content\/uploads\/2024\/03\/injection.webp","contentUrl":"https:\/\/peleaesthetics.com\/wp-content\/uploads\/2024\/03\/injection.webp"},{"@type":"BreadcrumbList","@id":"https:\/\/peleaesthetics.com\/lipodissolve-injections-kybella\/#breadcrumb","itemListElement":[{"@type":"ListItem","position":1,"name":"Home","item":"https:\/\/peleaesthetics.com\/"},{"@type":"ListItem","position":2,"name":"Lipodissolve Injections \u201cKybella\u201d"}]},{"@type":"WebSite","@id":"https:\/\/peleaesthetics.com\/#website","url":"https:\/\/peleaesthetics.com\/","name":"peleaesthetics","description":"","publisher":{"@id":"https:\/\/peleaesthetics.com\/#organization"},"potentialAction":[{"@type":"SearchAction","target":{"@type":"EntryPoint","urlTemplate":"https:\/\/peleaesthetics.com\/?s={search_term_string}"},"query-input":{"@type":"PropertyValueSpecification","valueRequired":true,"valueName":"search_term_string"}}],"inLanguage":"pt-BR"},{"@type":"Organization","@id":"https:\/\/peleaesthetics.com\/#organization","name":"peleaesthetics","url":"https:\/\/peleaesthetics.com\/","logo":{"@type":"ImageObject","inLanguage":"pt-BR","@id":"https:\/\/peleaesthetics.com\/#\/schema\/logo\/image\/","url":"https:\/\/peleaesthetics.com\/wp-content\/uploads\/2024\/03\/pele-aesthetics-logo.png","contentUrl":"https:\/\/peleaesthetics.com\/wp-content\/uploads\/2024\/03\/pele-aesthetics-logo.png","width":258,"height":53,"caption":"peleaesthetics"},"image":{"@id":"https:\/\/peleaesthetics.com\/#\/schema\/logo\/image\/"}}]}},"_links":{"self":[{"href":"https:\/\/peleaesthetics.com\/pt\/wp-json\/wp\/v2\/pages\/51","targetHints":{"allow":["GET"]}}],"collection":[{"href":"https:\/\/peleaesthetics.com\/pt\/wp-json\/wp\/v2\/pages"}],"about":[{"href":"https:\/\/peleaesthetics.com\/pt\/wp-json\/wp\/v2\/types\/page"}],"author":[{"embeddable":true,"href":"https:\/\/peleaesthetics.com\/pt\/wp-json\/wp\/v2\/users\/1"}],"replies":[{"embeddable":true,"href":"https:\/\/peleaesthetics.com\/pt\/wp-json\/wp\/v2\/comments?post=51"}],"version-history":[{"count":17,"href":"https:\/\/peleaesthetics.com\/pt\/wp-json\/wp\/v2\/pages\/51\/revisions"}],"predecessor-version":[{"id":1757,"href":"https:\/\/peleaesthetics.com\/pt\/wp-json\/wp\/v2\/pages\/51\/revisions\/1757"}],"wp:attachment":[{"href":"https:\/\/peleaesthetics.com\/pt\/wp-json\/wp\/v2\/media?parent=51"}],"curies":[{"name":"wp","href":"https:\/\/api.w.org\/{rel}","templated":true}]}}