{"id":56,"date":"2024-03-26T10:12:27","date_gmt":"2024-03-26T10:12:27","guid":{"rendered":"http:\/\/peleaesthetics.com\/iv-vitamin-therapy\/"},"modified":"2025-09-15T12:41:18","modified_gmt":"2025-09-15T12:41:18","slug":"terapia-com-vitaminas-iv","status":"publish","type":"page","link":"https:\/\/peleaesthetics.com\/pt\/terapia-com-vitaminas-iv\/","title":{"rendered":"Terapia de vitamina intravenosa"},"content":{"rendered":"<div data-elementor-type=\"wp-page\" data-elementor-id=\"56\" class=\"elementor elementor-56\" data-elementor-post-type=\"page\">\n\t\t\t\t<div class=\"elementor-element elementor-element-41dfd3e8 e-flex e-con-boxed e-con e-parent\" data-id=\"41dfd3e8\" data-element_type=\"container\" data-e-type=\"container\" data-settings=\"{&quot;background_background&quot;:&quot;classic&quot;}\">\n\t\t\t\t\t<div class=\"e-con-inner\">\n\t\t<div class=\"elementor-element elementor-element-97d13af e-con-full e-flex e-con e-child\" data-id=\"97d13af\" data-element_type=\"container\" data-e-type=\"container\">\n\t\t<div class=\"elementor-element elementor-element-4434169 e-con-full e-flex e-con e-child\" data-id=\"4434169\" data-element_type=\"container\" data-e-type=\"container\">\n\t\t\t\t<div class=\"elementor-element elementor-element-23788c0c elementor-widget elementor-widget-heading\" data-id=\"23788c0c\" data-element_type=\"widget\" data-e-type=\"widget\" data-widget_type=\"heading.default\">\n\t\t\t\t<div class=\"elementor-widget-container\">\n\t\t\t\t\t<h1 class=\"elementor-heading-title elementor-size-default\">Terapia de vitamina intravenosa\n<\/h1>\t\t\t\t<\/div>\n\t\t\t\t<\/div>\n\t\t\t\t<\/div>\n\t\t\t\t<\/div>\n\t\t\t\t\t<\/div>\n\t\t\t\t<\/div>\n\t\t<div class=\"elementor-element elementor-element-2613f4d0 e-flex e-con-boxed e-con e-parent\" data-id=\"2613f4d0\" data-element_type=\"container\" data-e-type=\"container\" data-settings=\"{&quot;background_background&quot;:&quot;classic&quot;}\">\n\t\t\t\t\t<div class=\"e-con-inner\">\n\t\t<div class=\"elementor-element elementor-element-5fb40f3d e-con-full e-flex e-con e-child\" data-id=\"5fb40f3d\" data-element_type=\"container\" data-e-type=\"container\">\n\t\t<div class=\"elementor-element elementor-element-71b4dd50 e-con-full e-flex e-con e-child\" data-id=\"71b4dd50\" data-element_type=\"container\" data-e-type=\"container\">\n\t\t\t\t<div class=\"elementor-element elementor-element-4eb7c6a7 elementor-widget elementor-widget-image\" data-id=\"4eb7c6a7\" data-element_type=\"widget\" data-e-type=\"widget\" data-widget_type=\"image.default\">\n\t\t\t\t<div class=\"elementor-widget-container\">\n\t\t\t\t\t\t\t\t\t\t\t\t\t\t\t<img fetchpriority=\"high\" decoding=\"async\" width=\"1024\" height=\"576\" src=\"https:\/\/peleaesthetics.com\/wp-content\/uploads\/2024\/03\/vitamin.webp\" class=\"attachment-full size-full wp-image-58\" alt=\"\" \/>\t\t\t\t\t\t\t\t\t\t\t\t\t\t\t<\/div>\n\t\t\t\t<\/div>\n\t\t\t\t<\/div>\n\t\t<div class=\"elementor-element elementor-element-12b4c761 e-con-full e-flex e-con e-child\" data-id=\"12b4c761\" data-element_type=\"container\" data-e-type=\"container\">\n\t\t\t\t<div class=\"elementor-element elementor-element-28a183b1 elementor-widget elementor-widget-heading\" data-id=\"28a183b1\" data-element_type=\"widget\" data-e-type=\"widget\" data-widget_type=\"heading.default\">\n\t\t\t\t<div class=\"elementor-widget-container\">\n\t\t\t\t\t<h2 class=\"elementor-heading-title elementor-size-default\">TERAPIA VITAMINADA IV\n<\/h2>\t\t\t\t<\/div>\n\t\t\t\t<\/div>\n\t\t\t\t<div class=\"elementor-element elementor-element-2f26ddec elementor-widget elementor-widget-text-editor\" data-id=\"2f26ddec\" data-element_type=\"widget\" data-e-type=\"widget\" data-widget_type=\"text-editor.default\">\n\t\t\t\t<div class=\"elementor-widget-container\">\n\t\t\t\t\t\t\t\t\t<p>A terapia intravenosa fornece a forma l\u00edquida mais pura de vitaminas e minerais. A administra\u00e7\u00e3o intravenosa de vitaminas aumenta a absor\u00e7\u00e3o e a biodisponibilidade dessas vitaminas no organismo. Quando ingerimos suplementos, absorvemos apenas 20% a 40% ap\u00f3s a filtragem pelo sistema digestivo. Esses suplementos frequentemente entram em conflito com outros alimentos em nossa dieta, anulando sua a\u00e7\u00e3o ou diminuindo sua absor\u00e7\u00e3o.<\/p>\t\t\t\t\t\t\t\t<\/div>\n\t\t\t\t<\/div>\n\t\t\t\t<div class=\"elementor-element elementor-element-500d8152 elementor-widget elementor-widget-button\" data-id=\"500d8152\" data-element_type=\"widget\" data-e-type=\"widget\" data-widget_type=\"button.default\">\n\t\t\t\t<div class=\"elementor-widget-container\">\n\t\t\t\t\t\t\t\t\t<div class=\"elementor-button-wrapper\">\n\t\t\t\t\t<a class=\"elementor-button elementor-button-link elementor-size-sm\" href=\"https:\/\/peleaesthetics.janeapp.com\/#\/vitamins\" target=\"_blank\">\n\t\t\t\t\t\t<span class=\"elementor-button-content-wrapper\">\n\t\t\t\t\t\t\t\t\t<span class=\"elementor-button-text\">Pre\u00e7os<\/span>\n\t\t\t\t\t<\/span>\n\t\t\t\t\t<\/a>\n\t\t\t\t<\/div>\n\t\t\t\t\t\t\t\t<\/div>\n\t\t\t\t<\/div>\n\t\t\t\t<\/div>\n\t\t\t\t<\/div>\n\t\t<div class=\"elementor-element elementor-element-1d2b944 e-con-full e-flex e-con e-child\" data-id=\"1d2b944\" data-element_type=\"container\" data-e-type=\"container\">\n\t\t\t\t<div class=\"elementor-element elementor-element-117be6cd elementor-widget elementor-widget-text-editor\" data-id=\"117be6cd\" data-element_type=\"widget\" data-e-type=\"widget\" data-widget_type=\"text-editor.default\">\n\t\t\t\t<div class=\"elementor-widget-container\">\n\t\t\t\t\t\t\t\t\t<p>A terapia intravenosa pode ajudar pacientes com defici\u00eancia de vitaminas, desequil\u00edbrio nutricional e fadiga. Constatamos que nossos clientes buscam a terapia intravenosa de vitaminas como forma de recupera\u00e7\u00e3o ap\u00f3s um resfriado, gripe ou uma longa noite fora. A terapia intravenosa \u00e9 uma excelente maneira de as pessoas se sentirem melhor ou tratarem doen\u00e7as espec\u00edficas sem o uso de medicamentos de venda livre ou prescritos. Adicionar a terapia intravenosa \u00e0 sua rotina de autocuidado tamb\u00e9m pode ser uma forma de preven\u00e7\u00e3o \u00e0 sa\u00fade.<\/p><p>A terapia intravenosa n\u00e3o se destina a diagnosticar, tratar, curar ou prevenir qualquer doen\u00e7a e destina-se apenas a adultos saud\u00e1veis. A terapia intravenosa de bem-estar n\u00e3o \u00e9 aprovada pela FDA e n\u00e3o \u00e9 coberta por planos de sa\u00fade.<\/p><p>Se voc\u00ea estiver na \u00e1rea de Marietta, n\u00e3o muito longe de Atlanta, venha nos visitar.<\/p>\t\t\t\t\t\t\t\t<\/div>\n\t\t\t\t<\/div>\n\t\t\t\t<div class=\"elementor-element elementor-element-65c11980 elementor-widget elementor-widget-heading\" data-id=\"65c11980\" data-element_type=\"widget\" data-e-type=\"widget\" data-widget_type=\"heading.default\">\n\t\t\t\t<div class=\"elementor-widget-container\">\n\t\t\t\t\t<h4 class=\"elementor-heading-title elementor-size-default\">Coquetel de Meyer<\/h4>\t\t\t\t<\/div>\n\t\t\t\t<\/div>\n\t\t\t\t<div class=\"elementor-element elementor-element-1869a2d5 elementor-widget elementor-widget-text-editor\" data-id=\"1869a2d5\" data-element_type=\"widget\" data-e-type=\"widget\" data-widget_type=\"text-editor.default\">\n\t\t\t\t<div class=\"elementor-widget-container\">\n\t\t\t\t\t\t\t\t\t<p>\"O padr\u00e3o ouro\" para o bem-estar geral. O Dr. Myers desenvolveu este coquetel de nutrientes para aliviar diversas condi\u00e7\u00f5es m\u00e9dicas, incluindo depress\u00e3o, asma, enxaquecas, fibromialgia, espasmos musculares, fadiga e muitos outros dist\u00farbios.<\/p><p>Ingredientes: Magn\u00e9sio, B1, B2, B3, B5, B6, B12 Metilcobalamina, Gluconato de C\u00e1lcio, \u00c1cido Asc\u00f3rbico<\/p>\t\t\t\t\t\t\t\t<\/div>\n\t\t\t\t<\/div>\n\t\t\t\t<div class=\"elementor-element elementor-element-ee47d0b elementor-widget elementor-widget-heading\" data-id=\"ee47d0b\" data-element_type=\"widget\" data-e-type=\"widget\" data-widget_type=\"heading.default\">\n\t\t\t\t<div class=\"elementor-widget-container\">\n\t\t\t\t\t<h4 class=\"elementor-heading-title elementor-size-default\">Imunidade<\/h4>\t\t\t\t<\/div>\n\t\t\t\t<\/div>\n\t\t\t\t<div class=\"elementor-element elementor-element-802e43b elementor-widget elementor-widget-text-editor\" data-id=\"802e43b\" data-element_type=\"widget\" data-e-type=\"widget\" data-widget_type=\"text-editor.default\">\n\t\t\t\t<div class=\"elementor-widget-container\">\n\t\t\t\t\t\t\t\t\t<p>Fortale\u00e7a seu sistema imunol\u00f3gico e sinta-se melhor mais r\u00e1pido. Sentindo-se mal? Esta alta dose de vitamina C vai te dar um empurr\u00e3ozinho! Ela auxilia na desintoxica\u00e7\u00e3o e protege contra pat\u00f3genos por meio da estimula\u00e7\u00e3o da produ\u00e7\u00e3o de per\u00f3xido de hidrog\u00eanio.<\/p><p>Ingredientes: \u00c1cido Asc\u00f3rbico, B1, B3, B2, B5 e B6, Zinco, Mangan\u00eas, Cobre, Sel\u00eanio<\/p>\t\t\t\t\t\t\t\t<\/div>\n\t\t\t\t<\/div>\n\t\t\t\t<div class=\"elementor-element elementor-element-6564608 elementor-widget elementor-widget-heading\" data-id=\"6564608\" data-element_type=\"widget\" data-e-type=\"widget\" data-widget_type=\"heading.default\">\n\t\t\t\t<div class=\"elementor-widget-container\">\n\t\t\t\t\t<h4 class=\"elementor-heading-title elementor-size-default\">Recupera\u00e7\u00e3o e Desempenho<\/h4>\t\t\t\t<\/div>\n\t\t\t\t<\/div>\n\t\t\t\t<div class=\"elementor-element elementor-element-c67191c elementor-widget elementor-widget-text-editor\" data-id=\"c67191c\" data-element_type=\"widget\" data-e-type=\"widget\" data-widget_type=\"text-editor.default\">\n\t\t\t\t<div class=\"elementor-widget-container\">\n\t\t\t\t\t\t\t\t\t<p>Reduza o tempo de recupera\u00e7\u00e3o e melhore seu desempenho ap\u00f3s o treino.<\/p><p>Ingredientes: \u00c1cido asc\u00f3rbico, B1, B2, B3, B5 e B6, glutamina, arginina, carnitina, magn\u00e9sio, zinco, mangan\u00eas, cobre e sel\u00eanio.<\/p>\t\t\t\t\t\t\t\t<\/div>\n\t\t\t\t<\/div>\n\t\t\t\t<div class=\"elementor-element elementor-element-6b7dd7f2 elementor-widget elementor-widget-heading\" data-id=\"6b7dd7f2\" data-element_type=\"widget\" data-e-type=\"widget\" data-widget_type=\"heading.default\">\n\t\t\t\t<div class=\"elementor-widget-container\">\n\t\t\t\t\t<h4 class=\"elementor-heading-title elementor-size-default\">Saciar<\/h4>\t\t\t\t<\/div>\n\t\t\t\t<\/div>\n\t\t\t\t<div class=\"elementor-element elementor-element-406fb19b elementor-widget elementor-widget-text-editor\" data-id=\"406fb19b\" data-element_type=\"widget\" data-e-type=\"widget\" data-widget_type=\"text-editor.default\">\n\t\t\t\t<div class=\"elementor-widget-container\">\n\t\t\t\t\t\t\t\t\t<p>Combata a fadiga causada pela desidrata\u00e7\u00e3o com este suplemento hidratante de vitaminas e minerais.<\/p><p>Ingredientes: \u00c1cido asc\u00f3rbico, B1, B2, B3, B5 e B6, magn\u00e9sio, zinco, mangan\u00eas, cobre, sel\u00eanio.<\/p>\t\t\t\t\t\t\t\t<\/div>\n\t\t\t\t<\/div>\n\t\t\t\t<div class=\"elementor-element elementor-element-66c4fac1 elementor-widget elementor-widget-heading\" data-id=\"66c4fac1\" data-element_type=\"widget\" data-e-type=\"widget\" data-widget_type=\"heading.default\">\n\t\t\t\t<div class=\"elementor-widget-container\">\n\t\t\t\t\t<h4 class=\"elementor-heading-title elementor-size-default\">Rein\u00edcio<\/h4>\t\t\t\t<\/div>\n\t\t\t\t<\/div>\n\t\t\t\t<div class=\"elementor-element elementor-element-6760adbb elementor-widget elementor-widget-text-editor\" data-id=\"6760adbb\" data-element_type=\"widget\" data-e-type=\"widget\" data-widget_type=\"text-editor.default\">\n\t\t\t\t<div class=\"elementor-widget-container\">\n\t\t\t\t\t\t\t\t\t<p>Combata os sintomas da ressaca, como n\u00e1useas, fadiga e desidrata\u00e7\u00e3o, reabastecendo seu corpo com vitaminas importantes para a recupera\u00e7\u00e3o.<\/p><p>Ingredientes: B1 e B3, B2, B5 e B6, Magn\u00e9sio CL, Zinco, Mangan\u00eas, Cobre, Sel\u00eanio, Ondansetrona<\/p>\t\t\t\t\t\t\t\t<\/div>\n\t\t\t\t<\/div>\n\t\t\t\t<\/div>\n\t\t\t\t\t<\/div>\n\t\t\t\t<\/div>\n\t\t<div class=\"elementor-element elementor-element-16d18faa e-flex e-con-boxed e-con e-parent\" data-id=\"16d18faa\" data-element_type=\"container\" data-e-type=\"container\" data-settings=\"{&quot;background_background&quot;:&quot;classic&quot;}\">\n\t\t\t\t\t<div class=\"e-con-inner\">\n\t\t\t\t<div class=\"elementor-element elementor-element-3c9ee3db elementor-widget elementor-widget-heading\" data-id=\"3c9ee3db\" data-element_type=\"widget\" data-e-type=\"widget\" data-widget_type=\"heading.default\">\n\t\t\t\t<div class=\"elementor-widget-container\">\n\t\t\t\t\t<h2 class=\"elementor-heading-title elementor-size-default\">Agende hoje mesmo sua consulta de terapia intravenosa com o Pele Med Spa em Marietta, GA, alguns quil\u00f4metros ao norte de Atlanta.\n\n<\/h2>\t\t\t\t<\/div>\n\t\t\t\t<\/div>\n\t\t\t\t<div class=\"elementor-element elementor-element-5daeef5a elementor-align-center elementor-widget elementor-widget-button\" data-id=\"5daeef5a\" data-element_type=\"widget\" data-e-type=\"widget\" data-widget_type=\"button.default\">\n\t\t\t\t<div class=\"elementor-widget-container\">\n\t\t\t\t\t\t\t\t\t<div class=\"elementor-button-wrapper\">\n\t\t\t\t\t<a class=\"elementor-button elementor-button-link elementor-size-lg\" href=\"https:\/\/peleaesthetics.janeapp.com\/#\/vitamins\" target=\"_blank\">\n\t\t\t\t\t\t<span class=\"elementor-button-content-wrapper\">\n\t\t\t\t\t\t\t\t\t<span class=\"elementor-button-text\">Pre\u00e7os<\/span>\n\t\t\t\t\t<\/span>\n\t\t\t\t\t<\/a>\n\t\t\t\t<\/div>\n\t\t\t\t\t\t\t\t<\/div>\n\t\t\t\t<\/div>\n\t\t\t\t\t<\/div>\n\t\t\t\t<\/div>\n\t\t\t\t<\/div>","protected":false},"excerpt":{"rendered":"<p>IV Vitamin Therapy IV VITAMIN THERAPY IV therapy gives you the purest liquid form of vitamins and minerals. The administration of vitamins through an IV increases the absorption and bioavailability of these vitamins within your body. When we ingest supplements, we only absorb 20% to 40% after filtering through our digestive system. These supplements often [&hellip;]<\/p>\n","protected":false},"author":1,"featured_media":0,"parent":0,"menu_order":0,"comment_status":"closed","ping_status":"closed","template":"elementor_header_footer","meta":{"footnotes":""},"class_list":["post-56","page","type-page","status-publish","hentry"],"acf":[],"yoast_head":"<!-- This site is optimized with the Yoast SEO plugin v27.4 - https:\/\/yoast.com\/product\/yoast-seo-wordpress\/ -->\n<title>IV Liquid Vitamin Therapy in Marietta | North of Atlanta | Pele Aesthetics<\/title>\n<meta name=\"description\" content=\"Have vitamin deficiency or fatigue? Learn how our IV liquid vitamin therapy treatments in Marietta can help at our North Atlanta medical spa!\" \/>\n<meta name=\"robots\" content=\"index, follow, max-snippet:-1, max-image-preview:large, max-video-preview:-1\" \/>\n<link rel=\"canonical\" href=\"https:\/\/peleaesthetics.com\/pt\/terapia-com-vitaminas-iv\/\" \/>\n<meta property=\"og:locale\" content=\"pt_BR\" \/>\n<meta property=\"og:type\" content=\"article\" \/>\n<meta property=\"og:title\" content=\"IV Liquid Vitamin Therapy in Marietta | North of Atlanta | Pele Aesthetics\" \/>\n<meta property=\"og:description\" content=\"Have vitamin deficiency or fatigue? Learn how our IV liquid vitamin therapy treatments in Marietta can help at our North Atlanta medical spa!\" \/>\n<meta property=\"og:url\" content=\"https:\/\/peleaesthetics.com\/pt\/terapia-com-vitaminas-iv\/\" \/>\n<meta property=\"og:site_name\" content=\"peleaesthetics\" \/>\n<meta property=\"article:modified_time\" content=\"2025-09-15T12:41:18+00:00\" \/>\n<meta property=\"og:image\" content=\"https:\/\/peleaesthetics.com\/wp-content\/uploads\/2024\/03\/vitamin.webp\" \/>\n<meta name=\"twitter:card\" content=\"summary_large_image\" \/>\n<meta name=\"twitter:label1\" content=\"Est. tempo de leitura\" \/>\n\t<meta name=\"twitter:data1\" content=\"2 minutos\" \/>\n<!-- \/ Yoast SEO plugin. -->","yoast_head_json":{"title":"Terapia de Vitaminas Intravenosas em Marietta | Norte de Atlanta | Pele Aesthetics","description":"Est\u00e1 com defici\u00eancia de vitaminas ou fadiga? Saiba como nossos tratamentos de terapia intravenosa de vitaminas em Marietta podem ajudar em nosso spa m\u00e9dico no norte de Atlanta!","robots":{"index":"index","follow":"follow","max-snippet":"max-snippet:-1","max-image-preview":"max-image-preview:large","max-video-preview":"max-video-preview:-1"},"canonical":"https:\/\/peleaesthetics.com\/pt\/terapia-com-vitaminas-iv\/","og_locale":"pt_BR","og_type":"article","og_title":"IV Liquid Vitamin Therapy in Marietta | North of Atlanta | Pele Aesthetics","og_description":"Have vitamin deficiency or fatigue? Learn how our IV liquid vitamin therapy treatments in Marietta can help at our North Atlanta medical spa!","og_url":"https:\/\/peleaesthetics.com\/pt\/terapia-com-vitaminas-iv\/","og_site_name":"peleaesthetics","article_modified_time":"2025-09-15T12:41:18+00:00","og_image":[{"url":"https:\/\/peleaesthetics.com\/wp-content\/uploads\/2024\/03\/vitamin.webp","type":"","width":"","height":""}],"twitter_card":"summary_large_image","twitter_misc":{"Est. tempo de leitura":"2 minutos"},"schema":{"@context":"https:\/\/schema.org","@graph":[{"@type":"WebPage","@id":"https:\/\/peleaesthetics.com\/iv-vitamin-therapy\/","url":"https:\/\/peleaesthetics.com\/iv-vitamin-therapy\/","name":"Terapia de Vitaminas Intravenosas em Marietta | Norte de Atlanta | Pele Aesthetics","isPartOf":{"@id":"https:\/\/peleaesthetics.com\/#website"},"primaryImageOfPage":{"@id":"https:\/\/peleaesthetics.com\/iv-vitamin-therapy\/#primaryimage"},"image":{"@id":"https:\/\/peleaesthetics.com\/iv-vitamin-therapy\/#primaryimage"},"thumbnailUrl":"https:\/\/peleaesthetics.com\/wp-content\/uploads\/2024\/03\/vitamin.webp","datePublished":"2024-03-26T10:12:27+00:00","dateModified":"2025-09-15T12:41:18+00:00","description":"Est\u00e1 com defici\u00eancia de vitaminas ou fadiga? Saiba como nossos tratamentos de terapia intravenosa de vitaminas em Marietta podem ajudar em nosso spa m\u00e9dico no norte de Atlanta!","breadcrumb":{"@id":"https:\/\/peleaesthetics.com\/iv-vitamin-therapy\/#breadcrumb"},"inLanguage":"pt-BR","potentialAction":[{"@type":"ReadAction","target":["https:\/\/peleaesthetics.com\/iv-vitamin-therapy\/"]}]},{"@type":"ImageObject","inLanguage":"pt-BR","@id":"https:\/\/peleaesthetics.com\/iv-vitamin-therapy\/#primaryimage","url":"https:\/\/peleaesthetics.com\/wp-content\/uploads\/2024\/03\/vitamin.webp","contentUrl":"https:\/\/peleaesthetics.com\/wp-content\/uploads\/2024\/03\/vitamin.webp"},{"@type":"BreadcrumbList","@id":"https:\/\/peleaesthetics.com\/iv-vitamin-therapy\/#breadcrumb","itemListElement":[{"@type":"ListItem","position":1,"name":"Home","item":"https:\/\/peleaesthetics.com\/"},{"@type":"ListItem","position":2,"name":"IV Vitamin Therapy"}]},{"@type":"WebSite","@id":"https:\/\/peleaesthetics.com\/#website","url":"https:\/\/peleaesthetics.com\/","name":"peleaesthetics","description":"","publisher":{"@id":"https:\/\/peleaesthetics.com\/#organization"},"potentialAction":[{"@type":"SearchAction","target":{"@type":"EntryPoint","urlTemplate":"https:\/\/peleaesthetics.com\/?s={search_term_string}"},"query-input":{"@type":"PropertyValueSpecification","valueRequired":true,"valueName":"search_term_string"}}],"inLanguage":"pt-BR"},{"@type":"Organization","@id":"https:\/\/peleaesthetics.com\/#organization","name":"peleaesthetics","url":"https:\/\/peleaesthetics.com\/","logo":{"@type":"ImageObject","inLanguage":"pt-BR","@id":"https:\/\/peleaesthetics.com\/#\/schema\/logo\/image\/","url":"https:\/\/peleaesthetics.com\/wp-content\/uploads\/2024\/03\/pele-aesthetics-logo.png","contentUrl":"https:\/\/peleaesthetics.com\/wp-content\/uploads\/2024\/03\/pele-aesthetics-logo.png","width":258,"height":53,"caption":"peleaesthetics"},"image":{"@id":"https:\/\/peleaesthetics.com\/#\/schema\/logo\/image\/"}}]}},"_links":{"self":[{"href":"https:\/\/peleaesthetics.com\/pt\/wp-json\/wp\/v2\/pages\/56","targetHints":{"allow":["GET"]}}],"collection":[{"href":"https:\/\/peleaesthetics.com\/pt\/wp-json\/wp\/v2\/pages"}],"about":[{"href":"https:\/\/peleaesthetics.com\/pt\/wp-json\/wp\/v2\/types\/page"}],"author":[{"embeddable":true,"href":"https:\/\/peleaesthetics.com\/pt\/wp-json\/wp\/v2\/users\/1"}],"replies":[{"embeddable":true,"href":"https:\/\/peleaesthetics.com\/pt\/wp-json\/wp\/v2\/comments?post=56"}],"version-history":[{"count":20,"href":"https:\/\/peleaesthetics.com\/pt\/wp-json\/wp\/v2\/pages\/56\/revisions"}],"predecessor-version":[{"id":1601,"href":"https:\/\/peleaesthetics.com\/pt\/wp-json\/wp\/v2\/pages\/56\/revisions\/1601"}],"wp:attachment":[{"href":"https:\/\/peleaesthetics.com\/pt\/wp-json\/wp\/v2\/media?parent=56"}],"curies":[{"name":"wp","href":"https:\/\/api.w.org\/{rel}","templated":true}]}}