{"id":78,"date":"2024-03-26T10:12:34","date_gmt":"2024-03-26T10:12:34","guid":{"rendered":"http:\/\/peleaesthetics.com\/laser-hair-removal\/"},"modified":"2025-12-19T13:18:38","modified_gmt":"2025-12-19T13:18:38","slug":"depilacao-a-laser","status":"publish","type":"page","link":"https:\/\/peleaesthetics.com\/pt\/laser-hair-removal\/","title":{"rendered":"Depila\u00e7\u00e3o a laser"},"content":{"rendered":"<div data-elementor-type=\"wp-page\" data-elementor-id=\"78\" class=\"elementor elementor-78\" data-elementor-post-type=\"page\">\n\t\t\t\t<div class=\"elementor-element elementor-element-193d48ac e-flex e-con-boxed e-con e-parent\" data-id=\"193d48ac\" data-element_type=\"container\" data-e-type=\"container\" data-settings=\"{&quot;background_background&quot;:&quot;classic&quot;}\">\n\t\t\t\t\t<div class=\"e-con-inner\">\n\t\t<div class=\"elementor-element elementor-element-139e5a1a e-con-full e-flex e-con e-child\" data-id=\"139e5a1a\" data-element_type=\"container\" data-e-type=\"container\">\n\t\t<div class=\"elementor-element elementor-element-268cbba3 e-con-full e-flex e-con e-child\" data-id=\"268cbba3\" data-element_type=\"container\" data-e-type=\"container\">\n\t\t\t\t<div class=\"elementor-element elementor-element-69397d4d elementor-widget elementor-widget-heading\" data-id=\"69397d4d\" data-element_type=\"widget\" data-e-type=\"widget\" data-widget_type=\"heading.default\">\n\t\t\t\t<div class=\"elementor-widget-container\">\n\t\t\t\t\t<h1 class=\"elementor-heading-title elementor-size-default\">Tratamento de depila\u00e7\u00e3o a laser<\/h1>\t\t\t\t<\/div>\n\t\t\t\t<\/div>\n\t\t\t\t<\/div>\n\t\t\t\t<\/div>\n\t\t\t\t\t<\/div>\n\t\t\t\t<\/div>\n\t\t<div class=\"elementor-element elementor-element-1134c7c9 e-flex e-con-boxed e-con e-parent\" data-id=\"1134c7c9\" data-element_type=\"container\" data-e-type=\"container\" data-settings=\"{&quot;background_background&quot;:&quot;classic&quot;}\">\n\t\t\t\t\t<div class=\"e-con-inner\">\n\t\t<div class=\"elementor-element elementor-element-75cde3c1 e-con-full e-flex e-con e-child\" data-id=\"75cde3c1\" data-element_type=\"container\" data-e-type=\"container\">\n\t\t<div class=\"elementor-element elementor-element-7bf55e79 e-con-full e-flex e-con e-child\" data-id=\"7bf55e79\" data-element_type=\"container\" data-e-type=\"container\">\n\t\t\t\t<div class=\"elementor-element elementor-element-9292828 elementor-widget elementor-widget-image\" data-id=\"9292828\" data-element_type=\"widget\" data-e-type=\"widget\" data-widget_type=\"image.default\">\n\t\t\t\t<div class=\"elementor-widget-container\">\n\t\t\t\t\t\t\t\t\t\t\t\t\t\t\t<img fetchpriority=\"high\" decoding=\"async\" width=\"1920\" height=\"1080\" src=\"https:\/\/peleaesthetics.com\/wp-content\/uploads\/2024\/03\/laser-graphics-01.webp\" class=\"attachment-full size-full wp-image-80\" alt=\"\" \/>\t\t\t\t\t\t\t\t\t\t\t\t\t\t\t<\/div>\n\t\t\t\t<\/div>\n\t\t\t\t<\/div>\n\t\t<div class=\"elementor-element elementor-element-2610987e e-con-full e-flex e-con e-child\" data-id=\"2610987e\" data-element_type=\"container\" data-e-type=\"container\">\n\t\t\t\t<div class=\"elementor-element elementor-element-3ec13708 elementor-widget elementor-widget-heading\" data-id=\"3ec13708\" data-element_type=\"widget\" data-e-type=\"widget\" data-widget_type=\"heading.default\">\n\t\t\t\t<div class=\"elementor-widget-container\">\n\t\t\t\t\t<h2 class=\"elementor-heading-title elementor-size-default\">O que \u00e9 depila\u00e7\u00e3o a laser?<\/h2>\t\t\t\t<\/div>\n\t\t\t\t<\/div>\n\t\t\t\t<div class=\"elementor-element elementor-element-263a4a9d elementor-widget elementor-widget-text-editor\" data-id=\"263a4a9d\" data-element_type=\"widget\" data-e-type=\"widget\" data-widget_type=\"text-editor.default\">\n\t\t\t\t<div class=\"elementor-widget-container\">\n\t\t\t\t\t\t\t\t\t<p>A depila\u00e7\u00e3o \u00e9 uma solu\u00e7\u00e3o conveniente para a remo\u00e7\u00e3o a longo prazo de pelos no rosto e no corpo. Os locais de tratamento comumente solicitados incluem as pernas, as costas, os bra\u00e7os, o rosto, as axilas, o biqu\u00edni e as \u00e1reas brasileiras. O Dr. Figa, da Pele Aesthetics, realiza tratamentos seguros e eficazes de depila\u00e7\u00e3o a laser para homens e mulheres em nosso spa m\u00e9dico em Marietta, ao norte da \u00e1rea de Atlanta. Clique no bot\u00e3o \u201cBOOK NOW\u201d para agendar uma consulta conosco!<\/p>\t\t\t\t\t\t\t\t<\/div>\n\t\t\t\t<\/div>\n\t\t\t\t<div class=\"elementor-element elementor-element-ba8affb elementor-widget elementor-widget-button\" data-id=\"ba8affb\" data-element_type=\"widget\" data-e-type=\"widget\" data-widget_type=\"button.default\">\n\t\t\t\t<div class=\"elementor-widget-container\">\n\t\t\t\t\t\t\t\t\t<div class=\"elementor-button-wrapper\">\n\t\t\t\t\t<a class=\"elementor-button elementor-button-link elementor-size-sm\" href=\"https:\/\/peleaesthetics.janeapp.com\/#\/laser-hair-removal\" target=\"_blank\">\n\t\t\t\t\t\t<span class=\"elementor-button-content-wrapper\">\n\t\t\t\t\t\t\t\t\t<span class=\"elementor-button-text\">Pre\u00e7os<\/span>\n\t\t\t\t\t<\/span>\n\t\t\t\t\t<\/a>\n\t\t\t\t<\/div>\n\t\t\t\t\t\t\t\t<\/div>\n\t\t\t\t<\/div>\n\t\t\t\t<\/div>\n\t\t\t\t<\/div>\n\t\t<div class=\"elementor-element elementor-element-66f78aaa e-con-full e-flex e-con e-child\" data-id=\"66f78aaa\" data-element_type=\"container\" data-e-type=\"container\">\n\t\t\t\t<div class=\"elementor-element elementor-element-1247ca8f elementor-widget elementor-widget-heading\" data-id=\"1247ca8f\" data-element_type=\"widget\" data-e-type=\"widget\" data-widget_type=\"heading.default\">\n\t\t\t\t<div class=\"elementor-widget-container\">\n\t\t\t\t\t<h2 class=\"elementor-heading-title elementor-size-default\">PERGUNTAS FREQUENTES SOBRE DEPILA\u00c7\u00c3O A LASER\n<\/h2>\t\t\t\t<\/div>\n\t\t\t\t<\/div>\n\t\t\t\t<div class=\"elementor-element elementor-element-4e75d948 elementor-widget-divider--separator-type-pattern elementor-widget-divider--no-spacing elementor-widget-divider--view-line elementor-widget elementor-widget-divider\" data-id=\"4e75d948\" data-element_type=\"widget\" data-e-type=\"widget\" data-widget_type=\"divider.default\">\n\t\t\t\t<div class=\"elementor-widget-container\">\n\t\t\t\t\t\t\t<div class=\"elementor-divider\" style=\"--divider-pattern-url: url(&quot;data:image\/svg+xml,%3Csvg xmlns=&#039;http:\/\/www.w3.org\/2000\/svg&#039; preserveAspectRatio=&#039;none&#039; overflow=&#039;visible&#039; height=&#039;100%&#039; viewBox=&#039;0 0 24 24&#039; fill=&#039;black&#039; stroke=&#039;none&#039;%3E%3Cpath d=&#039;M24,8v12H0V8H24z M24,4v1H0V4H24z&#039;\/%3E%3C\/svg%3E&quot;);\">\n\t\t\t<span class=\"elementor-divider-separator\">\n\t\t\t\t\t\t<\/span>\n\t\t<\/div>\n\t\t\t\t\t\t<\/div>\n\t\t\t\t<\/div>\n\t\t\t\t<div class=\"elementor-element elementor-element-4d3c9b61 elementor-widget elementor-widget-heading\" data-id=\"4d3c9b61\" data-element_type=\"widget\" data-e-type=\"widget\" data-widget_type=\"heading.default\">\n\t\t\t\t<div class=\"elementor-widget-container\">\n\t\t\t\t\t<h4 class=\"elementor-heading-title elementor-size-default\">O que \u00e9 Soprano\u00ae ICE ou Soprano ICE Platinum?<\/h4>\t\t\t\t<\/div>\n\t\t\t\t<\/div>\n\t\t\t\t<div class=\"elementor-element elementor-element-235f6850 elementor-widget elementor-widget-text-editor\" data-id=\"235f6850\" data-element_type=\"widget\" data-e-type=\"widget\" data-widget_type=\"text-editor.default\">\n\t\t\t\t<div class=\"elementor-widget-container\">\n\t\t\t\t\t\t\t\t\t<p>Utilizar o Soprano\u00ae ICE ou o Soprano ICE Platinum pode deixar a pele com uma apar\u00eancia e sensa\u00e7\u00e3o mais suaves, proporcionando resultados excelentes e duradouros em compara\u00e7\u00e3o com outros tratamentos de depila\u00e7\u00e3o a laser. O Soprano ICE \u00e9 aprovado pela FDA para diversos tipos de pele, pode ser usado em diversos tipos de pelos e pacientes, e utiliza tecnologia multicomprimento de onda e um sistema de resfriamento de \u00faltima gera\u00e7\u00e3o para melhores resultados. O dispositivo Soprano ICE Platinum utiliza tr\u00eas configura\u00e7\u00f5es de comprimento de onda do laser para tons de pele mais escuros, diferentes tipos e cores de pelos e penetra\u00e7\u00e3o mais profunda.<\/p>\t\t\t\t\t\t\t\t<\/div>\n\t\t\t\t<\/div>\n\t\t\t\t<div class=\"elementor-element elementor-element-74bc609f elementor-widget elementor-widget-heading\" data-id=\"74bc609f\" data-element_type=\"widget\" data-e-type=\"widget\" data-widget_type=\"heading.default\">\n\t\t\t\t<div class=\"elementor-widget-container\">\n\t\t\t\t\t<h4 class=\"elementor-heading-title elementor-size-default\">Quanto custa a depila\u00e7\u00e3o a laser?\n<\/h4>\t\t\t\t<\/div>\n\t\t\t\t<\/div>\n\t\t\t\t<div class=\"elementor-element elementor-element-1d49fc2f elementor-widget elementor-widget-text-editor\" data-id=\"1d49fc2f\" data-element_type=\"widget\" data-e-type=\"widget\" data-widget_type=\"text-editor.default\">\n\t\t\t\t<div class=\"elementor-widget-container\">\n\t\t\t\t\t\t\t\t\t<p>O custo da depila\u00e7\u00e3o a laser varia, dependendo do tamanho da \u00e1rea tratada e do n\u00famero de sess\u00f5es necess\u00e1rias. Comparado ao tempo e \u00e0 energia que voc\u00ea gasta com depila\u00e7\u00e3o com cera, l\u00e2mina ou outros m\u00e9todos de depila\u00e7\u00e3o, a depila\u00e7\u00e3o a laser pode economizar tempo, energia e dinheiro a longo prazo. Nossa equipe criar\u00e1 um plano de depila\u00e7\u00e3o personalizado para voc\u00ea, que inclui o n\u00famero total de sess\u00f5es recomendadas e os pre\u00e7os de cada tratamento.<\/p>\t\t\t\t\t\t\t\t<\/div>\n\t\t\t\t<\/div>\n\t\t\t\t<div class=\"elementor-element elementor-element-1bb21053 elementor-widget elementor-widget-heading\" data-id=\"1bb21053\" data-element_type=\"widget\" data-e-type=\"widget\" data-widget_type=\"heading.default\">\n\t\t\t\t<div class=\"elementor-widget-container\">\n\t\t\t\t\t<h4 class=\"elementor-heading-title elementor-size-default\">A depila\u00e7\u00e3o a laser \u00e9 permanente?<\/h4>\t\t\t\t<\/div>\n\t\t\t\t<\/div>\n\t\t\t\t<div class=\"elementor-element elementor-element-1414382 elementor-widget elementor-widget-text-editor\" data-id=\"1414382\" data-element_type=\"widget\" data-e-type=\"widget\" data-widget_type=\"text-editor.default\">\n\t\t\t\t<div class=\"elementor-widget-container\">\n\t\t\t\t\t\t\t\t\t<p>A depila\u00e7\u00e3o a laser \u00e9 um tratamento eficaz para melhorias duradouras. A implementa\u00e7\u00e3o de ponta do laser Soprano ICE proporciona resultados incr\u00edveis para nossos pacientes. Embora voc\u00ea possa desfrutar dos resultados do tratamento de depila\u00e7\u00e3o a laser Soprano ICE por anos, ele \u00e9 tecnicamente semipermanente, pois alguns fol\u00edculos podem n\u00e3o ser afetados. No entanto, os pacientes percebem que a maioria dos seus fol\u00edculos capilares n\u00e3o cresce mais ap\u00f3s a conclus\u00e3o do tratamento a laser e, mesmo que os pelos rebeldes continuem a crescer, eles ser\u00e3o f\u00e1ceis de controlar. Sess\u00f5es adicionais de depila\u00e7\u00e3o a laser tamb\u00e9m podem tratar quaisquer pelos rebeldes ou novos que cresceram.<\/p>\t\t\t\t\t\t\t\t<\/div>\n\t\t\t\t<\/div>\n\t\t\t\t<div class=\"elementor-element elementor-element-7569b245 elementor-widget elementor-widget-heading\" data-id=\"7569b245\" data-element_type=\"widget\" data-e-type=\"widget\" data-widget_type=\"heading.default\">\n\t\t\t\t<div class=\"elementor-widget-container\">\n\t\t\t\t\t<h4 class=\"elementor-heading-title elementor-size-default\">Por que preciso de v\u00e1rias sess\u00f5es de depila\u00e7\u00e3o a laser?<\/h4>\t\t\t\t<\/div>\n\t\t\t\t<\/div>\n\t\t\t\t<div class=\"elementor-element elementor-element-52a90515 elementor-widget elementor-widget-text-editor\" data-id=\"52a90515\" data-element_type=\"widget\" data-e-type=\"widget\" data-widget_type=\"text-editor.default\">\n\t\t\t\t<div class=\"elementor-widget-container\">\n\t\t\t\t\t\t\t\t\t<p>Os fol\u00edculos crescem em fases. Enquanto alguns fol\u00edculos capilares est\u00e3o crescendo, outros est\u00e3o dormentes. Como cada fol\u00edculo capilar cresce em um est\u00e1gio diferente, geralmente s\u00e3o recomendadas v\u00e1rias sess\u00f5es de tratamento para cada fol\u00edculo em fase de crescimento. Distribuir as sess\u00f5es ao longo de v\u00e1rias semanas ajuda a obter os resultados mais eficazes e uma pele sedosa.<\/p>\t\t\t\t\t\t\t\t<\/div>\n\t\t\t\t<\/div>\n\t\t\t\t<div class=\"elementor-element elementor-element-38f602ef elementor-widget elementor-widget-heading\" data-id=\"38f602ef\" data-element_type=\"widget\" data-e-type=\"widget\" data-widget_type=\"heading.default\">\n\t\t\t\t<div class=\"elementor-widget-container\">\n\t\t\t\t\t<h4 class=\"elementor-heading-title elementor-size-default\">A depila\u00e7\u00e3o a laser d\u00f3i?<\/h4>\t\t\t\t<\/div>\n\t\t\t\t<\/div>\n\t\t\t\t<div class=\"elementor-element elementor-element-290da7d1 elementor-widget elementor-widget-text-editor\" data-id=\"290da7d1\" data-element_type=\"widget\" data-e-type=\"widget\" data-widget_type=\"text-editor.default\">\n\t\t\t\t<div class=\"elementor-widget-container\">\n\t\t\t\t\t\t\t\t\t<p>A depila\u00e7\u00e3o a laser pode causar um pequeno desconforto, mas n\u00e3o \u00e9 considerada dolorosa. Voc\u00ea sentir\u00e1 uma leve ard\u00eancia enquanto o laser atinge cada fol\u00edculo piloso. A ponta fria de safira do sistema Soprano ICE ajudar\u00e1 o paciente a se sentir confort\u00e1vel durante o tratamento. No entanto, podemos usar uma pomada anest\u00e9sica na superf\u00edcie da pele antes do in\u00edcio do tratamento para maior conforto. Pacientes que usaram cera para remover os pelos relataram que o tratamento a laser causa muito menos desconforto do que uma sess\u00e3o de depila\u00e7\u00e3o normal.<\/p>\t\t\t\t\t\t\t\t<\/div>\n\t\t\t\t<\/div>\n\t\t\t\t<\/div>\n\t\t\t\t\t<\/div>\n\t\t\t\t<\/div>\n\t\t<div class=\"elementor-element elementor-element-550d2561 e-flex e-con-boxed e-con e-parent\" data-id=\"550d2561\" data-element_type=\"container\" data-e-type=\"container\" data-settings=\"{&quot;background_background&quot;:&quot;classic&quot;}\">\n\t\t\t\t\t<div class=\"e-con-inner\">\n\t\t\t\t<div class=\"elementor-element elementor-element-70aedd50 elementor-widget elementor-widget-heading\" data-id=\"70aedd50\" data-element_type=\"widget\" data-e-type=\"widget\" data-widget_type=\"heading.default\">\n\t\t\t\t<div class=\"elementor-widget-container\">\n\t\t\t\t\t<h2 class=\"elementor-heading-title elementor-size-default\">TRATAMENTO DE DEPILA\u00c7\u00c3O A LASER\n\n\n<\/h2>\t\t\t\t<\/div>\n\t\t\t\t<\/div>\n\t\t\t\t<div class=\"elementor-element elementor-element-3520d857 elementor-align-center elementor-widget elementor-widget-button\" data-id=\"3520d857\" data-element_type=\"widget\" data-e-type=\"widget\" data-widget_type=\"button.default\">\n\t\t\t\t<div class=\"elementor-widget-container\">\n\t\t\t\t\t\t\t\t\t<div class=\"elementor-button-wrapper\">\n\t\t\t\t\t<a class=\"elementor-button elementor-button-link elementor-size-lg\" href=\"https:\/\/peleaesthetics.janeapp.com\/#\/laser-hair-removal\" target=\"_blank\">\n\t\t\t\t\t\t<span class=\"elementor-button-content-wrapper\">\n\t\t\t\t\t\t\t\t\t<span class=\"elementor-button-text\">Pre\u00e7os<\/span>\n\t\t\t\t\t<\/span>\n\t\t\t\t\t<\/a>\n\t\t\t\t<\/div>\n\t\t\t\t\t\t\t\t<\/div>\n\t\t\t\t<\/div>\n\t\t\t\t\t<\/div>\n\t\t\t\t<\/div>\n\t\t\t\t<\/div>","protected":false},"excerpt":{"rendered":"<p>Laser Hair Removal Treatment What Is Laser Hair Removal? Hair removal is a convenient solution for the long-term removal of hair on both the face and body. Commonly requested treatment sites include the legs, back, arms, face, armpits, bikini, and brazilian areas. Dr. Figa at Pele Aesthetics performs safe and effective laser hair removal treatments [&hellip;]<\/p>\n","protected":false},"author":1,"featured_media":0,"parent":0,"menu_order":0,"comment_status":"closed","ping_status":"closed","template":"elementor_header_footer","meta":{"_acf_changed":false,"footnotes":""},"class_list":["post-78","page","type-page","status-publish","hentry"],"acf":[],"yoast_head":"<!-- This site is optimized with the Yoast SEO plugin v27.5 - https:\/\/yoast.com\/product\/yoast-seo-wordpress\/ -->\n<title>Laser Hair Removal Treatment Marietta | North of Atlanta | Pele Aesthetics<\/title>\n<meta name=\"description\" content=\"Offering laser hair removal treatment in Marietta! Learn about the Soprano Ice Platinum hair removal system at our North Atlanta Medical Spa.\" \/>\n<meta name=\"robots\" content=\"index, follow, max-snippet:-1, max-image-preview:large, max-video-preview:-1\" \/>\n<link rel=\"canonical\" href=\"https:\/\/peleaesthetics.com\/pt\/depilacao-a-laser\/\" \/>\n<meta property=\"og:locale\" content=\"pt_BR\" \/>\n<meta property=\"og:type\" content=\"article\" \/>\n<meta property=\"og:title\" content=\"Laser Hair Removal Treatment Marietta | North of Atlanta | Pele Aesthetics\" \/>\n<meta property=\"og:description\" content=\"Offering laser hair removal treatment in Marietta! Learn about the Soprano Ice Platinum hair removal system at our North Atlanta Medical Spa.\" \/>\n<meta property=\"og:url\" content=\"https:\/\/peleaesthetics.com\/pt\/depilacao-a-laser\/\" \/>\n<meta property=\"og:site_name\" content=\"peleaesthetics\" \/>\n<meta property=\"article:modified_time\" content=\"2025-12-19T13:18:38+00:00\" \/>\n<meta property=\"og:image\" content=\"https:\/\/peleaesthetics.com\/wp-content\/uploads\/2024\/03\/laser-graphics-01.webp\" \/>\n<meta name=\"twitter:card\" content=\"summary_large_image\" \/>\n<meta name=\"twitter:label1\" content=\"Est. tempo de leitura\" \/>\n\t<meta name=\"twitter:data1\" content=\"3 minutos\" \/>\n<!-- \/ Yoast SEO plugin. -->","yoast_head_json":{"title":"Depila\u00e7\u00e3o a Laser em Marietta | Norte de Atlanta | Pele Aesthetics","description":"Oferecemos tratamento de depila\u00e7\u00e3o a laser em Marietta! Conhe\u00e7a o sistema de remo\u00e7\u00e3o de pelos Soprano Ice Platinum em nosso spa m\u00e9dico no norte de Atlanta.","robots":{"index":"index","follow":"follow","max-snippet":"max-snippet:-1","max-image-preview":"max-image-preview:large","max-video-preview":"max-video-preview:-1"},"canonical":"https:\/\/peleaesthetics.com\/pt\/depilacao-a-laser\/","og_locale":"pt_BR","og_type":"article","og_title":"Laser Hair Removal Treatment Marietta | North of Atlanta | Pele Aesthetics","og_description":"Offering laser hair removal treatment in Marietta! Learn about the Soprano Ice Platinum hair removal system at our North Atlanta Medical Spa.","og_url":"https:\/\/peleaesthetics.com\/pt\/depilacao-a-laser\/","og_site_name":"peleaesthetics","article_modified_time":"2025-12-19T13:18:38+00:00","og_image":[{"url":"https:\/\/peleaesthetics.com\/wp-content\/uploads\/2024\/03\/laser-graphics-01.webp","type":"","width":"","height":""}],"twitter_card":"summary_large_image","twitter_misc":{"Est. tempo de leitura":"3 minutos"},"schema":{"@context":"https:\/\/schema.org","@graph":[{"@type":"WebPage","@id":"https:\/\/peleaesthetics.com\/pt\/depilacao-a-laser\/","url":"https:\/\/peleaesthetics.com\/pt\/depilacao-a-laser\/","name":"Depila\u00e7\u00e3o a Laser em Marietta | Norte de Atlanta | Pele Aesthetics","isPartOf":{"@id":"http:\/\/peleaesthetics.com\/#website"},"primaryImageOfPage":{"@id":"https:\/\/peleaesthetics.com\/pt\/depilacao-a-laser\/#primaryimage"},"image":{"@id":"https:\/\/peleaesthetics.com\/pt\/depilacao-a-laser\/#primaryimage"},"thumbnailUrl":"https:\/\/peleaesthetics.com\/wp-content\/uploads\/2024\/03\/laser-graphics-01.webp","datePublished":"2024-03-26T10:12:34+00:00","dateModified":"2025-12-19T13:18:38+00:00","description":"Oferecemos tratamento de depila\u00e7\u00e3o a laser em Marietta! Conhe\u00e7a o sistema de remo\u00e7\u00e3o de pelos Soprano Ice Platinum em nosso spa m\u00e9dico no norte de Atlanta.","breadcrumb":{"@id":"https:\/\/peleaesthetics.com\/pt\/depilacao-a-laser\/#breadcrumb"},"inLanguage":"pt-BR","potentialAction":[{"@type":"ReadAction","target":["https:\/\/peleaesthetics.com\/pt\/depilacao-a-laser\/"]}]},{"@type":"ImageObject","inLanguage":"pt-BR","@id":"https:\/\/peleaesthetics.com\/pt\/depilacao-a-laser\/#primaryimage","url":"https:\/\/peleaesthetics.com\/wp-content\/uploads\/2024\/03\/laser-graphics-01.webp","contentUrl":"https:\/\/peleaesthetics.com\/wp-content\/uploads\/2024\/03\/laser-graphics-01.webp"},{"@type":"BreadcrumbList","@id":"https:\/\/peleaesthetics.com\/pt\/depilacao-a-laser\/#breadcrumb","itemListElement":[{"@type":"ListItem","position":1,"name":"Home","item":"https:\/\/peleaesthetics.com\/"},{"@type":"ListItem","position":2,"name":"Laser Hair removal"}]},{"@type":"WebSite","@id":"http:\/\/peleaesthetics.com\/#website","url":"http:\/\/peleaesthetics.com\/","name":"peleaesthetics","description":"","publisher":{"@id":"http:\/\/peleaesthetics.com\/#organization"},"potentialAction":[{"@type":"SearchAction","target":{"@type":"EntryPoint","urlTemplate":"http:\/\/peleaesthetics.com\/?s={search_term_string}"},"query-input":{"@type":"PropertyValueSpecification","valueRequired":true,"valueName":"search_term_string"}}],"inLanguage":"pt-BR"},{"@type":"Organization","@id":"http:\/\/peleaesthetics.com\/#organization","name":"peleaesthetics","url":"http:\/\/peleaesthetics.com\/","logo":{"@type":"ImageObject","inLanguage":"pt-BR","@id":"http:\/\/peleaesthetics.com\/#\/schema\/logo\/image\/","url":"https:\/\/peleaesthetics.com\/wp-content\/uploads\/2024\/03\/pele-aesthetics-logo.png","contentUrl":"https:\/\/peleaesthetics.com\/wp-content\/uploads\/2024\/03\/pele-aesthetics-logo.png","width":258,"height":53,"caption":"peleaesthetics"},"image":{"@id":"http:\/\/peleaesthetics.com\/#\/schema\/logo\/image\/"}}]}},"_links":{"self":[{"href":"https:\/\/peleaesthetics.com\/pt\/wp-json\/wp\/v2\/pages\/78","targetHints":{"allow":["GET"]}}],"collection":[{"href":"https:\/\/peleaesthetics.com\/pt\/wp-json\/wp\/v2\/pages"}],"about":[{"href":"https:\/\/peleaesthetics.com\/pt\/wp-json\/wp\/v2\/types\/page"}],"author":[{"embeddable":true,"href":"https:\/\/peleaesthetics.com\/pt\/wp-json\/wp\/v2\/users\/1"}],"replies":[{"embeddable":true,"href":"https:\/\/peleaesthetics.com\/pt\/wp-json\/wp\/v2\/comments?post=78"}],"version-history":[{"count":26,"href":"https:\/\/peleaesthetics.com\/pt\/wp-json\/wp\/v2\/pages\/78\/revisions"}],"predecessor-version":[{"id":1778,"href":"https:\/\/peleaesthetics.com\/pt\/wp-json\/wp\/v2\/pages\/78\/revisions\/1778"}],"wp:attachment":[{"href":"https:\/\/peleaesthetics.com\/pt\/wp-json\/wp\/v2\/media?parent=78"}],"curies":[{"name":"wp","href":"https:\/\/api.w.org\/{rel}","templated":true}]}}